{"id":87,"date":"2014-04-04T09:35:42","date_gmt":"2014-04-04T09:35:42","guid":{"rendered":"http:\/\/tauffer.hu\/?page_id=87"},"modified":"2014-04-09T10:33:20","modified_gmt":"2014-04-09T10:33:20","slug":"tauffer-vilmos-munkassaga","status":"publish","type":"page","link":"https:\/\/tauffer.hu\/?page_id=87","title":{"rendered":"Tauffer Vilmos munk\u00e1ss\u00e1ga"},"content":{"rendered":"<p style=\"text-align: justify;\">Tauffer Vilmos sz\u00fcl\u00e9sz, n\u0151gy\u00f3gy\u00e1sz, egyetemi tan\u00e1r 1851-ben Kolozsv\u00e1ron sz\u00fcletett. Orvosi tanulm\u00e1nyait r\u00e9szben a pesti, r\u00e9szben a b\u00e9csi egyetemen v\u00e9gezte. 1874-ben Budapesten orvosdoktorr\u00e1 avatt\u00e1k \u00e9s m\u00e9g ugyanezen \u00e9vben a sz\u00fcl\u00e9szeti tansz\u00e9k mell\u00e9 gyakornokk\u00e1 nevezt\u00e9k ki. A k\u00f6vetkez\u0151 \u00e9vben egyetemi \u00f6szt\u00f6nd\u00edjjal k\u00fclf\u00f6ldre utazott. R\u00f6videsen a freiburgi egyetem sz\u00fcl\u00e9szeti klinik\u00e1j\u00e1n tan\u00e1rseg\u00e9d lett \u00e9s ezen min\u0151s\u00e9g\u00e9ben k\u00e9t \u00e9vig m\u0171k\u00f6d\u00f6tt. Id\u0151k\u00f6zben beutazta Anglia, Franciaorsz\u00e1g \u00e9s Sv\u00e1jc nevezetesebb egyetemi v\u00e1rosait. 1878-ban a boszniai mozg\u00f3s\u00edt\u00e1s miatt haza kellett t\u00e9rnie. Az okkup\u00e1ci\u00f3 ut\u00e1n a budapesti egyetem sz\u00fcl\u00e9szeti klinik\u00e1j\u00e1n lett els\u0151 tan\u00e1rseg\u00e9d \u00e9s m\u00e9g ugyanezen \u00e9vben mag\u00e1ntan\u00e1r. 1881-ben, amikor a m\u00e1sodik sz\u00fcl\u00e9szeti \u00e9s n\u0151gy\u00f3gy\u00e1szati tansz\u00e9ket tervezt\u00e9k, \u0151t nevezt\u00e9k ki e tansz\u00e9k rendes tan\u00e1r\u00e1v\u00e1. Rendk\u00edv\u00fcli tagja volt az Orsz\u00e1gos K\u00f6zeg\u00e9szs\u00e9gi Tansz\u00e9k Tan\u00e1cs\u00e1nak, eln\u00f6ke a Magyar Orsz\u00e1gos Balnoel\u00f3giai Egyes\u00fcletnek, tagja t\u00f6bb n\u00e9met tud\u00f3s t\u00e1rsas\u00e1gnak, rendes tagja a sz\u00e9kesf\u0151v\u00e1rosi biizotts\u00e1gnak. 1881 \u00e9s 1918 k\u00f6z\u00f6tt nyilv\u00e1nos rendes tan\u00e1r volt a budapesti II. sz. Sz\u00fcl\u00e9szeti-N\u0151gy\u00f3gy\u00e1szati Klinik\u00e1n. Nagyszab\u00e1s\u00fa irodalmi munk\u00e1ss\u00e1got fejtett ki.<\/p>\n<p style=\"text-align: justify;\">Eredm\u00e9nyei:\u00a0Jelent\u0151s \u00e9rdemei vannak a korszer\u0171 sz\u00fcl\u00e9szeti \u00e9s n\u0151gy\u00f3gy\u00e1szati m\u0171t\u00e9tek, a cs\u00e1sz\u00e1rmetsz\u00e9s, a transzvagin\u00e1lis m\u00e9hr\u00e1km\u0171t\u00e9t, a sugaras m\u00e9hr\u00e1kkezel\u00e9s meghonos\u00edt\u00e1sa ter\u00e9n. Els\u0151k\u00e9nt v\u00e9gezte Magyarorsz\u00e1gon a s\u00e9r\u00fclt ur\u00e9ter varr\u00e1s\u00e1t, epeh\u00f3lyagm\u0171t\u00e9tet \u00e9s vesekiirt\u00e1st. Az operat\u00edv n\u0151gy\u00f3gy\u00e1szat megteremt\u0151je volt Magyarorsz\u00e1gon. Kiterjedt iskol\u00e1t alap\u00edtott, \u00e9vtizedekig a vezet\u0151 sz\u00fcl\u00e9szek tan\u00edtv\u00e1nyai k\u00f6z\u00fcl ker\u00fcltek ki. Megreform\u00e1lta a sz\u00fcl\u00e9szn\u0151k\u00e9pz\u00e9st, kidolgozta a sz\u00fcl\u00e9szeti rendtart\u00e1st.<\/p>\n<p style=\"text-align: justify;\">(Forr\u00e1s: Wikipedia)<\/p>\n","protected":false},"excerpt":{"rendered":"<p>Tauffer Vilmos sz\u00fcl\u00e9sz, n\u0151gy\u00f3gy\u00e1sz, egyetemi tan\u00e1r 1851-ben Kolozsv\u00e1ron sz\u00fcletett. Orvosi tanulm\u00e1nyait r\u00e9szben a pesti, r\u00e9szben a b\u00e9csi egyetemen v\u00e9gezte. 1874-ben Budapesten orvosdoktorr\u00e1 avatt\u00e1k \u00e9s m\u00e9g ugyanezen \u00e9vben a sz\u00fcl\u00e9szeti tansz\u00e9k mell\u00e9 gyakornokk\u00e1 nevezt\u00e9k ki. A k\u00f6vetkez\u0151 \u00e9vben egyetemi \u00f6szt\u00f6nd\u00edjjal k\u00fclf\u00f6ldre &hellip; <a href=\"https:\/\/tauffer.hu\/?page_id=87\">Continue reading <span class=\"meta-nav\">&rarr;<\/span><\/a><\/p>\n","protected":false},"author":1,"featured_media":0,"parent":0,"menu_order":0,"comment_status":"closed","ping_status":"closed","template":"","meta":{"footnotes":""},"class_list":["post-87","page","type-page","status-publish","hentry"],"_links":{"self":[{"href":"https:\/\/tauffer.hu\/index.php?rest_route=\/wp\/v2\/pages\/87","targetHints":{"allow":["GET"]}}],"collection":[{"href":"https:\/\/tauffer.hu\/index.php?rest_route=\/wp\/v2\/pages"}],"about":[{"href":"https:\/\/tauffer.hu\/index.php?rest_route=\/wp\/v2\/types\/page"}],"author":[{"embeddable":true,"href":"https:\/\/tauffer.hu\/index.php?rest_route=\/wp\/v2\/users\/1"}],"replies":[{"embeddable":true,"href":"https:\/\/tauffer.hu\/index.php?rest_route=%2Fwp%2Fv2%2Fcomments&post=87"}],"version-history":[{"count":3,"href":"https:\/\/tauffer.hu\/index.php?rest_route=\/wp\/v2\/pages\/87\/revisions"}],"predecessor-version":[{"id":124,"href":"https:\/\/tauffer.hu\/index.php?rest_route=\/wp\/v2\/pages\/87\/revisions\/124"}],"wp:attachment":[{"href":"https:\/\/tauffer.hu\/index.php?rest_route=%2Fwp%2Fv2%2Fmedia&parent=87"}],"curies":[{"name":"wp","href":"https:\/\/api.w.org\/{rel}","templated":true}]}}