{"id":821,"date":"2017-01-18T16:15:19","date_gmt":"2017-01-18T16:15:19","guid":{"rendered":"http:\/\/tauffer.hu\/?page_id=821"},"modified":"2020-03-03T14:51:15","modified_gmt":"2020-03-03T14:51:15","slug":"tauffer-2016","status":"publish","type":"page","link":"https:\/\/tauffer.hu\/?page_id=821","title":{"rendered":"Tauffer 2016"},"content":{"rendered":"<ul>\n<li><strong><span style=\"color: #339966;\">Tauffer 11\u00a0\u00a0<\/span><\/strong> <a title=\"Tauffer 11\" href=\"http:\/\/tauffer.hu\/?page_id=668\"><strong>A fogamz\u00e1st\u00f3l a sz\u00fcl\u00e9sig<\/strong><\/a><\/li>\n<\/ul>\n<p><span style=\"text-decoration: underline;\">Helysz\u00edn:<\/span> Lurdy Konferencia \u00e9s Rendezv\u00e9ny K\u00f6zpont; <span style=\"text-decoration: underline;\">Id\u0151pont:<\/span> 2016. \u00e1prilis 22.<\/p>\n<ul>\n<li><strong><span style=\"color: #339966;\">Tauffer 12\u00a0<\/span><\/strong> <a title=\"Tauffer 12\" href=\"http:\/\/tauffer.hu\/?page_id=711\"><strong>V\u00e1rand\u00f3sgondoz\u00e1s \u00c9szak-Kelet Magyarorsz\u00e1g 2016.<\/strong><\/a><\/li>\n<\/ul>\n<p><span style=\"text-decoration: underline;\">Helysz\u00edn:<\/span> Debrecen, Grand Hotel Aranybika Bart\u00f3k B\u00e9la Terem; <span style=\"text-decoration: underline;\">Id\u0151pont:<\/span> 2016. szeptember 23.<\/p>\n<ul>\n<li><strong><span style=\"color: #339966;\">Tauffer 13<\/span> <\/strong><a title=\"Tauffer 13\" href=\"http:\/\/tauffer.hu\/?page_id=766\"><strong>V\u00e1rand\u00f3ss\u00e1g, Csal\u00e1d, J\u00f6v\u0151<\/strong><\/a><\/li>\n<\/ul>\n<p><span style=\"text-decoration: underline;\">Helysz\u00edn:<\/span> Budapesti Operettsz\u00ednh\u00e1z; id\u0151pont: 2016. december 16.<\/p>\n<p>&nbsp;<\/p>\n<p>&nbsp;<\/p>\n","protected":false},"excerpt":{"rendered":"<p>Tauffer 11\u00a0\u00a0 A fogamz\u00e1st\u00f3l a sz\u00fcl\u00e9sig Helysz\u00edn: Lurdy Konferencia \u00e9s Rendezv\u00e9ny K\u00f6zpont; Id\u0151pont: 2016. \u00e1prilis 22. Tauffer 12\u00a0 V\u00e1rand\u00f3sgondoz\u00e1s \u00c9szak-Kelet Magyarorsz\u00e1g 2016. Helysz\u00edn: Debrecen, Grand Hotel Aranybika Bart\u00f3k B\u00e9la Terem; Id\u0151pont: 2016. szeptember 23. Tauffer 13 V\u00e1rand\u00f3ss\u00e1g, Csal\u00e1d, J\u00f6v\u0151 Helysz\u00edn: &hellip; <a href=\"https:\/\/tauffer.hu\/?page_id=821\">Continue reading <span class=\"meta-nav\">&rarr;<\/span><\/a><\/p>\n","protected":false},"author":1,"featured_media":0,"parent":0,"menu_order":0,"comment_status":"closed","ping_status":"closed","template":"","meta":{"footnotes":""},"class_list":["post-821","page","type-page","status-publish","hentry"],"_links":{"self":[{"href":"https:\/\/tauffer.hu\/index.php?rest_route=\/wp\/v2\/pages\/821","targetHints":{"allow":["GET"]}}],"collection":[{"href":"https:\/\/tauffer.hu\/index.php?rest_route=\/wp\/v2\/pages"}],"about":[{"href":"https:\/\/tauffer.hu\/index.php?rest_route=\/wp\/v2\/types\/page"}],"author":[{"embeddable":true,"href":"https:\/\/tauffer.hu\/index.php?rest_route=\/wp\/v2\/users\/1"}],"replies":[{"embeddable":true,"href":"https:\/\/tauffer.hu\/index.php?rest_route=%2Fwp%2Fv2%2Fcomments&post=821"}],"version-history":[{"count":5,"href":"https:\/\/tauffer.hu\/index.php?rest_route=\/wp\/v2\/pages\/821\/revisions"}],"predecessor-version":[{"id":1307,"href":"https:\/\/tauffer.hu\/index.php?rest_route=\/wp\/v2\/pages\/821\/revisions\/1307"}],"wp:attachment":[{"href":"https:\/\/tauffer.hu\/index.php?rest_route=%2Fwp%2Fv2%2Fmedia&parent=821"}],"curies":[{"name":"wp","href":"https:\/\/api.w.org\/{rel}","templated":true}]}}