{"id":810,"date":"2017-01-18T15:20:00","date_gmt":"2017-01-18T15:20:00","guid":{"rendered":"http:\/\/tauffer.hu\/?page_id=810"},"modified":"2017-05-09T12:34:24","modified_gmt":"2017-05-09T12:34:24","slug":"tauffer-14","status":"publish","type":"page","link":"https:\/\/tauffer.hu\/?page_id=810","title":{"rendered":"Tauffer 14"},"content":{"rendered":"<p>Tauffer 14. Konferencia<\/p>\n<p><strong>V\u00e1rand\u00f3ss\u00e1g \u00e9s Sz\u00fcl\u00e9s a XXI. sz\u00e1zadban Kreditpont: 20 Nyilv\u00e1ntart\u00e1si sz\u00e1m: SZTK-A-007719\/2017<\/strong><\/p>\n<p>Id\u0151pont: 2017. \u00e1prilis 28. Helysz\u00edn: J\u00f3zsef Attila M\u0171vel\u0151d\u00e9si K\u00f6zpont<\/p>\n<p>Szakmai el\u0151ad\u00f3ink: Prof. Dr. R\u00e1k\u00f3czi Istv\u00e1n, Dr. med. habil Sziller Istv\u00e1n, Dr. Cs\u00e1k\u00e1ny M. Gy\u00f6rgy med. habil., Prof. Dr. T\u00f6r\u00f6k Mikl\u00f3s, Gy\u0151rfi P\u00e1l, Dr. Hajdu Krisztina, Erd\u00e9lyi-Sipos Al\u00edz.<\/p>\n<p><a href=\"http:\/\/tauffer.hu\/wp-content\/uploads\/2017\/01\/Tauffer14_Konferencia_Prog.doc\">Tauffer14_Konferencia_Prog<\/a><\/p>\n<!-- meta slider -->\n<div style=\"width: 100%; margin: 0 auto;\" class=\"metaslider metaslider-flex metaslider-791 ml-slider\">\n    <style type=\"text\/css\">\n        #metaslider_791.flexslider .slides li {margin-right: 5px !important;}\n    <\/style>\n    <div id=\"metaslider_container_791\">\n        <div id=\"metaslider_791\" class=\"flexslider\">\n            <ul class=\"slides\">\n                <li style=\"display: none;\"><a href=\"[metaslider id=791]\" target=\"_self\"><img loading=\"lazy\" decoding=\"async\" src=\"https:\/\/tauffer.hu\/wp-content\/uploads\/2017\/05\/N\u00e9z\u0151t\u00e9r-320x250.jpg\" height=\"250\" width=\"320\" class=\"slider-791 slide-845\" \/><\/a><div class=\"caption-wrap\"><div class=\"caption\">N\u00e9z\u0151t\u00e9r<\/div><\/div><\/li>\n                <li style=\"display: none;\"><a href=\"[metaslider id=791]\" target=\"_self\"><img loading=\"lazy\" decoding=\"async\" src=\"https:\/\/tauffer.hu\/wp-content\/uploads\/2017\/05\/Ki\u00e1ll\u00edt\u00e1s-320x250.jpg\" height=\"250\" width=\"320\" class=\"slider-791 slide-847\" \/><\/a><div class=\"caption-wrap\"><div class=\"caption\">Szakmai ki\u00e1ll\u00edt\u00e1s<\/div><\/div><\/li>\n                <li style=\"display: none;\"><a href=\"[metaslider id=791]\" target=\"_self\"><img loading=\"lazy\" decoding=\"async\" src=\"https:\/\/tauffer.hu\/wp-content\/uploads\/2017\/05\/K\u00e9rd\u00e9sek-V\u00e1laszok-320x250.jpg\" height=\"250\" width=\"320\" class=\"slider-791 slide-848\" \/><\/a><div class=\"caption-wrap\"><div class=\"caption\">K\u00e9rd\u00e9sek-V\u00e1laszok<\/div><\/div><\/li>\n                <li style=\"display: none;\"><a href=\"[metaslider id=791]\" target=\"_self\"><img loading=\"lazy\" decoding=\"async\" src=\"https:\/\/tauffer.hu\/wp-content\/uploads\/2017\/05\/K\u00e9rd\u00e9sek-V\u00e1laszok2-320x250.jpg\" height=\"250\" width=\"320\" class=\"slider-791 slide-849\" \/><\/a><div class=\"caption-wrap\"><div class=\"caption\">K\u00e9rd\u00e9sek-V\u00e1laszok<\/div><\/div><\/li>\n                <li style=\"display: none;\"><a href=\"[metaslider id=791]\" target=\"_self\"><img loading=\"lazy\" decoding=\"async\" src=\"https:\/\/tauffer.hu\/wp-content\/uploads\/2017\/05\/K\u00e9rd\u00e9sek-v\u00e1laszok3-320x250.jpg\" height=\"250\" width=\"320\" class=\"slider-791 slide-850\" \/><\/a><div class=\"caption-wrap\"><div class=\"caption\">K\u00e9rd\u00e9sek-V\u00e1laszok<\/div><\/div><\/li>\n                <li style=\"display: none;\"><a href=\"[metaslider id=791]\" target=\"_self\"><img loading=\"lazy\" decoding=\"async\" src=\"https:\/\/tauffer.hu\/wp-content\/uploads\/2017\/05\/K\u00f6sz\u00f6nt\u0151-320x250.jpg\" height=\"250\" width=\"320\" class=\"slider-791 slide-844\" \/><\/a><div class=\"caption-wrap\"><div class=\"caption\">K\u00f6sz\u00f6nt\u0151<\/div><\/div><\/li>\n                <li style=\"display: none;\"><a href=\"[metaslider id=791]\" target=\"_self\"><img loading=\"lazy\" decoding=\"async\" src=\"https:\/\/tauffer.hu\/wp-content\/uploads\/2017\/05\/Sz\u00fcnetben-320x250.jpg\" height=\"250\" width=\"320\" class=\"slider-791 slide-851\" \/><\/a><div class=\"caption-wrap\"><div class=\"caption\">Sz\u00fcnetben<\/div><\/div><\/li>\n                <li style=\"display: none;\"><a href=\"[metaslider id=791]\" target=\"_self\"><img loading=\"lazy\" decoding=\"async\" src=\"https:\/\/tauffer.hu\/wp-content\/uploads\/2017\/05\/Balett-320x250.jpg\" height=\"250\" width=\"320\" class=\"slider-791 slide-852\" \/><\/a><div class=\"caption-wrap\"><div class=\"caption\">Balett<\/div><\/div><\/li>\n                <li style=\"display: none;\"><a href=\"[metaslider id=791]\" target=\"_self\"><img loading=\"lazy\" decoding=\"async\" src=\"https:\/\/tauffer.hu\/wp-content\/uploads\/2017\/05\/Tombola-f\u0151nyerem\u00e9ny-320x250.jpg\" height=\"250\" width=\"320\" class=\"slider-791 slide-853\" \/><\/a><div class=\"caption-wrap\"><div class=\"caption\">Tombola f\u0151nyerem\u00e9ny<\/div><\/div><\/li>\n                <li style=\"display: none;\"><a href=\"[metaslider id=791]\" target=\"_self\"><img loading=\"lazy\" decoding=\"async\" src=\"https:\/\/tauffer.hu\/wp-content\/uploads\/2017\/05\/Rem\u00e9lj\u00fck-hasznos-volt-320x250.jpg\" height=\"250\" width=\"320\" class=\"slider-791 slide-854\" \/><\/a><div class=\"caption-wrap\"><div class=\"caption\">Rem\u00e9lj\u00fck, hasznos volt!<\/div><\/div><\/li>\n            <\/ul>\n        <\/div>\n        \n    <\/div>\n    <script type=\"text\/javascript\">\n        var metaslider_791 = function($) {\n            $('#metaslider_791').flexslider({ \n                slideshowSpeed:1500,\n                animation:'slide',\n                controlNav:true,\n                directionNav:true,\n                pauseOnHover:true,\n                direction:'horizontal',\n                reverse:false,\n                animationSpeed:1500,\n                prevText:\"<\",\n                nextText:\">\",\n                easing:\"easeInOutSine\",\n                slideshow:false,\n                itemWidth:320,\n                minItems:1,\n                itemMargin:5,\n                useCSS:false\n            });\n        };\n        var timer_metaslider_791 = function() {\n            var slider = !window.jQuery ? window.setTimeout(timer_metaslider_791, 100) : !jQuery.isReady ? window.setTimeout(timer_metaslider_791, 100) : metaslider_791(window.jQuery);\n        };\n        timer_metaslider_791();\n    <\/script>\n<\/div>\n<!--\/\/ meta slider-->\n","protected":false},"excerpt":{"rendered":"<p>Tauffer 14. Konferencia V\u00e1rand\u00f3ss\u00e1g \u00e9s Sz\u00fcl\u00e9s a XXI. sz\u00e1zadban Kreditpont: 20 Nyilv\u00e1ntart\u00e1si sz\u00e1m: SZTK-A-007719\/2017 Id\u0151pont: 2017. \u00e1prilis 28. Helysz\u00edn: J\u00f3zsef Attila M\u0171vel\u0151d\u00e9si K\u00f6zpont Szakmai el\u0151ad\u00f3ink: Prof. Dr. R\u00e1k\u00f3czi Istv\u00e1n, Dr. med. habil Sziller Istv\u00e1n, Dr. Cs\u00e1k\u00e1ny M. Gy\u00f6rgy med. habil., &hellip; <a href=\"https:\/\/tauffer.hu\/?page_id=810\">Continue reading <span class=\"meta-nav\">&rarr;<\/span><\/a><\/p>\n","protected":false},"author":1,"featured_media":0,"parent":0,"menu_order":0,"comment_status":"closed","ping_status":"closed","template":"","meta":{"footnotes":""},"class_list":["post-810","page","type-page","status-publish","hentry"],"_links":{"self":[{"href":"https:\/\/tauffer.hu\/index.php?rest_route=\/wp\/v2\/pages\/810","targetHints":{"allow":["GET"]}}],"collection":[{"href":"https:\/\/tauffer.hu\/index.php?rest_route=\/wp\/v2\/pages"}],"about":[{"href":"https:\/\/tauffer.hu\/index.php?rest_route=\/wp\/v2\/types\/page"}],"author":[{"embeddable":true,"href":"https:\/\/tauffer.hu\/index.php?rest_route=\/wp\/v2\/users\/1"}],"replies":[{"embeddable":true,"href":"https:\/\/tauffer.hu\/index.php?rest_route=%2Fwp%2Fv2%2Fcomments&post=810"}],"version-history":[{"count":10,"href":"https:\/\/tauffer.hu\/index.php?rest_route=\/wp\/v2\/pages\/810\/revisions"}],"predecessor-version":[{"id":855,"href":"https:\/\/tauffer.hu\/index.php?rest_route=\/wp\/v2\/pages\/810\/revisions\/855"}],"wp:attachment":[{"href":"https:\/\/tauffer.hu\/index.php?rest_route=%2Fwp%2Fv2%2Fmedia&parent=810"}],"curies":[{"name":"wp","href":"https:\/\/api.w.org\/{rel}","templated":true}]}}