{"id":711,"date":"2016-05-05T13:20:10","date_gmt":"2016-05-05T13:20:10","guid":{"rendered":"http:\/\/tauffer.hu\/?page_id=711"},"modified":"2016-09-29T15:26:13","modified_gmt":"2016-09-29T15:26:13","slug":"tauffer-12","status":"publish","type":"page","link":"https:\/\/tauffer.hu\/?page_id=711","title":{"rendered":"Tauffer 12"},"content":{"rendered":"<p><strong>V\u00e1rand\u00f3sgondoz\u00e1s\u00a0\u00c9szak-Kelet Magyarorsz\u00e1gon 2016 (19 kredit pont)<\/strong><\/p>\n<p>Id\u0151pont: 2016. szeptember 23. Helysz\u00edn: Grand Hotel Aranybika, Bart\u00f3k Terem, Debrecen<\/p>\n<p>K\u00f6sz\u00f6nt\u0151: Dr. Papp Csaba tan\u00e1csnok<\/p>\n<p>El\u0151ad\u00f3k: Prof. Dr. P\u00f3ka R\u00f3bert, Kassai Krisztina, Dr. Major Tam\u00e1s, Dr. S\u00f3lyom Enik\u0151, Dr. Pap K\u00e1roly, Dr. Cholnoky Judit, Dr. Beny\u00f3 G\u00e1bor, Dr. Simon L\u00e1szl\u00f3, Dr. J\u00f3zsa Lajos, Prof. Dr. T\u00f6r\u00f6k Mikl\u00f3s, Dr. Nagy G\u00e1bor<\/p>\n<p><span style=\"color: #000000;\"><a style=\"color: #000000;\" href=\"http:\/\/tauffer.hu\/wp-content\/uploads\/2016\/05\/Konferencia-program1.doc\">Konferencia program<\/a><\/span><\/p>\n<p><a href=\"http:\/\/tauffer.hu\/wp-content\/uploads\/2016\/05\/Aranybika.jpg\"><img loading=\"lazy\" decoding=\"async\" class=\"alignnone size-medium wp-image-712\" src=\"http:\/\/tauffer.hu\/wp-content\/uploads\/2016\/05\/Aranybika-300x159.jpg\" alt=\"Aranybika\" width=\"300\" height=\"159\" srcset=\"https:\/\/tauffer.hu\/wp-content\/uploads\/2016\/05\/Aranybika-300x159.jpg 300w, https:\/\/tauffer.hu\/wp-content\/uploads\/2016\/05\/Aranybika.jpg 722w\" sizes=\"auto, (max-width: 300px) 100vw, 300px\" \/><\/a><a href=\"http:\/\/tauffer.hu\/wp-content\/uploads\/2016\/05\/Konferencia-teremben2.jpg\"><img loading=\"lazy\" decoding=\"async\" class=\"alignnone wp-image-746 \" src=\"http:\/\/tauffer.hu\/wp-content\/uploads\/2016\/05\/Konferencia-teremben2-300x168.jpg\" alt=\"konferencia-teremben2\" width=\"281\" height=\"157\" srcset=\"https:\/\/tauffer.hu\/wp-content\/uploads\/2016\/05\/Konferencia-teremben2-300x168.jpg 300w, https:\/\/tauffer.hu\/wp-content\/uploads\/2016\/05\/Konferencia-teremben2-1024x576.jpg 1024w\" sizes=\"auto, (max-width: 281px) 100vw, 281px\" \/><\/a><\/p>\n<!-- meta slider -->\n<div style=\"width: 100%; margin: 0 auto;\" class=\"metaslider metaslider-flex metaslider-728 ml-slider\">\n    <style type=\"text\/css\">\n        #metaslider_728.flexslider .slides li {margin-right: 5px !important;}\n    <\/style>\n    <div id=\"metaslider_container_728\">\n        <div id=\"metaslider_728\" class=\"flexslider\">\n            <ul class=\"slides\">\n                <li style=\"display: none;\"><a href=\"[metaslider id=728\" target=\"_self\"><img loading=\"lazy\" decoding=\"async\" src=\"https:\/\/tauffer.hu\/wp-content\/uploads\/2016\/09\/K\u00f6sz\u00f6nt\u01512-320x250.jpg\" height=\"250\" width=\"320\" class=\"slider-728 slide-729\" \/><\/a><div class=\"caption-wrap\"><div class=\"caption\">K\u00f6sz\u00f6nt\u0151<\/div><\/div><\/li>\n                <li style=\"display: none;\"><a href=\"[metaslider id=728\" target=\"_self\"><img loading=\"lazy\" decoding=\"async\" src=\"https:\/\/tauffer.hu\/wp-content\/uploads\/2016\/09\/Konferencia-teremben-320x250.jpg\" height=\"250\" width=\"320\" class=\"slider-728 slide-730\" \/><\/a><div class=\"caption-wrap\"><div class=\"caption\">Bart\u00f3k B\u00e9la terem<\/div><\/div><\/li>\n                <li style=\"display: none;\"><a href=\"[metaslider id=728\" target=\"_self\"><img loading=\"lazy\" decoding=\"async\" src=\"https:\/\/tauffer.hu\/wp-content\/uploads\/2016\/09\/El\u0151ad\u00f3ink-320x250.jpg\" height=\"250\" width=\"320\" class=\"slider-728 slide-731\" \/><\/a><div class=\"caption-wrap\"><div class=\"caption\">El\u0151ad\u00f3ink<\/div><\/div><\/li>\n                <li style=\"display: none;\"><a href=\"[metaslider id=728\" target=\"_self\"><img loading=\"lazy\" decoding=\"async\" src=\"https:\/\/tauffer.hu\/wp-content\/uploads\/2016\/09\/MO-320x250.jpg\" height=\"250\" width=\"320\" class=\"slider-728 slide-732\" \/><\/a><div class=\"caption-wrap\"><div class=\"caption\">K\u00f6sz\u00f6nt\u0151<\/div><\/div><\/li>\n                <li style=\"display: none;\"><a href=\"[metaslider id=728\" target=\"_self\"><img loading=\"lazy\" decoding=\"async\" src=\"https:\/\/tauffer.hu\/wp-content\/uploads\/2016\/09\/El\u0151t\u00e9r2-320x250.jpg\" height=\"250\" width=\"320\" class=\"slider-728 slide-733\" \/><\/a><div class=\"caption-wrap\"><div class=\"caption\">Sz\u00fcnetben<\/div><\/div><\/li>\n                <li style=\"display: none;\"><a href=\"[metaslider id=728\" target=\"_self\"><img loading=\"lazy\" decoding=\"async\" src=\"https:\/\/tauffer.hu\/wp-content\/uploads\/2016\/09\/PR2-320x250.jpg\" height=\"250\" width=\"320\" class=\"slider-728 slide-734\" \/><\/a><div class=\"caption-wrap\"><div class=\"caption\">El\u0151ad\u00e1s<\/div><\/div><\/li>\n                <li style=\"display: none;\"><a href=\"[metaslider id=728\" target=\"_self\"><img loading=\"lazy\" decoding=\"async\" src=\"https:\/\/tauffer.hu\/wp-content\/uploads\/2016\/09\/TM-320x250.jpg\" height=\"250\" width=\"320\" class=\"slider-728 slide-735\" \/><\/a><div class=\"caption-wrap\"><div class=\"caption\">El\u0151ad\u00e1s<\/div><\/div><\/li>\n                <li style=\"display: none;\"><a href=\"[metaslider id=728\" target=\"_self\"><img loading=\"lazy\" decoding=\"async\" src=\"https:\/\/tauffer.hu\/wp-content\/uploads\/2016\/09\/Tombola2-320x250.jpg\" height=\"250\" width=\"320\" class=\"slider-728 slide-736\" \/><\/a><div class=\"caption-wrap\"><div class=\"caption\">Tombola<\/div><\/div><\/li>\n                <li style=\"display: none;\"><a href=\"[metaslider id=728\" target=\"_self\"><img loading=\"lazy\" decoding=\"async\" src=\"https:\/\/tauffer.hu\/wp-content\/uploads\/2016\/09\/Feeling1-320x250.jpg\" height=\"250\" width=\"320\" class=\"slider-728 slide-737\" \/><\/a><div class=\"caption-wrap\"><div class=\"caption\">Feeling T\u00e1ncst\u00fadi\u00f3<\/div><\/div><\/li>\n                <li style=\"display: none;\"><a href=\"[metaslider id=728\" target=\"_self\"><img loading=\"lazy\" decoding=\"async\" src=\"https:\/\/tauffer.hu\/wp-content\/uploads\/2016\/09\/Feeling2-320x250.jpg\" height=\"250\" width=\"320\" class=\"slider-728 slide-738\" \/><\/a><div class=\"caption-wrap\"><div class=\"caption\">Feeling T\u00e1ncst\u00fadi\u00f3<\/div><\/div><\/li>\n            <\/ul>\n        <\/div>\n        \n    <\/div>\n    <script type=\"text\/javascript\">\n        var metaslider_728 = function($) {\n            $('#metaslider_728').flexslider({ \n                slideshowSpeed:1500,\n                animation:'slide',\n                controlNav:true,\n                directionNav:true,\n                pauseOnHover:true,\n                direction:'horizontal',\n                reverse:false,\n                animationSpeed:1500,\n                prevText:\"<\",\n                nextText:\">\",\n                easing:\"easeInOutSine\",\n                slideshow:false,\n                itemWidth:320,\n                minItems:1,\n                itemMargin:5,\n                useCSS:false\n            });\n        };\n        var timer_metaslider_728 = function() {\n            var slider = !window.jQuery ? window.setTimeout(timer_metaslider_728, 100) : !jQuery.isReady ? window.setTimeout(timer_metaslider_728, 100) : metaslider_728(window.jQuery);\n        };\n        timer_metaslider_728();\n    <\/script>\n<\/div>\n<!--\/\/ meta slider-->\n","protected":false},"excerpt":{"rendered":"<p>V\u00e1rand\u00f3sgondoz\u00e1s\u00a0\u00c9szak-Kelet Magyarorsz\u00e1gon 2016 (19 kredit pont) Id\u0151pont: 2016. szeptember 23. Helysz\u00edn: Grand Hotel Aranybika, Bart\u00f3k Terem, Debrecen K\u00f6sz\u00f6nt\u0151: Dr. Papp Csaba tan\u00e1csnok El\u0151ad\u00f3k: Prof. Dr. P\u00f3ka R\u00f3bert, Kassai Krisztina, Dr. Major Tam\u00e1s, Dr. S\u00f3lyom Enik\u0151, Dr. Pap K\u00e1roly, Dr. Cholnoky &hellip; <a href=\"https:\/\/tauffer.hu\/?page_id=711\">Continue reading <span class=\"meta-nav\">&rarr;<\/span><\/a><\/p>\n","protected":false},"author":1,"featured_media":0,"parent":0,"menu_order":0,"comment_status":"closed","ping_status":"closed","template":"","meta":{"footnotes":""},"class_list":["post-711","page","type-page","status-publish","hentry"],"_links":{"self":[{"href":"https:\/\/tauffer.hu\/index.php?rest_route=\/wp\/v2\/pages\/711","targetHints":{"allow":["GET"]}}],"collection":[{"href":"https:\/\/tauffer.hu\/index.php?rest_route=\/wp\/v2\/pages"}],"about":[{"href":"https:\/\/tauffer.hu\/index.php?rest_route=\/wp\/v2\/types\/page"}],"author":[{"embeddable":true,"href":"https:\/\/tauffer.hu\/index.php?rest_route=\/wp\/v2\/users\/1"}],"replies":[{"embeddable":true,"href":"https:\/\/tauffer.hu\/index.php?rest_route=%2Fwp%2Fv2%2Fcomments&post=711"}],"version-history":[{"count":10,"href":"https:\/\/tauffer.hu\/index.php?rest_route=\/wp\/v2\/pages\/711\/revisions"}],"predecessor-version":[{"id":747,"href":"https:\/\/tauffer.hu\/index.php?rest_route=\/wp\/v2\/pages\/711\/revisions\/747"}],"wp:attachment":[{"href":"https:\/\/tauffer.hu\/index.php?rest_route=%2Fwp%2Fv2%2Fmedia&parent=711"}],"curies":[{"name":"wp","href":"https:\/\/api.w.org\/{rel}","templated":true}]}}