{"id":668,"date":"2016-02-19T14:14:40","date_gmt":"2016-02-19T14:14:40","guid":{"rendered":"http:\/\/tauffer.hu\/?page_id=668"},"modified":"2016-05-05T12:49:19","modified_gmt":"2016-05-05T12:49:19","slug":"tauffer-11","status":"publish","type":"page","link":"https:\/\/tauffer.hu\/?page_id=668","title":{"rendered":"Tauffer 11"},"content":{"rendered":"<h2><strong>A fogamz\u00e1st\u00f3l a sz\u00fcl\u00e9sig\u00a0\u00a0\u00a0\u00a0\u00a0 \u00a0 19 kredit pont<\/strong><\/h2>\n<p>Helysz\u00edn: Lurdy Konferencia \u00e9s Rendezv\u00e9ny K\u00f6zpont, 5 sz. terem \u00e9s Catering terem<\/p>\n<p>Id\u0151pont: 2016. \u00e1prilis 22.<\/p>\n<p>Szakmai el\u0151ad\u00f3ink: Prof. Dr. R\u00e1k\u00f3czi Istv\u00e1n, Prof. Dr. Pajor Attila, Dr. med. habil. Sziller Istv\u00e1n, Dr. Cs\u00e1k\u00e1ny M. Gy\u00f6rgy PhD, Luk\u00e1cs Judit \u00c1gnes, Dr. J\u00e1nosy Eszter, Czeizel Barbara, Dr. Szl\u00e1vik J\u00e1nos.<\/p>\n<p>Tauffer 11 Program let\u00f6lt\u00e9se:<a href=\"http:\/\/tauffer.hu\/wp-content\/uploads\/2016\/02\/Tauffer_Konferencia11_program1.doc\">Tauffer_Konferencia11_program<\/a><\/p>\n<!-- meta slider -->\n<div style=\"width: 100%; margin: 0 auto;\" class=\"metaslider metaslider-flex metaslider-695 ml-slider\">\n    <style type=\"text\/css\">\n        #metaslider_695.flexslider .slides li {margin-right: 5px !important;}\n    <\/style>\n    <div id=\"metaslider_container_695\">\n        <div id=\"metaslider_695\" class=\"flexslider\">\n            <ul class=\"slides\">\n                <li style=\"display: none;\"><a href=\"[metaslider id=695]\" target=\"_self\"><img loading=\"lazy\" decoding=\"async\" src=\"https:\/\/tauffer.hu\/wp-content\/uploads\/2016\/05\/Sz\u00fcnetben1-320x250.jpg\" height=\"250\" width=\"320\" class=\"slider-695 slide-696\" \/><\/a><div class=\"caption-wrap\"><div class=\"caption\">Sz\u00fcnetben<\/div><\/div><\/li>\n                <li style=\"display: none;\"><a href=\"[metaslider id=695]\" target=\"_self\"><img loading=\"lazy\" decoding=\"async\" src=\"https:\/\/tauffer.hu\/wp-content\/uploads\/2016\/05\/Konferencia-kezd\u00e9s-320x250.jpg\" height=\"250\" width=\"320\" class=\"slider-695 slide-697\" \/><\/a><div class=\"caption-wrap\"><div class=\"caption\">Konferencia kezd\u00e9s<\/div><\/div><\/li>\n                <li style=\"display: none;\"><a href=\"[metaslider id=695]\" target=\"_self\"><img loading=\"lazy\" decoding=\"async\" src=\"https:\/\/tauffer.hu\/wp-content\/uploads\/2016\/05\/El\u0151ad\u00f3-terem-320x250.jpg\" height=\"250\" width=\"320\" class=\"slider-695 slide-698\" \/><\/a><div class=\"caption-wrap\"><div class=\"caption\">El\u0151ad\u00f3terem<\/div><\/div><\/li>\n                <li style=\"display: none;\"><a href=\"[metaslider id=695]\" target=\"_self\"><img loading=\"lazy\" decoding=\"async\" src=\"https:\/\/tauffer.hu\/wp-content\/uploads\/2016\/05\/Az-eg\u00e9szs\u00e9ges-Eisberg-sal\u00e1t\u00e1k-320x250.jpg\" height=\"250\" width=\"320\" class=\"slider-695 slide-699\" \/><\/a><div class=\"caption-wrap\"><div class=\"caption\">Eg\u00e9szs\u00e9ges Eisberg sal\u00e1t\u00e1k<\/div><\/div><\/li>\n                <li style=\"display: none;\"><a href=\"[metaslider id=695]\" target=\"_self\"><img loading=\"lazy\" decoding=\"async\" src=\"https:\/\/tauffer.hu\/wp-content\/uploads\/2016\/05\/El\u0151ad\u00e1s-320x250.jpg\" height=\"250\" width=\"320\" class=\"slider-695 slide-700\" \/><\/a><div class=\"caption-wrap\"><div class=\"caption\">El\u0151ad\u00e1s<\/div><\/div><\/li>\n                <li style=\"display: none;\"><a href=\"[metaslider id=695]\" target=\"_self\"><img loading=\"lazy\" decoding=\"async\" src=\"https:\/\/tauffer.hu\/wp-content\/uploads\/2016\/05\/Amerikai-sztepp-MilLand-ruh\u00e1ban-320x250.jpg\" height=\"250\" width=\"320\" class=\"slider-695 slide-701\" \/><\/a><div class=\"caption-wrap\"><div class=\"caption\">Amerikai sztepp MilLand ruh\u00e1kban<\/div><\/div><\/li>\n                <li style=\"display: none;\"><a href=\"[metaslider id=695]\" target=\"_self\"><img loading=\"lazy\" decoding=\"async\" src=\"https:\/\/tauffer.hu\/wp-content\/uploads\/2016\/05\/Argentin-tang\u00f3-MilLand-ruh\u00e1ban-320x250.jpg\" height=\"250\" width=\"320\" class=\"slider-695 slide-702\" \/><\/a><div class=\"caption-wrap\"><div class=\"caption\">Argentin tang\u00f3 MilLand ruh\u00e1kban<\/div><\/div><\/li>\n                <li style=\"display: none;\"><a href=\"[metaslider id=695]\" target=\"_self\"><img loading=\"lazy\" decoding=\"async\" src=\"https:\/\/tauffer.hu\/wp-content\/uploads\/2016\/05\/El\u0151ad\u00e1s-2-320x250.jpg\" height=\"250\" width=\"320\" class=\"slider-695 slide-704\" \/><\/a><div class=\"caption-wrap\"><div class=\"caption\">El\u0151ad\u00e1s<\/div><\/div><\/li>\n                <li style=\"display: none;\"><a href=\"[metaslider id=695]\" target=\"_self\"><img loading=\"lazy\" decoding=\"async\" src=\"https:\/\/tauffer.hu\/wp-content\/uploads\/2016\/05\/El\u0151ad\u00e1s-3-320x250.jpg\" height=\"250\" width=\"320\" class=\"slider-695 slide-705\" \/><\/a><div class=\"caption-wrap\"><div class=\"caption\">El\u0151ad\u00e1s<\/div><\/div><\/li>\n                <li style=\"display: none;\"><a href=\"[metaslider id=695]\" target=\"_self\"><img loading=\"lazy\" decoding=\"async\" src=\"https:\/\/tauffer.hu\/wp-content\/uploads\/2016\/05\/Tombola-320x250.jpg\" height=\"250\" width=\"320\" class=\"slider-695 slide-706\" \/><\/a><div class=\"caption-wrap\"><div class=\"caption\">Tombola<\/div><\/div><\/li>\n            <\/ul>\n        <\/div>\n        \n    <\/div>\n    <script type=\"text\/javascript\">\n        var metaslider_695 = function($) {\n            $('#metaslider_695').flexslider({ \n                slideshowSpeed:1500,\n                animation:'slide',\n                controlNav:true,\n                directionNav:true,\n                pauseOnHover:true,\n                direction:'horizontal',\n                reverse:false,\n                animationSpeed:1500,\n                prevText:\"<\",\n                nextText:\">\",\n                easing:\"easeInOutSine\",\n                slideshow:false,\n                itemWidth:320,\n                minItems:1,\n                itemMargin:5,\n                useCSS:false\n            });\n        };\n        var timer_metaslider_695 = function() {\n            var slider = !window.jQuery ? window.setTimeout(timer_metaslider_695, 100) : !jQuery.isReady ? window.setTimeout(timer_metaslider_695, 100) : metaslider_695(window.jQuery);\n        };\n        timer_metaslider_695();\n    <\/script>\n<\/div>\n<!--\/\/ meta slider-->\n","protected":false},"excerpt":{"rendered":"<p>A fogamz\u00e1st\u00f3l a sz\u00fcl\u00e9sig\u00a0\u00a0\u00a0\u00a0\u00a0 \u00a0 19 kredit pont Helysz\u00edn: Lurdy Konferencia \u00e9s Rendezv\u00e9ny K\u00f6zpont, 5 sz. terem \u00e9s Catering terem Id\u0151pont: 2016. \u00e1prilis 22. Szakmai el\u0151ad\u00f3ink: Prof. Dr. R\u00e1k\u00f3czi Istv\u00e1n, Prof. Dr. Pajor Attila, Dr. med. habil. Sziller Istv\u00e1n, Dr. &hellip; <a href=\"https:\/\/tauffer.hu\/?page_id=668\">Continue reading <span class=\"meta-nav\">&rarr;<\/span><\/a><\/p>\n","protected":false},"author":1,"featured_media":0,"parent":0,"menu_order":0,"comment_status":"closed","ping_status":"closed","template":"","meta":{"footnotes":""},"class_list":["post-668","page","type-page","status-publish","hentry"],"_links":{"self":[{"href":"https:\/\/tauffer.hu\/index.php?rest_route=\/wp\/v2\/pages\/668","targetHints":{"allow":["GET"]}}],"collection":[{"href":"https:\/\/tauffer.hu\/index.php?rest_route=\/wp\/v2\/pages"}],"about":[{"href":"https:\/\/tauffer.hu\/index.php?rest_route=\/wp\/v2\/types\/page"}],"author":[{"embeddable":true,"href":"https:\/\/tauffer.hu\/index.php?rest_route=\/wp\/v2\/users\/1"}],"replies":[{"embeddable":true,"href":"https:\/\/tauffer.hu\/index.php?rest_route=%2Fwp%2Fv2%2Fcomments&post=668"}],"version-history":[{"count":11,"href":"https:\/\/tauffer.hu\/index.php?rest_route=\/wp\/v2\/pages\/668\/revisions"}],"predecessor-version":[{"id":707,"href":"https:\/\/tauffer.hu\/index.php?rest_route=\/wp\/v2\/pages\/668\/revisions\/707"}],"wp:attachment":[{"href":"https:\/\/tauffer.hu\/index.php?rest_route=%2Fwp%2Fv2%2Fmedia&parent=668"}],"curies":[{"name":"wp","href":"https:\/\/api.w.org\/{rel}","templated":true}]}}