{"id":63,"date":"2014-04-03T13:24:51","date_gmt":"2014-04-03T13:24:51","guid":{"rendered":"http:\/\/tauffer.hu\/?page_id=63"},"modified":"2014-04-04T12:15:57","modified_gmt":"2014-04-04T12:15:57","slug":"latogatoi-reszvetel","status":"publish","type":"page","link":"https:\/\/tauffer.hu\/?page_id=63","title":{"rendered":"L\u00e1togat\u00f3i r\u00e9szv\u00e9tel"},"content":{"rendered":"<p style=\"text-align: justify;\">A Tauffer Vilmos Tov\u00e1bbk\u00e9pz\u0151 Tanfolyamok sz\u00fcl\u00e9szn\u0151k, v\u00e9d\u0151n\u0151k \u00e9s gyermek\u00e1pol\u00f3k kreditpont szerz\u00e9s\u00e9re megszervezett programok. Minden rendezv\u00e9ny\u00fcnk\u00f6n a kreditpontszerz\u0151 r\u00e9sztvev\u0151k \u00e9s a f\u00e9r\u0151helyek f\u00fcggv\u00e9ny\u00e9ben lehet\u0151s\u00e9get ny\u00fajtunk azok sz\u00e1m\u00e1ra, akik nem pontgy\u0171jt\u00e9s miatt k\u00edv\u00e1nnak elj\u00f6nni a rendezv\u00e9nyre, hanem a szakmai program \u00e9rdekess\u00e9ge miatt. Ezek lehet\u0151s\u00e9g\u00e9r\u0151l a\u00a0tanfolyam k\u00f6zeledt\u00e9r\u0151l adunk felvil\u00e1gos\u00edt\u00e1st.\u00a0Tov\u00e1bbk\u00e9pz\u00e9seinken m\u00e1s szakm\u00e1k k\u00e9pvisel\u0151it is sz\u00edvesen l\u00e1tjuk. Minden Tauffer Tanfolyam nyitott a sz\u00fcl\u00e9szn\u0151i- \u00e9s v\u00e9d\u0151n\u0151i hallgat\u00f3k sz\u00e1m\u00e1ra is.<\/p>\n","protected":false},"excerpt":{"rendered":"<p>A Tauffer Vilmos Tov\u00e1bbk\u00e9pz\u0151 Tanfolyamok sz\u00fcl\u00e9szn\u0151k, v\u00e9d\u0151n\u0151k \u00e9s gyermek\u00e1pol\u00f3k kreditpont szerz\u00e9s\u00e9re megszervezett programok. Minden rendezv\u00e9ny\u00fcnk\u00f6n a kreditpontszerz\u0151 r\u00e9sztvev\u0151k \u00e9s a f\u00e9r\u0151helyek f\u00fcggv\u00e9ny\u00e9ben lehet\u0151s\u00e9get ny\u00fajtunk azok sz\u00e1m\u00e1ra, akik nem pontgy\u0171jt\u00e9s miatt k\u00edv\u00e1nnak elj\u00f6nni a rendezv\u00e9nyre, hanem a szakmai program \u00e9rdekess\u00e9ge miatt. &hellip; <a href=\"https:\/\/tauffer.hu\/?page_id=63\">Continue reading <span class=\"meta-nav\">&rarr;<\/span><\/a><\/p>\n","protected":false},"author":1,"featured_media":0,"parent":0,"menu_order":0,"comment_status":"closed","ping_status":"closed","template":"","meta":{"footnotes":""},"class_list":["post-63","page","type-page","status-publish","hentry"],"_links":{"self":[{"href":"https:\/\/tauffer.hu\/index.php?rest_route=\/wp\/v2\/pages\/63","targetHints":{"allow":["GET"]}}],"collection":[{"href":"https:\/\/tauffer.hu\/index.php?rest_route=\/wp\/v2\/pages"}],"about":[{"href":"https:\/\/tauffer.hu\/index.php?rest_route=\/wp\/v2\/types\/page"}],"author":[{"embeddable":true,"href":"https:\/\/tauffer.hu\/index.php?rest_route=\/wp\/v2\/users\/1"}],"replies":[{"embeddable":true,"href":"https:\/\/tauffer.hu\/index.php?rest_route=%2Fwp%2Fv2%2Fcomments&post=63"}],"version-history":[{"count":3,"href":"https:\/\/tauffer.hu\/index.php?rest_route=\/wp\/v2\/pages\/63\/revisions"}],"predecessor-version":[{"id":104,"href":"https:\/\/tauffer.hu\/index.php?rest_route=\/wp\/v2\/pages\/63\/revisions\/104"}],"wp:attachment":[{"href":"https:\/\/tauffer.hu\/index.php?rest_route=%2Fwp%2Fv2%2Fmedia&parent=63"}],"curies":[{"name":"wp","href":"https:\/\/api.w.org\/{rel}","templated":true}]}}