{"id":60,"date":"2014-04-03T13:24:18","date_gmt":"2014-04-03T13:24:18","guid":{"rendered":"http:\/\/tauffer.hu\/?page_id=60"},"modified":"2016-02-19T15:30:34","modified_gmt":"2016-02-19T15:30:34","slug":"tauffer-kedvezmenypontok","status":"publish","type":"page","link":"https:\/\/tauffer.hu\/?page_id=60","title":{"rendered":"Tauffer kedvezm\u00e9nypontok"},"content":{"rendered":"<p style=\"text-align: justify;\">Mivel tudjuk, hogy tanfolyam l\u00e1togat\u00f3ink sz\u00e1m\u00e1ra a r\u00e9szv\u00e9teli d\u00edj nem elhanyagolhat\u00f3 kiad\u00e1s, bevezett\u00fck a Tauffer kedvezm\u00e9ny<b> <\/b>pontok rendszer\u00e9t, melynek l\u00e9nyege, hogy esetenk\u00e9nt a tanfolyami r\u00e9sztvev\u0151inket kedvezm\u00e9ny pontokkal jutalmazzuk. A gy\u0171jt\u00f6tt pontok tetsz\u0151legesen bev\u00e1lthat\u00f3k k\u00e9s\u0151bbi rendezv\u00e9nyeinken, \u00edgy cs\u00f6kkentve azok regisztr\u00e1ci\u00f3s d\u00edj\u00e1t. 1000 Tauffer pont 1000 Ft-nak felel meg. A jelentkez\u00e9si lapokon kis szimb\u00f3lummal felt\u0171ntetj\u00fck, hogy az illet\u0151 tov\u00e1bbk\u00e9pz\u00e9s Tauffer kedvezm\u00e9nypont gy\u0171jt\u0151-e vagy sem.<\/p>\n<p style=\"text-align: justify;\">\n<p style=\"text-align: justify;\">V\u00e1rjuk szeretettel \u00d6n\u00f6ket tov\u00e1bbk\u00e9pz\u00e9seinken.<\/p>\n","protected":false},"excerpt":{"rendered":"<p>Mivel tudjuk, hogy tanfolyam l\u00e1togat\u00f3ink sz\u00e1m\u00e1ra a r\u00e9szv\u00e9teli d\u00edj nem elhanyagolhat\u00f3 kiad\u00e1s, bevezett\u00fck a Tauffer kedvezm\u00e9ny pontok rendszer\u00e9t, melynek l\u00e9nyege, hogy esetenk\u00e9nt a tanfolyami r\u00e9sztvev\u0151inket kedvezm\u00e9ny pontokkal jutalmazzuk. A gy\u0171jt\u00f6tt pontok tetsz\u0151legesen bev\u00e1lthat\u00f3k k\u00e9s\u0151bbi rendezv\u00e9nyeinken, \u00edgy cs\u00f6kkentve azok regisztr\u00e1ci\u00f3s d\u00edj\u00e1t. &hellip; <a href=\"https:\/\/tauffer.hu\/?page_id=60\">Continue reading <span class=\"meta-nav\">&rarr;<\/span><\/a><\/p>\n","protected":false},"author":1,"featured_media":0,"parent":0,"menu_order":0,"comment_status":"closed","ping_status":"closed","template":"","meta":{"footnotes":""},"class_list":["post-60","page","type-page","status-publish","hentry"],"_links":{"self":[{"href":"https:\/\/tauffer.hu\/index.php?rest_route=\/wp\/v2\/pages\/60","targetHints":{"allow":["GET"]}}],"collection":[{"href":"https:\/\/tauffer.hu\/index.php?rest_route=\/wp\/v2\/pages"}],"about":[{"href":"https:\/\/tauffer.hu\/index.php?rest_route=\/wp\/v2\/types\/page"}],"author":[{"embeddable":true,"href":"https:\/\/tauffer.hu\/index.php?rest_route=\/wp\/v2\/users\/1"}],"replies":[{"embeddable":true,"href":"https:\/\/tauffer.hu\/index.php?rest_route=%2Fwp%2Fv2%2Fcomments&post=60"}],"version-history":[{"count":4,"href":"https:\/\/tauffer.hu\/index.php?rest_route=\/wp\/v2\/pages\/60\/revisions"}],"predecessor-version":[{"id":680,"href":"https:\/\/tauffer.hu\/index.php?rest_route=\/wp\/v2\/pages\/60\/revisions\/680"}],"wp:attachment":[{"href":"https:\/\/tauffer.hu\/index.php?rest_route=%2Fwp%2Fv2%2Fmedia&parent=60"}],"curies":[{"name":"wp","href":"https:\/\/api.w.org\/{rel}","templated":true}]}}