{"id":593,"date":"2015-10-16T08:05:05","date_gmt":"2015-10-16T08:05:05","guid":{"rendered":"http:\/\/tauffer.hu\/?page_id=593"},"modified":"2016-02-18T17:15:16","modified_gmt":"2016-02-18T17:15:16","slug":"tauffer-10","status":"publish","type":"page","link":"https:\/\/tauffer.hu\/?page_id=593","title":{"rendered":"Tauffer 10"},"content":{"rendered":"<p><strong>V\u00e1rand\u00f3ss\u00e1g \u00e9s gyermeksz\u00fcl\u00e9s a XXI. sz\u00e1zadban\u00a0\u00a0 <\/strong><\/p>\n<p><a href=\"http:\/\/tauffer.hu\/wp-content\/uploads\/2015\/10\/Tauffer10_program.doc\">Program let\u00f6lt\u00e9se<\/a><\/p>\n<p>20 Kreditpont<\/p>\n<p>Id\u0151pont: <strong>2015. december 11. 9.00-14.00<\/strong><\/p>\n<p>Helysz\u00edn: <strong>TIT Budapest Planet\u00e1rium, X. ker. N\u00e9pliget<\/strong><\/p>\n<p style=\"text-align: justify;\">A jelenlegi TIT Budapest Planet\u00e1rium 1977. augusztus 20-\u00e1n nyitotta meg kapuit a nagyk\u00f6z\u00f6ns\u00e9g el\u0151tt. Haz\u00e1nk egyik legfontosabb csillag\u00e1szati ismeretterjeszt\u0151 int\u00e9zm\u00e9nye. Az \u00e9p\u00fclet f\u0151 m\u0171szere egy Zeiss Universal projekci\u00f3s planet\u00e1rium, melyb\u0151l \u00f6sszesen kett\u0151 van a vil\u00e1gon. A konferencia r\u00e9sztvev\u0151i kar\u00e1csonyi aj\u00e1nd\u00e9kk\u00e9nt egy 20-25 perces csillag\u00e1szat bemutat\u00f3ban r\u00e9szes\u00fclnek.<\/p>\n<p><strong><!-- meta slider -->\n<div style=\"width: 100%; margin: 0 auto;\" class=\"metaslider metaslider-flex metaslider-649 ml-slider\">\n    <style type=\"text\/css\">\n        #metaslider_649.flexslider .slides li {margin-right: 5px !important;}\n    <\/style>\n    <div id=\"metaslider_container_649\">\n        <div id=\"metaslider_649\" class=\"flexslider\">\n            <ul class=\"slides\">\n                <li style=\"display: none;\"><a href=\"[metaslider id=649]\" target=\"_self\"><img loading=\"lazy\" decoding=\"async\" src=\"https:\/\/tauffer.hu\/wp-content\/uploads\/2016\/02\/PK\u00f6z\u00f6ns\u00e9g-320x250.jpg\" height=\"250\" width=\"320\" class=\"slider-649 slide-650\" \/><\/a><div class=\"caption-wrap\"><div class=\"caption\">El\u0151ad\u00e1s<\/div><\/div><\/li>\n                <li style=\"display: none;\"><a href=\"[metaslider id=649]\" target=\"_self\"><img loading=\"lazy\" decoding=\"async\" src=\"https:\/\/tauffer.hu\/wp-content\/uploads\/2016\/02\/PSz\u00fcnet-320x250.jpg\" height=\"250\" width=\"320\" class=\"slider-649 slide-651\" \/><\/a><div class=\"caption-wrap\"><div class=\"caption\">Sz\u00fcnetben<\/div><\/div><\/li>\n                <li style=\"display: none;\"><a href=\"[metaslider id=649]\" target=\"_self\"><img loading=\"lazy\" decoding=\"async\" src=\"https:\/\/tauffer.hu\/wp-content\/uploads\/2016\/02\/Pki\u00e1ll\u00edt\u00f3k-320x250.jpg\" height=\"250\" width=\"320\" class=\"slider-649 slide-653\" \/><\/a><div class=\"caption-wrap\"><div class=\"caption\">Ki\u00e1ll\u00edt\u00f3ink<\/div><\/div><\/li>\n                <li style=\"display: none;\"><a href=\"[metaslider id=649]\" target=\"_self\"><img loading=\"lazy\" decoding=\"async\" src=\"https:\/\/tauffer.hu\/wp-content\/uploads\/2016\/02\/PF\u0151szponzor-320x250.jpg\" height=\"250\" width=\"320\" class=\"slider-649 slide-654\" \/><\/a><div class=\"caption-wrap\"><div class=\"caption\">F\u0151szponzor<\/div><\/div><\/li>\n                <li style=\"display: none;\"><a href=\"[metaslider id=649]\" target=\"_self\"><img loading=\"lazy\" decoding=\"async\" src=\"https:\/\/tauffer.hu\/wp-content\/uploads\/2016\/02\/PEl\u0151ad\u00f3k-320x250.jpg\" height=\"250\" width=\"320\" class=\"slider-649 slide-655\" \/><\/a><div class=\"caption-wrap\"><div class=\"caption\">El\u0151ad\u00e1s<\/div><\/div><\/li>\n                <li style=\"display: none;\"><a href=\"[metaslider id=649]\" target=\"_self\"><img loading=\"lazy\" decoding=\"async\" src=\"https:\/\/tauffer.hu\/wp-content\/uploads\/2016\/02\/Pel\u0151ad\u00e1sok-320x250.jpg\" height=\"250\" width=\"320\" class=\"slider-649 slide-656\" \/><\/a><div class=\"caption-wrap\"><div class=\"caption\">El\u0151ad\u00e1s<\/div><\/div><\/li>\n                <li style=\"display: none;\"><a href=\"[metaslider id=649]\" target=\"_self\"><img loading=\"lazy\" decoding=\"async\" src=\"https:\/\/tauffer.hu\/wp-content\/uploads\/2016\/02\/PEISberg-320x250.jpg\" height=\"250\" width=\"320\" class=\"slider-649 slide-658\" \/><\/a><div class=\"caption-wrap\"><div class=\"caption\">Eisberg sal\u00e1t\u00e1k<\/div><\/div><\/li>\n                <li style=\"display: none;\"><a href=\"[metaslider id=649]\" target=\"_self\"><img loading=\"lazy\" decoding=\"async\" src=\"https:\/\/tauffer.hu\/wp-content\/uploads\/2016\/02\/PEg\u00e9szs\u00e9ges-v\u00edz-320x250.jpg\" height=\"250\" width=\"320\" class=\"slider-649 slide-659\" \/><\/a><div class=\"caption-wrap\"><div class=\"caption\">Eg\u00e9szs\u00e9ges V\u00edz<\/div><\/div><\/li>\n                <li style=\"display: none;\"><a href=\"[metaslider id=649]\" target=\"_self\"><img loading=\"lazy\" decoding=\"async\" src=\"https:\/\/tauffer.hu\/wp-content\/uploads\/2016\/02\/PEl\u0151ad\u00e1s-320x250.jpg\" height=\"250\" width=\"320\" class=\"slider-649 slide-657\" \/><\/a><div class=\"caption-wrap\"><div class=\"caption\">El\u0151ad\u00e1s<\/div><\/div><\/li>\n                <li style=\"display: none;\"><a href=\"[metaslider id=649]\" target=\"_self\"><img loading=\"lazy\" decoding=\"async\" src=\"https:\/\/tauffer.hu\/wp-content\/uploads\/2016\/02\/El\u0151ad\u00f3-320x250.jpg\" height=\"250\" width=\"320\" class=\"slider-649 slide-661\" \/><\/a><div class=\"caption-wrap\"><div class=\"caption\">El\u0151ad\u00e1s<\/div><\/div><\/li>\n            <\/ul>\n        <\/div>\n        \n    <\/div>\n    <script type=\"text\/javascript\">\n        var metaslider_649 = function($) {\n            $('#metaslider_649').flexslider({ \n                slideshowSpeed:1500,\n                animation:'slide',\n                controlNav:true,\n                directionNav:true,\n                pauseOnHover:true,\n                direction:'horizontal',\n                reverse:false,\n                animationSpeed:1500,\n                prevText:\"<\",\n                nextText:\">\",\n                easing:\"easeInOutSine\",\n                slideshow:false,\n                itemWidth:320,\n                minItems:1,\n                itemMargin:5,\n                useCSS:false\n            });\n        };\n        var timer_metaslider_649 = function() {\n            var slider = !window.jQuery ? window.setTimeout(timer_metaslider_649, 100) : !jQuery.isReady ? window.setTimeout(timer_metaslider_649, 100) : metaslider_649(window.jQuery);\n        };\n        timer_metaslider_649();\n    <\/script>\n<\/div>\n<!--\/\/ meta slider--><\/strong><\/p>\n","protected":false},"excerpt":{"rendered":"<p>V\u00e1rand\u00f3ss\u00e1g \u00e9s gyermeksz\u00fcl\u00e9s a XXI. sz\u00e1zadban\u00a0\u00a0 Program let\u00f6lt\u00e9se 20 Kreditpont Id\u0151pont: 2015. december 11. 9.00-14.00 Helysz\u00edn: TIT Budapest Planet\u00e1rium, X. ker. N\u00e9pliget A jelenlegi TIT Budapest Planet\u00e1rium 1977. augusztus 20-\u00e1n nyitotta meg kapuit a nagyk\u00f6z\u00f6ns\u00e9g el\u0151tt. Haz\u00e1nk egyik legfontosabb csillag\u00e1szati &hellip; <a href=\"https:\/\/tauffer.hu\/?page_id=593\">Continue reading <span class=\"meta-nav\">&rarr;<\/span><\/a><\/p>\n","protected":false},"author":1,"featured_media":0,"parent":0,"menu_order":0,"comment_status":"closed","ping_status":"closed","template":"","meta":{"footnotes":""},"class_list":["post-593","page","type-page","status-publish","hentry"],"_links":{"self":[{"href":"https:\/\/tauffer.hu\/index.php?rest_route=\/wp\/v2\/pages\/593","targetHints":{"allow":["GET"]}}],"collection":[{"href":"https:\/\/tauffer.hu\/index.php?rest_route=\/wp\/v2\/pages"}],"about":[{"href":"https:\/\/tauffer.hu\/index.php?rest_route=\/wp\/v2\/types\/page"}],"author":[{"embeddable":true,"href":"https:\/\/tauffer.hu\/index.php?rest_route=\/wp\/v2\/users\/1"}],"replies":[{"embeddable":true,"href":"https:\/\/tauffer.hu\/index.php?rest_route=%2Fwp%2Fv2%2Fcomments&post=593"}],"version-history":[{"count":7,"href":"https:\/\/tauffer.hu\/index.php?rest_route=\/wp\/v2\/pages\/593\/revisions"}],"predecessor-version":[{"id":662,"href":"https:\/\/tauffer.hu\/index.php?rest_route=\/wp\/v2\/pages\/593\/revisions\/662"}],"wp:attachment":[{"href":"https:\/\/tauffer.hu\/index.php?rest_route=%2Fwp%2Fv2%2Fmedia&parent=593"}],"curies":[{"name":"wp","href":"https:\/\/api.w.org\/{rel}","templated":true}]}}