{"id":57,"date":"2014-04-03T13:23:53","date_gmt":"2014-04-03T13:23:53","guid":{"rendered":"http:\/\/tauffer.hu\/?page_id=57"},"modified":"2014-06-13T11:01:01","modified_gmt":"2014-06-13T11:01:01","slug":"kreditpont-szerzes","status":"publish","type":"page","link":"https:\/\/tauffer.hu\/?page_id=57","title":{"rendered":"Kreditpont szerz\u00e9s"},"content":{"rendered":"<p style=\"text-align: justify;\">A Tauffer Vilmos Tov\u00e1bbk\u00e9pz\u0151 Tanfolyam programjai a GYEMSZI \u00e1ltali min\u0151s\u00edt\u00e9sre ker\u00fclnek.\u00a0Azok a tanfolyamra jelentkez\u0151k, akik\u00a0a r\u00e9szt v\u00e9tellel b\u0151v\u00edteni k\u00edv\u00e1nj\u00e1k kredit pontjaikat, a tov\u00e1bbk\u00e9pz\u00e9s jelentkez\u00e9si lapj\u00e1n fel kell, hogy t\u00fcntess\u00e9k a k\u00f6vetkez\u0151 adataikat: n\u00e9v, sz\u00fclet\u00e9si n\u00e9v, sz\u00fclet\u00e9si hely, sz\u00fclet\u00e9si id\u0151, anyja neve, m\u0171k\u00f6d\u00e9si nyilv\u00e1ntart\u00e1si sz\u00e1m (annak hi\u00e1ny\u00e1ban alapnyilv\u00e1ntart\u00e1si sz\u00e1m), \u00e9s szakk\u00e9pes\u00edt\u00e9s. A tanfolyamokon n\u00e9vre sz\u00f3l\u00f3 Igazol\u00e1st adunk ki.<\/p>\n<p style=\"text-align: justify;\">A Tauffer Tov\u00e1bbk\u00e9pz\u0151 Tanfolyamok az el\u0151ad\u00e1sok meghallgat\u00e1s\u00e1t k\u00f6vet\u0151en teszt\u00edr\u00e1ssal fejez\u0151dnek be. A tesztek eredm\u00e9ny\u00e9t n\u00e9h\u00e1ny nap eltelt\u00e9vel a honlapunkon k\u00f6z\u00f6lj\u00fck. Ha valaki nem szeretn\u00e9 nyilv\u00e1noss\u00e1gra hozni teszteredm\u00e9ny\u00e9t, a tesztlapon fant\u00e1zianevet is felt\u00fcntet.<\/p>\n<p style=\"text-align: justify;\"><strong><span style=\"text-decoration: underline;\">Programjaink\u00a0kreditpont\u00e9rt\u00e9kei:<\/span><\/strong><\/p>\n<ul>\n<li><span style=\"color: #356633;\"><em>A v\u00e1rand\u00f3sgondoz\u00e1s alatti vizsg\u00e1latok jelent\u0151s\u00e9ge<\/em><em>\u00a0<\/em>(2013. j\u00fan. 5.): 20 pont<\/span><\/li>\n<li><span style=\"color: #356633;\"><em>V\u00e1rand\u00f3sgondoz\u00e1s 2013. Konferencia <\/em>(2013. szept. 17.): 20 pont<\/span><\/li>\n<li><span style=\"color: #356633;\"><em>A v\u00e1rand\u00f3sgondoz\u00e1s alatti gyakorlati probl\u00e9m\u00e1k <\/em>(2013. dec. 14.): 16 pont<\/span><\/li>\n<li><span style=\"color: #356633;\"><em>Aktu\u00e1lis probl\u00e9m\u00e1k a sz\u00fcl\u00e9szeti gyakorlatban<\/em> (2014. feb. 28.): 20 pont<\/span><\/li>\n<li><span style=\"color: #356633;\"><em>V\u00e1rand\u00f3sgondoz\u00e1s Baranya 2014. Konferencia <\/em>(2014. m\u00e1rc. 7.): 15 pont<\/span><\/li>\n<\/ul>\n","protected":false},"excerpt":{"rendered":"<p>A Tauffer Vilmos Tov\u00e1bbk\u00e9pz\u0151 Tanfolyam programjai a GYEMSZI \u00e1ltali min\u0151s\u00edt\u00e9sre ker\u00fclnek.\u00a0Azok a tanfolyamra jelentkez\u0151k, akik\u00a0a r\u00e9szt v\u00e9tellel b\u0151v\u00edteni k\u00edv\u00e1nj\u00e1k kredit pontjaikat, a tov\u00e1bbk\u00e9pz\u00e9s jelentkez\u00e9si lapj\u00e1n fel kell, hogy t\u00fcntess\u00e9k a k\u00f6vetkez\u0151 adataikat: n\u00e9v, sz\u00fclet\u00e9si n\u00e9v, sz\u00fclet\u00e9si hely, sz\u00fclet\u00e9si id\u0151, anyja &hellip; <a href=\"https:\/\/tauffer.hu\/?page_id=57\">Continue reading <span class=\"meta-nav\">&rarr;<\/span><\/a><\/p>\n","protected":false},"author":1,"featured_media":0,"parent":0,"menu_order":0,"comment_status":"closed","ping_status":"closed","template":"","meta":{"footnotes":""},"class_list":["post-57","page","type-page","status-publish","hentry"],"_links":{"self":[{"href":"https:\/\/tauffer.hu\/index.php?rest_route=\/wp\/v2\/pages\/57","targetHints":{"allow":["GET"]}}],"collection":[{"href":"https:\/\/tauffer.hu\/index.php?rest_route=\/wp\/v2\/pages"}],"about":[{"href":"https:\/\/tauffer.hu\/index.php?rest_route=\/wp\/v2\/types\/page"}],"author":[{"embeddable":true,"href":"https:\/\/tauffer.hu\/index.php?rest_route=\/wp\/v2\/users\/1"}],"replies":[{"embeddable":true,"href":"https:\/\/tauffer.hu\/index.php?rest_route=%2Fwp%2Fv2%2Fcomments&post=57"}],"version-history":[{"count":10,"href":"https:\/\/tauffer.hu\/index.php?rest_route=\/wp\/v2\/pages\/57\/revisions"}],"predecessor-version":[{"id":326,"href":"https:\/\/tauffer.hu\/index.php?rest_route=\/wp\/v2\/pages\/57\/revisions\/326"}],"wp:attachment":[{"href":"https:\/\/tauffer.hu\/index.php?rest_route=%2Fwp%2Fv2%2Fmedia&parent=57"}],"curies":[{"name":"wp","href":"https:\/\/api.w.org\/{rel}","templated":true}]}}