{"id":54,"date":"2014-04-03T13:23:31","date_gmt":"2014-04-03T13:23:31","guid":{"rendered":"http:\/\/tauffer.hu\/?page_id=54"},"modified":"2014-04-09T10:30:42","modified_gmt":"2014-04-09T10:30:42","slug":"kinek-szolnak-a-tauffer-tanfolyamok","status":"publish","type":"page","link":"https:\/\/tauffer.hu\/?page_id=54","title":{"rendered":"Kinek sz\u00f3lnak a Tauffer tanfolyamok?"},"content":{"rendered":"<p style=\"text-align: justify;\">A Tauffer Vilmos Tov\u00e1bbk\u00e9pz\u0151 Tanfolyamok\u00a0<strong>sz\u00fcl\u00e9szn\u0151k<\/strong>, <strong>v\u00e9d\u0151n\u0151k<\/strong> \u00e9s <strong>gyermek\u00e1pol\u00f3k<\/strong>\u00a0sz\u00e1m\u00e1ra ker\u00fclnek megrendez\u00e9sre.\u00a0A programok a GYEMSZI \u00e1ltali min\u0151s\u00edt\u00e9sre ker\u00fclnek, \u00edgy\u00a0kreditpont-szerz\u0151ek.\u00a0Mivel a szakmai programok \u00e9rt\u00e9kesek, aktu\u00e1lisak, \u00e9s nem ker\u00fclnek ism\u00e9tl\u00e9sre, a f\u00e9r\u0151helyek lehet\u0151s\u00e9g\u00e9ig b\u00e1rki sz\u00e1m\u00e1ra l\u00e1togat\u00f3k\u00e9nt is el\u00e9rhet\u0151ek.\u00a0Minden program\u00a0nyitott a sz\u00fcl\u00e9szn\u0151- \u00e9s v\u00e9d\u0151n\u0151 hallgat\u00f3k sz\u00e1m\u00e1ra.<\/p>\n","protected":false},"excerpt":{"rendered":"<p>A Tauffer Vilmos Tov\u00e1bbk\u00e9pz\u0151 Tanfolyamok\u00a0sz\u00fcl\u00e9szn\u0151k, v\u00e9d\u0151n\u0151k \u00e9s gyermek\u00e1pol\u00f3k\u00a0sz\u00e1m\u00e1ra ker\u00fclnek megrendez\u00e9sre.\u00a0A programok a GYEMSZI \u00e1ltali min\u0151s\u00edt\u00e9sre ker\u00fclnek, \u00edgy\u00a0kreditpont-szerz\u0151ek.\u00a0Mivel a szakmai programok \u00e9rt\u00e9kesek, aktu\u00e1lisak, \u00e9s nem ker\u00fclnek ism\u00e9tl\u00e9sre, a f\u00e9r\u0151helyek lehet\u0151s\u00e9g\u00e9ig b\u00e1rki sz\u00e1m\u00e1ra l\u00e1togat\u00f3k\u00e9nt is el\u00e9rhet\u0151ek.\u00a0Minden program\u00a0nyitott a sz\u00fcl\u00e9szn\u0151- \u00e9s v\u00e9d\u0151n\u0151 hallgat\u00f3k &hellip; <a href=\"https:\/\/tauffer.hu\/?page_id=54\">Continue reading <span class=\"meta-nav\">&rarr;<\/span><\/a><\/p>\n","protected":false},"author":1,"featured_media":0,"parent":0,"menu_order":0,"comment_status":"closed","ping_status":"closed","template":"","meta":{"footnotes":""},"class_list":["post-54","page","type-page","status-publish","hentry"],"_links":{"self":[{"href":"https:\/\/tauffer.hu\/index.php?rest_route=\/wp\/v2\/pages\/54","targetHints":{"allow":["GET"]}}],"collection":[{"href":"https:\/\/tauffer.hu\/index.php?rest_route=\/wp\/v2\/pages"}],"about":[{"href":"https:\/\/tauffer.hu\/index.php?rest_route=\/wp\/v2\/types\/page"}],"author":[{"embeddable":true,"href":"https:\/\/tauffer.hu\/index.php?rest_route=\/wp\/v2\/users\/1"}],"replies":[{"embeddable":true,"href":"https:\/\/tauffer.hu\/index.php?rest_route=%2Fwp%2Fv2%2Fcomments&post=54"}],"version-history":[{"count":5,"href":"https:\/\/tauffer.hu\/index.php?rest_route=\/wp\/v2\/pages\/54\/revisions"}],"predecessor-version":[{"id":111,"href":"https:\/\/tauffer.hu\/index.php?rest_route=\/wp\/v2\/pages\/54\/revisions\/111"}],"wp:attachment":[{"href":"https:\/\/tauffer.hu\/index.php?rest_route=%2Fwp%2Fv2%2Fmedia&parent=54"}],"curies":[{"name":"wp","href":"https:\/\/api.w.org\/{rel}","templated":true}]}}