{"id":525,"date":"2015-04-20T16:07:35","date_gmt":"2015-04-20T16:07:35","guid":{"rendered":"http:\/\/tauffer.hu\/?page_id=525"},"modified":"2015-04-27T07:36:36","modified_gmt":"2015-04-27T07:36:36","slug":"tauffer-8","status":"publish","type":"page","link":"https:\/\/tauffer.hu\/?page_id=525","title":{"rendered":"Tauffer 08"},"content":{"rendered":"<p><strong><em>Cs\u00e1sz\u00e1rmetsz\u00e9s, sok vagy kev\u00e9s?<\/em><\/strong> &#8211; Tauffer 08 tov\u00e1bbk\u00e9pz\u00e9sb- (2015. \u00e1prilis 10.) Lurdy Konferencia \u00e9s Rendezv\u00e9ny K\u00f6zpont<\/p>\n<p><strong>Nyilv\u00e1ntart\u00e1si sz\u00e1m: 2692\/2015.; Kredit pont\u00e9rt\u00e9k: 19 pont.\u00a0 <a href=\"http:\/\/tauffer.hu\/wp-content\/uploads\/2015\/04\/Prof.-Czeizel-eloadas.ppt\">Prof. Czeizel eloadas<\/a><\/strong><\/p>\n<!-- meta slider -->\n<div style=\"width: 100%; margin: 0 auto;\" class=\"metaslider metaslider-flex metaslider-431 ml-slider\">\n    <style type=\"text\/css\">\n        #metaslider_431.flexslider .slides li {margin-right: 5px !important;}\n    <\/style>\n    <div id=\"metaslider_container_431\">\n        <div id=\"metaslider_431\" class=\"flexslider\">\n            <ul class=\"slides\">\n                <li style=\"display: none;\"><a href=\"[metaslider id=431]\" target=\"_self\"><img loading=\"lazy\" decoding=\"async\" src=\"https:\/\/tauffer.hu\/wp-content\/uploads\/2015\/04\/IMG_6104-320x250.jpg\" height=\"250\" width=\"320\" class=\"slider-431 slide-562\" \/><\/a><div class=\"caption-wrap\"><div class=\"caption\">El\u0151ad\u00e1s<\/div><\/div><\/li>\n                <li style=\"display: none;\"><a href=\"[metaslider id=431]\" target=\"_self\"><img loading=\"lazy\" decoding=\"async\" src=\"https:\/\/tauffer.hu\/wp-content\/uploads\/2015\/04\/IMG_6124-320x250.jpg\" height=\"250\" width=\"320\" class=\"slider-431 slide-563\" \/><\/a><div class=\"caption-wrap\"><div class=\"caption\">R\u00e9sztvev\u0151k<\/div><\/div><\/li>\n                <li style=\"display: none;\"><a href=\"[metaslider id=431]\" target=\"_self\"><img loading=\"lazy\" decoding=\"async\" src=\"https:\/\/tauffer.hu\/wp-content\/uploads\/2015\/04\/IMG_6130-320x250.jpg\" height=\"250\" width=\"320\" class=\"slider-431 slide-564\" \/><\/a><div class=\"caption-wrap\"><div class=\"caption\">Ki\u00e1ll\u00edt\u00f3ink<\/div><\/div><\/li>\n                <li style=\"display: none;\"><a href=\"[metaslider id=431]\" target=\"_self\"><img loading=\"lazy\" decoding=\"async\" src=\"https:\/\/tauffer.hu\/wp-content\/uploads\/2015\/04\/IMG_6143-320x250.jpg\" height=\"250\" width=\"320\" class=\"slider-431 slide-565\" \/><\/a><div class=\"caption-wrap\"><div class=\"caption\">El\u0151ad\u00e1s<\/div><\/div><\/li>\n                <li style=\"display: none;\"><a href=\"[metaslider id=431]\" target=\"_self\"><img loading=\"lazy\" decoding=\"async\" src=\"https:\/\/tauffer.hu\/wp-content\/uploads\/2015\/04\/IMG_6154-320x250.jpg\" height=\"250\" width=\"320\" class=\"slider-431 slide-566\" \/><\/a><div class=\"caption-wrap\"><div class=\"caption\">K\u00f6sz\u00f6nt\u00e9s<\/div><\/div><\/li>\n                <li style=\"display: none;\"><a href=\"[metaslider id=431]\" target=\"_self\"><img loading=\"lazy\" decoding=\"async\" src=\"https:\/\/tauffer.hu\/wp-content\/uploads\/2015\/04\/IMG_6179-320x250.jpg\" height=\"250\" width=\"320\" class=\"slider-431 slide-567\" \/><\/a><div class=\"caption-wrap\"><div class=\"caption\">Eb\u00e9dsz\u00fcnet<\/div><\/div><\/li>\n                <li style=\"display: none;\"><a href=\"[metaslider id=431]\" target=\"_self\"><img loading=\"lazy\" decoding=\"async\" src=\"https:\/\/tauffer.hu\/wp-content\/uploads\/2015\/04\/IMG_6189-320x250.jpg\" height=\"250\" width=\"320\" class=\"slider-431 slide-568\" \/><\/a><div class=\"caption-wrap\"><div class=\"caption\">El\u0151ad\u00e1s el\u0151tt<\/div><\/div><\/li>\n                <li style=\"display: none;\"><a href=\"[metaslider id=431]\" target=\"_self\"><img loading=\"lazy\" decoding=\"async\" src=\"https:\/\/tauffer.hu\/wp-content\/uploads\/2015\/04\/IMG_6198-320x250.jpg\" height=\"250\" width=\"320\" class=\"slider-431 slide-569\" \/><\/a><div class=\"caption-wrap\"><div class=\"caption\">El\u0151ad\u00e1s<\/div><\/div><\/li>\n                <li style=\"display: none;\"><a href=\"[metaslider id=431]\" target=\"_self\"><img loading=\"lazy\" decoding=\"async\" src=\"https:\/\/tauffer.hu\/wp-content\/uploads\/2015\/04\/IMG_6219-320x250.jpg\" height=\"250\" width=\"320\" class=\"slider-431 slide-570\" \/><\/a><div class=\"caption-wrap\"><div class=\"caption\">Tombolaj\u00e1t\u00e9k<\/div><\/div><\/li>\n                <li style=\"display: none;\"><a href=\"[metaslider id=431]\" target=\"_self\"><img loading=\"lazy\" decoding=\"async\" src=\"https:\/\/tauffer.hu\/wp-content\/uploads\/2015\/04\/IMG_6234-320x250.jpg\" height=\"250\" width=\"320\" class=\"slider-431 slide-571\" \/><\/a><div class=\"caption-wrap\"><div class=\"caption\">F\u0151nyerem\u00e9ny<\/div><\/div><\/li>\n            <\/ul>\n        <\/div>\n        \n    <\/div>\n    <script type=\"text\/javascript\">\n        var metaslider_431 = function($) {\n            $('#metaslider_431').flexslider({ \n                slideshowSpeed:1500,\n                animation:'slide',\n                controlNav:true,\n                directionNav:true,\n                pauseOnHover:true,\n                direction:'horizontal',\n                reverse:false,\n                animationSpeed:1500,\n                prevText:\"<\",\n                nextText:\">\",\n                easing:\"easeInOutSine\",\n                slideshow:false,\n                itemWidth:320,\n                minItems:1,\n                itemMargin:5,\n                useCSS:false\n            });\n        };\n        var timer_metaslider_431 = function() {\n            var slider = !window.jQuery ? window.setTimeout(timer_metaslider_431, 100) : !jQuery.isReady ? window.setTimeout(timer_metaslider_431, 100) : metaslider_431(window.jQuery);\n        };\n        timer_metaslider_431();\n    <\/script>\n<\/div>\n<!--\/\/ meta slider-->\n","protected":false},"excerpt":{"rendered":"<p>Cs\u00e1sz\u00e1rmetsz\u00e9s, sok vagy kev\u00e9s? &#8211; Tauffer 08 tov\u00e1bbk\u00e9pz\u00e9sb- (2015. \u00e1prilis 10.) Lurdy Konferencia \u00e9s Rendezv\u00e9ny K\u00f6zpont Nyilv\u00e1ntart\u00e1si sz\u00e1m: 2692\/2015.; Kredit pont\u00e9rt\u00e9k: 19 pont.\u00a0 Prof. Czeizel eloadas<\/p>\n","protected":false},"author":1,"featured_media":0,"parent":0,"menu_order":0,"comment_status":"closed","ping_status":"closed","template":"","meta":{"footnotes":""},"class_list":["post-525","page","type-page","status-publish","hentry"],"_links":{"self":[{"href":"https:\/\/tauffer.hu\/index.php?rest_route=\/wp\/v2\/pages\/525","targetHints":{"allow":["GET"]}}],"collection":[{"href":"https:\/\/tauffer.hu\/index.php?rest_route=\/wp\/v2\/pages"}],"about":[{"href":"https:\/\/tauffer.hu\/index.php?rest_route=\/wp\/v2\/types\/page"}],"author":[{"embeddable":true,"href":"https:\/\/tauffer.hu\/index.php?rest_route=\/wp\/v2\/users\/1"}],"replies":[{"embeddable":true,"href":"https:\/\/tauffer.hu\/index.php?rest_route=%2Fwp%2Fv2%2Fcomments&post=525"}],"version-history":[{"count":7,"href":"https:\/\/tauffer.hu\/index.php?rest_route=\/wp\/v2\/pages\/525\/revisions"}],"predecessor-version":[{"id":574,"href":"https:\/\/tauffer.hu\/index.php?rest_route=\/wp\/v2\/pages\/525\/revisions\/574"}],"wp:attachment":[{"href":"https:\/\/tauffer.hu\/index.php?rest_route=%2Fwp%2Fv2%2Fmedia&parent=525"}],"curies":[{"name":"wp","href":"https:\/\/api.w.org\/{rel}","templated":true}]}}