{"id":522,"date":"2015-04-20T16:06:30","date_gmt":"2015-04-20T16:06:30","guid":{"rendered":"http:\/\/tauffer.hu\/?page_id=522"},"modified":"2015-10-16T10:04:50","modified_gmt":"2015-10-16T10:04:50","slug":"tauffer-2015","status":"publish","type":"page","link":"https:\/\/tauffer.hu\/?page_id=522","title":{"rendered":"Tauffer 2015"},"content":{"rendered":"<ul>\n<li><strong><span style=\"color: #008000;\">Tauffer 08<\/span><\/strong> &#8211;<span style=\"color: #3366ff;\"><a style=\"color: #3366ff;\" title=\"Tauffer 08\" href=\"http:\/\/tauffer.hu\/?page_id=525\"><em><strong>Cs\u00e1sz\u00e1rmetsz\u00e9s, sok vagy kev\u00e9s?<\/strong><\/em>\u00a0<\/a><\/span>(2015. \u00e1prilis 10.) &#8211; Lurdy Konferencia- \u00e9s Rendezv\u00e9ny K\u00f6zpont<\/li>\n<li><strong><span style=\"color: #008000;\">Tauffer 09<\/span><\/strong>&#8211;\u00a0<span style=\"color: #3366ff;\"><a style=\"color: #3366ff;\" title=\"Legk\u00f6zelebb: Tauffer 09\" href=\"http:\/\/tauffer.hu\/?page_id=450\"><strong><em>A m\u00e9hnyakr\u00e1k megel\u0151z\u00e9s\u00e9nek helyzete: Hogyan tov\u00e1bb?<\/em><\/strong>\u00a0<\/a><\/span>(2015. j\u00fanius 18.) &#8211; Magyar Tudom\u00e1nyos Akad\u00e9mia; D\u00edszterem<\/li>\n<li><strong><span style=\"color: #008000;\">Tauffer 10<\/span> <\/strong>&#8211; <a title=\"Tauffer 10\" href=\"http:\/\/tauffer.hu\/?page_id=593\"><em><strong>V\u00e1rand\u00f3ss\u00e1g \u00e9s gyermeksz\u00fcl\u00e9s a XXI. sz\u00e1zadban<\/strong> <\/em><\/a>(2015. december 11.) &#8211; TIT Budapest Planet\u00e1rium<\/li>\n<\/ul>\n","protected":false},"excerpt":{"rendered":"<p>Tauffer 08 &#8211;Cs\u00e1sz\u00e1rmetsz\u00e9s, sok vagy kev\u00e9s?\u00a0(2015. \u00e1prilis 10.) &#8211; Lurdy Konferencia- \u00e9s Rendezv\u00e9ny K\u00f6zpont Tauffer 09&#8211;\u00a0A m\u00e9hnyakr\u00e1k megel\u0151z\u00e9s\u00e9nek helyzete: Hogyan tov\u00e1bb?\u00a0(2015. j\u00fanius 18.) &#8211; Magyar Tudom\u00e1nyos Akad\u00e9mia; D\u00edszterem Tauffer 10 &#8211; V\u00e1rand\u00f3ss\u00e1g \u00e9s gyermeksz\u00fcl\u00e9s a XXI. sz\u00e1zadban (2015. december 11.) &hellip; <a href=\"https:\/\/tauffer.hu\/?page_id=522\">Continue reading <span class=\"meta-nav\">&rarr;<\/span><\/a><\/p>\n","protected":false},"author":1,"featured_media":0,"parent":0,"menu_order":0,"comment_status":"closed","ping_status":"closed","template":"","meta":{"footnotes":""},"class_list":["post-522","page","type-page","status-publish","hentry"],"_links":{"self":[{"href":"https:\/\/tauffer.hu\/index.php?rest_route=\/wp\/v2\/pages\/522","targetHints":{"allow":["GET"]}}],"collection":[{"href":"https:\/\/tauffer.hu\/index.php?rest_route=\/wp\/v2\/pages"}],"about":[{"href":"https:\/\/tauffer.hu\/index.php?rest_route=\/wp\/v2\/types\/page"}],"author":[{"embeddable":true,"href":"https:\/\/tauffer.hu\/index.php?rest_route=\/wp\/v2\/users\/1"}],"replies":[{"embeddable":true,"href":"https:\/\/tauffer.hu\/index.php?rest_route=%2Fwp%2Fv2%2Fcomments&post=522"}],"version-history":[{"count":8,"href":"https:\/\/tauffer.hu\/index.php?rest_route=\/wp\/v2\/pages\/522\/revisions"}],"predecessor-version":[{"id":612,"href":"https:\/\/tauffer.hu\/index.php?rest_route=\/wp\/v2\/pages\/522\/revisions\/612"}],"wp:attachment":[{"href":"https:\/\/tauffer.hu\/index.php?rest_route=%2Fwp%2Fv2%2Fmedia&parent=522"}],"curies":[{"name":"wp","href":"https:\/\/api.w.org\/{rel}","templated":true}]}}