{"id":515,"date":"2015-04-20T15:59:36","date_gmt":"2015-04-20T15:59:36","guid":{"rendered":"http:\/\/tauffer.hu\/?page_id=515"},"modified":"2015-04-20T16:26:22","modified_gmt":"2015-04-20T16:26:22","slug":"tauffer-2013","status":"publish","type":"page","link":"https:\/\/tauffer.hu\/?page_id=515","title":{"rendered":"Tauffer 2013"},"content":{"rendered":"<ul>\n<li><span style=\"color: #008000;\"><strong>Tauffer 01<\/strong> &#8211;\u00a0<span style=\"color: #3366ff;\"><a style=\"color: #3366ff;\" title=\"Tauffer 01\" href=\"http:\/\/tauffer.hu\/?page_id=150\" target=\"_blank\"><b><i>A v\u00e1rand\u00f3sgondoz\u00e1s alatti vizsg\u00e1latok jelent\u0151s\u00e9ge<\/i><\/b>\u00a0<\/a><\/span><b>&#8211; <\/b>(2013. j\u00fanius 5) Semmelweis Egyetem Nagyv\u00e1rad t\u00e9ri Elm\u00e9leti T\u00f6mb<\/span><\/li>\n<\/ul>\n<ul>\n<li><span style=\"color: #008000;\"><strong>Tauffer 02<\/strong>\u00a0&#8211;\u00a0<span style=\"color: #3366ff;\"><a style=\"color: #3366ff;\" title=\"Tauffer 02\" href=\"http:\/\/tauffer.hu\/?page_id=156\" target=\"_blank\"><b><i>V\u00e1rand\u00f3sgondoz\u00e1s 2013. Konferenci<\/i><\/b><strong><i>a<\/i> &#8211; <\/strong><\/a><\/span>(2013. szeptember 17.) Magyar Tudom\u00e1nyos Akad\u00e9mia<\/span><\/li>\n<\/ul>\n<ul>\n<li><span style=\"color: #008000;\"><strong>Tauffer 03<\/strong> &#8211;\u00a0<span style=\"color: #3366ff;\"><a style=\"color: #3366ff;\" title=\"Tauffer 03\" href=\"http:\/\/tauffer.hu\/?page_id=160\" target=\"_blank\"><b><i>A v\u00e1rand\u00f3sgondoz\u00e1s alatti gyakorlati probl\u00e9m\u00e1k<\/i><\/b>\u00a0<\/a>&#8211;<\/span> (2013. december 14.) Semmelweis Egyetem Elm\u00e9leti Orvostudom\u00e1nyi K\u00f6zpont<\/span><\/li>\n<\/ul>\n","protected":false},"excerpt":{"rendered":"<p>Tauffer 01 &#8211;\u00a0A v\u00e1rand\u00f3sgondoz\u00e1s alatti vizsg\u00e1latok jelent\u0151s\u00e9ge\u00a0&#8211; (2013. j\u00fanius 5) Semmelweis Egyetem Nagyv\u00e1rad t\u00e9ri Elm\u00e9leti T\u00f6mb Tauffer 02\u00a0&#8211;\u00a0V\u00e1rand\u00f3sgondoz\u00e1s 2013. Konferencia &#8211; (2013. szeptember 17.) Magyar Tudom\u00e1nyos Akad\u00e9mia Tauffer 03 &#8211;\u00a0A v\u00e1rand\u00f3sgondoz\u00e1s alatti gyakorlati probl\u00e9m\u00e1k\u00a0&#8211; (2013. december 14.) Semmelweis Egyetem Elm\u00e9leti &hellip; <a href=\"https:\/\/tauffer.hu\/?page_id=515\">Continue reading <span class=\"meta-nav\">&rarr;<\/span><\/a><\/p>\n","protected":false},"author":1,"featured_media":0,"parent":0,"menu_order":0,"comment_status":"closed","ping_status":"closed","template":"","meta":{"footnotes":""},"class_list":["post-515","page","type-page","status-publish","hentry"],"_links":{"self":[{"href":"https:\/\/tauffer.hu\/index.php?rest_route=\/wp\/v2\/pages\/515","targetHints":{"allow":["GET"]}}],"collection":[{"href":"https:\/\/tauffer.hu\/index.php?rest_route=\/wp\/v2\/pages"}],"about":[{"href":"https:\/\/tauffer.hu\/index.php?rest_route=\/wp\/v2\/types\/page"}],"author":[{"embeddable":true,"href":"https:\/\/tauffer.hu\/index.php?rest_route=\/wp\/v2\/users\/1"}],"replies":[{"embeddable":true,"href":"https:\/\/tauffer.hu\/index.php?rest_route=%2Fwp%2Fv2%2Fcomments&post=515"}],"version-history":[{"count":10,"href":"https:\/\/tauffer.hu\/index.php?rest_route=\/wp\/v2\/pages\/515\/revisions"}],"predecessor-version":[{"id":547,"href":"https:\/\/tauffer.hu\/index.php?rest_route=\/wp\/v2\/pages\/515\/revisions\/547"}],"wp:attachment":[{"href":"https:\/\/tauffer.hu\/index.php?rest_route=%2Fwp%2Fv2%2Fmedia&parent=515"}],"curies":[{"name":"wp","href":"https:\/\/api.w.org\/{rel}","templated":true}]}}