{"id":450,"date":"2015-02-26T16:28:58","date_gmt":"2015-02-26T16:28:58","guid":{"rendered":"http:\/\/tauffer.hu\/?page_id=450"},"modified":"2016-02-18T16:49:40","modified_gmt":"2016-02-18T16:49:40","slug":"tauffer-08","status":"publish","type":"page","link":"https:\/\/tauffer.hu\/?page_id=450","title":{"rendered":"Tauffer 09"},"content":{"rendered":"<p><em><strong>A m\u00e9hnyakr\u00e1k megel\u0151z\u00e9s\u00e9nek helyzete: Hogyan tov\u00e1bb?<\/strong><\/em><\/p>\n<p><strong>Nyilv\u00e1ntart\u00e1si sz\u00e1m: SZTK-A-2499\/2015.; Kredit pont\u00e9rt\u00e9k: 19 pont.<\/strong><\/p>\n<p>Id\u0151pont: 2015. j\u00fanius 18.<\/p>\n<p>Helysz\u00edn: Magyar Tudom\u00e1nyos Akad\u00e9mia D\u00edszterme.<\/p>\n<p>El\u0151ad\u00f3ink: Prof. Dr. Boncz Imre PhD egyetemi tan\u00e1r, Dr. Sobel G\u00e1bor PhD, egyetemi adjunktus, Dr. Nov\u00e1k Zolt\u00e1n PhD, Dr. Szalay L\u00e1szl\u00f3, Dr. Major Tam\u00e1s PhD, egyetemi docens, \u00c1rvain\u00e9 Egri Csilla vezet\u0151 v\u00e9d\u0151n\u0151 \u00e9s Dr. Koiss R\u00f3bert PhD, f\u0151orvos.<\/p>\n<p><a href=\"http:\/\/tauffer.hu\/wp-content\/uploads\/2014\/04\/Tauffer09_program.pdf\">Tauffer09_program<\/a><\/p>\n<!-- meta slider -->\n<div style=\"width: 100%; margin: 0 auto;\" class=\"metaslider metaslider-flex metaslider-636 ml-slider\">\n    <style type=\"text\/css\">\n        #metaslider_636.flexslider .slides li {margin-right: 5px !important;}\n    <\/style>\n    <div id=\"metaslider_container_636\">\n        <div id=\"metaslider_636\" class=\"flexslider\">\n            <ul class=\"slides\">\n                <li style=\"display: none;\"><a href=\"[metaslider id=636]\" target=\"_self\"><img loading=\"lazy\" decoding=\"async\" src=\"https:\/\/tauffer.hu\/wp-content\/uploads\/2016\/02\/Vonalk\u00f3dos-bel\u00e9ptet\u00e9s-320x250.jpg\" height=\"250\" width=\"320\" class=\"slider-636 slide-637\" \/><\/a><div class=\"caption-wrap\"><div class=\"caption\">Vonalk\u00f3dos bel\u00e9ptet\u00e9s az Aul\u00e1ban<\/div><\/div><\/li>\n                <li style=\"display: none;\"><a href=\"[metaslider id=636]\" target=\"_self\"><img loading=\"lazy\" decoding=\"async\" src=\"https:\/\/tauffer.hu\/wp-content\/uploads\/2016\/02\/El\u0151ad\u00e1s-320x250.jpg\" height=\"250\" width=\"320\" class=\"slider-636 slide-638\" \/><\/a><div class=\"caption-wrap\"><div class=\"caption\">El\u0151ad\u00e1s a D\u00edszteremben<\/div><\/div><\/li>\n                <li style=\"display: none;\"><a href=\"[metaslider id=636]\" target=\"_self\"><img loading=\"lazy\" decoding=\"async\" src=\"https:\/\/tauffer.hu\/wp-content\/uploads\/2016\/02\/K\u00e1v\u00e9z\u00e1s-a-Klubteremben-320x250.jpg\" height=\"250\" width=\"320\" class=\"slider-636 slide-639\" \/><\/a><div class=\"caption-wrap\"><div class=\"caption\">K\u00e1v\u00e9sz\u00fcnet a Klub teremben<\/div><\/div><\/li>\n                <li style=\"display: none;\"><a href=\"[metaslider id=636]\" target=\"_self\"><img loading=\"lazy\" decoding=\"async\" src=\"https:\/\/tauffer.hu\/wp-content\/uploads\/2016\/02\/Ki\u00e1ll\u00edt\u00f3ink-a-K\u00e9pesteremben-320x250.jpg\" height=\"250\" width=\"320\" class=\"slider-636 slide-640\" \/><\/a><div class=\"caption-wrap\"><div class=\"caption\">Ki\u00e1ll\u00edt\u00f3ink a K\u00e9pesteremben<\/div><\/div><\/li>\n                <li style=\"display: none;\"><a href=\"[metaslider id=636]\" target=\"_self\"><img loading=\"lazy\" decoding=\"async\" src=\"https:\/\/tauffer.hu\/wp-content\/uploads\/2016\/02\/Ki\u00e1ll\u00edt\u00f3ink2-a-K\u00e9pesteremben-320x250.jpg\" height=\"250\" width=\"320\" class=\"slider-636 slide-641\" \/><\/a><div class=\"caption-wrap\"><div class=\"caption\">Ki\u00e1ll\u00edt\u00f3ink a K\u00e9pesteremben<\/div><\/div><\/li>\n                <li style=\"display: none;\"><a href=\"[metaslider id=636]\" target=\"_self\"><img loading=\"lazy\" decoding=\"async\" src=\"https:\/\/tauffer.hu\/wp-content\/uploads\/2016\/02\/Klub-terem-320x250.jpg\" height=\"250\" width=\"320\" class=\"slider-636 slide-642\" \/><\/a><div class=\"caption-wrap\"><div class=\"caption\">K\u00e1v\u00e9sz\u00fcnet a Klubteremben<\/div><\/div><\/li>\n                <li style=\"display: none;\"><a href=\"[metaslider id=636]\" target=\"_self\"><img loading=\"lazy\" decoding=\"async\" src=\"https:\/\/tauffer.hu\/wp-content\/uploads\/2016\/02\/S\u00fctiz\u00e9s-320x250.jpg\" height=\"250\" width=\"320\" class=\"slider-636 slide-643\" \/><\/a><div class=\"caption-wrap\"><div class=\"caption\">Klubteremben<\/div><\/div><\/li>\n                <li style=\"display: none;\"><a href=\"[metaslider id=636]\" target=\"_self\"><img loading=\"lazy\" decoding=\"async\" src=\"https:\/\/tauffer.hu\/wp-content\/uploads\/2016\/02\/D\u00edszteremben-320x250.jpg\" height=\"250\" width=\"320\" class=\"slider-636 slide-646\" \/><\/a><div class=\"caption-wrap\"><div class=\"caption\">D\u00edszteremben<\/div><\/div><\/li>\n                <li style=\"display: none;\"><a href=\"[metaslider id=636]\" target=\"_self\"><img loading=\"lazy\" decoding=\"async\" src=\"https:\/\/tauffer.hu\/wp-content\/uploads\/2016\/02\/k\u00e9pesteremben-320x250.jpg\" height=\"250\" width=\"320\" class=\"slider-636 slide-648\" \/><\/a><div class=\"caption-wrap\"><div class=\"caption\">K\u00e9pesteremben<\/div><\/div><\/li>\n                <li style=\"display: none;\"><a href=\"[metaslider id=636]\" target=\"_self\"><img loading=\"lazy\" decoding=\"async\" src=\"https:\/\/tauffer.hu\/wp-content\/uploads\/2016\/02\/K\u00e1v\u00e9iv\u00e1szat-320x250.jpg\" height=\"250\" width=\"320\" class=\"slider-636 slide-647\" \/><\/a><div class=\"caption-wrap\"><div class=\"caption\">Klubteremben<\/div><\/div><\/li>\n            <\/ul>\n        <\/div>\n        \n    <\/div>\n    <script type=\"text\/javascript\">\n        var metaslider_636 = function($) {\n            $('#metaslider_636').flexslider({ \n                slideshowSpeed:1500,\n                animation:'slide',\n                controlNav:true,\n                directionNav:true,\n                pauseOnHover:true,\n                direction:'horizontal',\n                reverse:false,\n                animationSpeed:1500,\n                prevText:\"<\",\n                nextText:\">\",\n                easing:\"easeInOutSine\",\n                slideshow:false,\n                itemWidth:320,\n                minItems:1,\n                itemMargin:5,\n                useCSS:false\n            });\n        };\n        var timer_metaslider_636 = function() {\n            var slider = !window.jQuery ? window.setTimeout(timer_metaslider_636, 100) : !jQuery.isReady ? window.setTimeout(timer_metaslider_636, 100) : metaslider_636(window.jQuery);\n        };\n        timer_metaslider_636();\n    <\/script>\n<\/div>\n<!--\/\/ meta slider-->\n<p>&nbsp;<\/p>\n","protected":false},"excerpt":{"rendered":"<p>A m\u00e9hnyakr\u00e1k megel\u0151z\u00e9s\u00e9nek helyzete: Hogyan tov\u00e1bb? Nyilv\u00e1ntart\u00e1si sz\u00e1m: SZTK-A-2499\/2015.; Kredit pont\u00e9rt\u00e9k: 19 pont. Id\u0151pont: 2015. j\u00fanius 18. Helysz\u00edn: Magyar Tudom\u00e1nyos Akad\u00e9mia D\u00edszterme. El\u0151ad\u00f3ink: Prof. Dr. Boncz Imre PhD egyetemi tan\u00e1r, Dr. Sobel G\u00e1bor PhD, egyetemi adjunktus, Dr. Nov\u00e1k Zolt\u00e1n PhD, &hellip; <a href=\"https:\/\/tauffer.hu\/?page_id=450\">Continue reading <span class=\"meta-nav\">&rarr;<\/span><\/a><\/p>\n","protected":false},"author":1,"featured_media":0,"parent":0,"menu_order":0,"comment_status":"closed","ping_status":"closed","template":"","meta":{"footnotes":""},"class_list":["post-450","page","type-page","status-publish","hentry"],"_links":{"self":[{"href":"https:\/\/tauffer.hu\/index.php?rest_route=\/wp\/v2\/pages\/450","targetHints":{"allow":["GET"]}}],"collection":[{"href":"https:\/\/tauffer.hu\/index.php?rest_route=\/wp\/v2\/pages"}],"about":[{"href":"https:\/\/tauffer.hu\/index.php?rest_route=\/wp\/v2\/types\/page"}],"author":[{"embeddable":true,"href":"https:\/\/tauffer.hu\/index.php?rest_route=\/wp\/v2\/users\/1"}],"replies":[{"embeddable":true,"href":"https:\/\/tauffer.hu\/index.php?rest_route=%2Fwp%2Fv2%2Fcomments&post=450"}],"version-history":[{"count":12,"href":"https:\/\/tauffer.hu\/index.php?rest_route=\/wp\/v2\/pages\/450\/revisions"}],"predecessor-version":[{"id":645,"href":"https:\/\/tauffer.hu\/index.php?rest_route=\/wp\/v2\/pages\/450\/revisions\/645"}],"wp:attachment":[{"href":"https:\/\/tauffer.hu\/index.php?rest_route=%2Fwp%2Fv2%2Fmedia&parent=450"}],"curies":[{"name":"wp","href":"https:\/\/api.w.org\/{rel}","templated":true}]}}