{"id":357,"date":"2014-09-01T08:33:50","date_gmt":"2014-09-01T08:33:50","guid":{"rendered":"http:\/\/tauffer.hu\/?page_id=357"},"modified":"2015-01-06T13:57:28","modified_gmt":"2015-01-06T13:57:28","slug":"tauffer-07","status":"publish","type":"page","link":"https:\/\/tauffer.hu\/?page_id=357","title":{"rendered":"Tauffer 07"},"content":{"rendered":"<p><strong><em>A v\u00e1rand\u00f3sgondoz\u00e1s \u00e9s\u00a0a sz\u00fcl\u00e9s\u00a0kiemelt k\u00e9rd\u00e9sei<\/em><b><i>\u00a0&#8211; <\/i><\/b><i><\/i><b>Tauffer 07 tov\u00e1bbk\u00e9pz\u00e9s<\/b><i><b> &#8211; <\/b><\/i>(2014. december 6.) Semmelweis Egyetem &#8211; Elm\u00e9leti Orvostudom\u00e1nyi K\u00f6zpont<\/strong><\/p>\n<p><strong>Nyilv\u00e1ntart\u00e1si sz\u00e1m:33034\/2014., Kredit pont\u00e9rt\u00e9k:\u00a018 pont <\/strong><\/p>\n<!-- meta slider -->\n<div style=\"width: 100%; margin: 0 auto;\" class=\"metaslider metaslider-flex metaslider-330 ml-slider\">\n    <style type=\"text\/css\">\n        #metaslider_330.flexslider .slides li {margin-right: 5px !important;}\n    <\/style>\n    <div id=\"metaslider_container_330\">\n        <div id=\"metaslider_330\" class=\"flexslider\">\n            <ul class=\"slides\">\n                <li style=\"display: none;\"><a href=\"[metaslider id=330]\" target=\"_self\"><img loading=\"lazy\" decoding=\"async\" src=\"https:\/\/tauffer.hu\/wp-content\/uploads\/2014\/09\/CE7-320x250.jpg\" height=\"250\" width=\"320\" class=\"slider-330 slide-426\" \/><\/a><div class=\"caption-wrap\"><div class=\"caption\">El\u0151ad\u00f3terem<\/div><\/div><\/li>\n                <li style=\"display: none;\"><a href=\"[metaslider id=330]\" target=\"_self\"><img loading=\"lazy\" decoding=\"async\" src=\"https:\/\/tauffer.hu\/wp-content\/uploads\/2015\/01\/BT4-320x250.jpg\" height=\"250\" width=\"320\" class=\"slider-330 slide-434\" \/><\/a><div class=\"caption-wrap\"><div class=\"caption\">El\u0151ad\u00e1s<\/div><\/div><\/li>\n                <li style=\"display: none;\"><a href=\"[metaslider id=330]\" target=\"_self\"><img loading=\"lazy\" decoding=\"async\" src=\"https:\/\/tauffer.hu\/wp-content\/uploads\/2015\/01\/Eisberg4-320x250.jpg\" height=\"250\" width=\"320\" class=\"slider-330 slide-435\" \/><\/a><div class=\"caption-wrap\"><div class=\"caption\">Eisberg sal\u00e1t\u00e1k<\/div><\/div><\/li>\n                <li style=\"display: none;\"><a href=\"[metaslider id=330]\" target=\"_self\"><img loading=\"lazy\" decoding=\"async\" src=\"https:\/\/tauffer.hu\/wp-content\/uploads\/2015\/01\/DrUniform1-320x250.jpg\" height=\"250\" width=\"320\" class=\"slider-330 slide-436\" \/><\/a><div class=\"caption-wrap\"><div class=\"caption\">Ki\u00e1ll\u00edt\u00f3k<\/div><\/div><\/li>\n                <li style=\"display: none;\"><a href=\"[metaslider id=330]\" target=\"_self\"><img loading=\"lazy\" decoding=\"async\" src=\"https:\/\/tauffer.hu\/wp-content\/uploads\/2015\/01\/DrP2-320x250.jpg\" height=\"250\" width=\"320\" class=\"slider-330 slide-437\" \/><\/a><div class=\"caption-wrap\"><div class=\"caption\">Ki\u00e1ll\u00edt\u00f3k<\/div><\/div><\/li>\n                <li style=\"display: none;\"><a href=\"[metaslider id=330]\" target=\"_self\"><img loading=\"lazy\" decoding=\"async\" src=\"https:\/\/tauffer.hu\/wp-content\/uploads\/2015\/01\/Ganoderma4-320x250.jpg\" height=\"250\" width=\"320\" class=\"slider-330 slide-438\" \/><\/a><div class=\"caption-wrap\"><div class=\"caption\">Ganoderma k\u00e1v\u00e9<\/div><\/div><\/li>\n                <li style=\"display: none;\"><a href=\"[metaslider id=330]\" target=\"_self\"><img loading=\"lazy\" decoding=\"async\" src=\"https:\/\/tauffer.hu\/wp-content\/uploads\/2015\/01\/BT3-320x250.jpg\" height=\"250\" width=\"320\" class=\"slider-330 slide-439\" \/><\/a><div class=\"caption-wrap\"><div class=\"caption\">Konferencia r\u00e9sztvev\u0151k<\/div><\/div><\/li>\n                <li style=\"display: none;\"><img loading=\"lazy\" decoding=\"async\" src=\"https:\/\/tauffer.hu\/wp-content\/uploads\/2015\/01\/Limo-King1-320x250.jpg\" height=\"250\" width=\"320\" class=\"slider-330 slide-440\" \/><div class=\"caption-wrap\"><div class=\"caption\">Tombola j\u00e1t\u00e9k<\/div><\/div><\/li>\n                <li style=\"display: none;\"><a href=\"[metaslider id=330]\" target=\"_self\"><img loading=\"lazy\" decoding=\"async\" src=\"https:\/\/tauffer.hu\/wp-content\/uploads\/2015\/01\/Mikul\u00e1s-320x250.jpg\" height=\"250\" width=\"320\" class=\"slider-330 slide-432\" \/><\/a><div class=\"caption-wrap\"><div class=\"caption\">Mikul\u00e1s<\/div><\/div><\/li>\n                <li style=\"display: none;\"><a href=\"[metaslider id=330]\" target=\"_self\"><img loading=\"lazy\" decoding=\"async\" src=\"https:\/\/tauffer.hu\/wp-content\/uploads\/2015\/01\/BT5-320x250.jpg\" height=\"250\" width=\"320\" class=\"slider-330 slide-433\" \/><\/a><div class=\"caption-wrap\"><div class=\"caption\">El\u0151ad\u00e1s<\/div><\/div><\/li>\n            <\/ul>\n        <\/div>\n        \n    <\/div>\n    <script type=\"text\/javascript\">\n        var metaslider_330 = function($) {\n            $('#metaslider_330').flexslider({ \n                slideshowSpeed:1500,\n                animation:'slide',\n                controlNav:true,\n                directionNav:true,\n                pauseOnHover:true,\n                direction:'horizontal',\n                reverse:false,\n                animationSpeed:1500,\n                prevText:\"<\",\n                nextText:\">\",\n                easing:\"easeInOutSine\",\n                slideshow:false,\n                itemWidth:320,\n                minItems:1,\n                itemMargin:5,\n                useCSS:false\n            });\n        };\n        var timer_metaslider_330 = function() {\n            var slider = !window.jQuery ? window.setTimeout(timer_metaslider_330, 100) : !jQuery.isReady ? window.setTimeout(timer_metaslider_330, 100) : metaslider_330(window.jQuery);\n        };\n        timer_metaslider_330();\n    <\/script>\n<\/div>\n<!--\/\/ meta slider-->\n","protected":false},"excerpt":{"rendered":"<p>A v\u00e1rand\u00f3sgondoz\u00e1s \u00e9s\u00a0a sz\u00fcl\u00e9s\u00a0kiemelt k\u00e9rd\u00e9sei\u00a0&#8211; Tauffer 07 tov\u00e1bbk\u00e9pz\u00e9s &#8211; (2014. december 6.) Semmelweis Egyetem &#8211; Elm\u00e9leti Orvostudom\u00e1nyi K\u00f6zpont Nyilv\u00e1ntart\u00e1si sz\u00e1m:33034\/2014., Kredit pont\u00e9rt\u00e9k:\u00a018 pont<\/p>\n","protected":false},"author":1,"featured_media":0,"parent":391,"menu_order":0,"comment_status":"closed","ping_status":"closed","template":"","meta":{"footnotes":""},"class_list":["post-357","page","type-page","status-publish","hentry"],"_links":{"self":[{"href":"https:\/\/tauffer.hu\/index.php?rest_route=\/wp\/v2\/pages\/357","targetHints":{"allow":["GET"]}}],"collection":[{"href":"https:\/\/tauffer.hu\/index.php?rest_route=\/wp\/v2\/pages"}],"about":[{"href":"https:\/\/tauffer.hu\/index.php?rest_route=\/wp\/v2\/types\/page"}],"author":[{"embeddable":true,"href":"https:\/\/tauffer.hu\/index.php?rest_route=\/wp\/v2\/users\/1"}],"replies":[{"embeddable":true,"href":"https:\/\/tauffer.hu\/index.php?rest_route=%2Fwp%2Fv2%2Fcomments&post=357"}],"version-history":[{"count":9,"href":"https:\/\/tauffer.hu\/index.php?rest_route=\/wp\/v2\/pages\/357\/revisions"}],"predecessor-version":[{"id":441,"href":"https:\/\/tauffer.hu\/index.php?rest_route=\/wp\/v2\/pages\/357\/revisions\/441"}],"up":[{"embeddable":true,"href":"https:\/\/tauffer.hu\/index.php?rest_route=\/wp\/v2\/pages\/391"}],"wp:attachment":[{"href":"https:\/\/tauffer.hu\/index.php?rest_route=%2Fwp%2Fv2%2Fmedia&parent=357"}],"curies":[{"name":"wp","href":"https:\/\/api.w.org\/{rel}","templated":true}]}}