{"id":2,"date":"2014-04-02T08:57:04","date_gmt":"2014-04-02T08:57:04","guid":{"rendered":"http:\/\/tauffer.hu\/?page_id=2"},"modified":"2025-07-21T14:28:44","modified_gmt":"2025-07-21T14:28:44","slug":"ez-egy-minta-oldal","status":"publish","type":"page","link":"https:\/\/tauffer.hu\/?page_id=2","title":{"rendered":"Tauffer 2023"},"content":{"rendered":"\n<ul class=\"wp-block-list\">\n<li><a href=\"https:\/\/tauffer.hu\/?page_id=1702\">Tauffer 21.<\/a> <strong>A sz\u00fcl\u00e9s-, a sz\u00fcl\u00e9st k\u00f6vet\u0151 id\u0151szak aktu\u00e1lis k\u00e9rd\u00e9sei<\/strong><\/li>\n<\/ul>\n\n\n\n<p><strong>Helysz\u00edn:<\/strong> Klebelsberg Kult\u00fark\u00faria (1028 Budapest, Templom u. 2); <strong>Id\u0151pont:<\/strong> 2023. \u00e1prilis 14.<\/p>\n\n\n\n<p><\/p>\n","protected":false},"excerpt":{"rendered":"<p>Helysz\u00edn: Klebelsberg Kult\u00fark\u00faria (1028 Budapest, Templom u. 2); Id\u0151pont: 2023. \u00e1prilis 14.<\/p>\n","protected":false},"author":1,"featured_media":0,"parent":0,"menu_order":0,"comment_status":"open","ping_status":"open","template":"","meta":{"footnotes":""},"class_list":["post-2","page","type-page","status-publish","hentry"],"_links":{"self":[{"href":"https:\/\/tauffer.hu\/index.php?rest_route=\/wp\/v2\/pages\/2","targetHints":{"allow":["GET"]}}],"collection":[{"href":"https:\/\/tauffer.hu\/index.php?rest_route=\/wp\/v2\/pages"}],"about":[{"href":"https:\/\/tauffer.hu\/index.php?rest_route=\/wp\/v2\/types\/page"}],"author":[{"embeddable":true,"href":"https:\/\/tauffer.hu\/index.php?rest_route=\/wp\/v2\/users\/1"}],"replies":[{"embeddable":true,"href":"https:\/\/tauffer.hu\/index.php?rest_route=%2Fwp%2Fv2%2Fcomments&post=2"}],"version-history":[{"count":53,"href":"https:\/\/tauffer.hu\/index.php?rest_route=\/wp\/v2\/pages\/2\/revisions"}],"predecessor-version":[{"id":1918,"href":"https:\/\/tauffer.hu\/index.php?rest_route=\/wp\/v2\/pages\/2\/revisions\/1918"}],"wp:attachment":[{"href":"https:\/\/tauffer.hu\/index.php?rest_route=%2Fwp%2Fv2%2Fmedia&parent=2"}],"curies":[{"name":"wp","href":"https:\/\/api.w.org\/{rel}","templated":true}]}}