{"id":19,"date":"2014-04-02T12:50:36","date_gmt":"2014-04-02T12:50:36","guid":{"rendered":"http:\/\/tauffer.hu\/?page_id=19"},"modified":"2021-06-29T06:14:27","modified_gmt":"2021-06-29T06:14:27","slug":"kapcsolat","status":"publish","type":"page","link":"https:\/\/tauffer.hu\/?page_id=19","title":{"rendered":"Kapcsolat"},"content":{"rendered":"<p>dr. Mag Olga \u00fcgyvezet\u0151, f\u0151szervez\u0151<\/p>\n<p>Tauffer Vilmos Tov\u00e1bbk\u00e9z\u0151 Konferenci\u00e1k \/ Profevents Kft.<\/p>\n<p>Postac\u00edm: 2095 Pilissz\u00e1nt\u00f3, Kossuth Lajos u. 159.<\/p>\n<p>email: <a href=\"mailto:dr.MagOlga@tauffer.hu\">dr.MagOlga@tauffer.hu<\/a>, dr.MagOlga@profevents.hu<\/p>\n<p>Tel: +36 30 528-4749;\u00a0Fax: +36 26 549-035<\/p>\n","protected":false},"excerpt":{"rendered":"<p>dr. Mag Olga \u00fcgyvezet\u0151, f\u0151szervez\u0151 Tauffer Vilmos Tov\u00e1bbk\u00e9z\u0151 Konferenci\u00e1k \/ Profevents Kft. Postac\u00edm: 2095 Pilissz\u00e1nt\u00f3, Kossuth Lajos u. 159. email: dr.MagOlga@tauffer.hu, dr.MagOlga@profevents.hu Tel: +36 30 528-4749;\u00a0Fax: +36 26 549-035<\/p>\n","protected":false},"author":1,"featured_media":0,"parent":0,"menu_order":0,"comment_status":"open","ping_status":"open","template":"","meta":{"footnotes":""},"class_list":["post-19","page","type-page","status-publish","hentry"],"_links":{"self":[{"href":"https:\/\/tauffer.hu\/index.php?rest_route=\/wp\/v2\/pages\/19","targetHints":{"allow":["GET"]}}],"collection":[{"href":"https:\/\/tauffer.hu\/index.php?rest_route=\/wp\/v2\/pages"}],"about":[{"href":"https:\/\/tauffer.hu\/index.php?rest_route=\/wp\/v2\/types\/page"}],"author":[{"embeddable":true,"href":"https:\/\/tauffer.hu\/index.php?rest_route=\/wp\/v2\/users\/1"}],"replies":[{"embeddable":true,"href":"https:\/\/tauffer.hu\/index.php?rest_route=%2Fwp%2Fv2%2Fcomments&post=19"}],"version-history":[{"count":7,"href":"https:\/\/tauffer.hu\/index.php?rest_route=\/wp\/v2\/pages\/19\/revisions"}],"predecessor-version":[{"id":1409,"href":"https:\/\/tauffer.hu\/index.php?rest_route=\/wp\/v2\/pages\/19\/revisions\/1409"}],"wp:attachment":[{"href":"https:\/\/tauffer.hu\/index.php?rest_route=%2Fwp%2Fv2%2Fmedia&parent=19"}],"curies":[{"name":"wp","href":"https:\/\/api.w.org\/{rel}","templated":true}]}}