{"id":1702,"date":"2023-10-17T11:21:42","date_gmt":"2023-10-17T11:21:42","guid":{"rendered":"https:\/\/tauffer.hu\/?page_id=1702"},"modified":"2025-07-21T13:01:03","modified_gmt":"2025-07-21T13:01:03","slug":"tauffer-21","status":"publish","type":"page","link":"https:\/\/tauffer.hu\/?page_id=1702","title":{"rendered":"Tauffer 21"},"content":{"rendered":"\n<p class=\"has-medium-font-size\"><strong>A sz\u00fcl\u00e9s-, a sz\u00fcl\u00e9st k\u00f6vet\u0151 id\u0151szak aktu\u00e1lis k\u00e9rd\u00e9sei<\/strong><\/p>\n\n\n\n<p><strong> 2023. \u00e1prilis 14. Klebelsberg Kult\u00fark\u00faria (1028 Budapest, Templom u. 2)<\/strong><\/p>\n\n\n\n<figure class=\"wp-block-image\"><a href=\"https:\/\/tauffer.hu\/?attachment_id=1617\"><img loading=\"lazy\" decoding=\"async\" width=\"1024\" height=\"249\" src=\"https:\/\/tauffer.hu\/wp-content\/uploads\/2023\/01\/Klebelsberg-KK-montage-1024x249.jpg\" alt=\"\" class=\"wp-image-1617\" srcset=\"https:\/\/tauffer.hu\/wp-content\/uploads\/2023\/01\/Klebelsberg-KK-montage-1024x249.jpg 1024w, https:\/\/tauffer.hu\/wp-content\/uploads\/2023\/01\/Klebelsberg-KK-montage-300x73.jpg 300w, https:\/\/tauffer.hu\/wp-content\/uploads\/2023\/01\/Klebelsberg-KK-montage-768x187.jpg 768w\" sizes=\"auto, (max-width: 1024px) 100vw, 1024px\" \/><\/a><\/figure>\n\n\n\n<p><strong>Nyilv\u00e1ntart\u00e1si sz\u00e1m: SZTK-A-76488\/2021; Kredit \u00e9rt\u00e9k: 20 pont.<\/strong><\/p>\n\n\n\n<p><strong>Szakmacsoportok: v\u00e9d\u0151n\u0151i ell\u00e1t\u00e1s (12), sz\u00fcl\u00e9szeti ell\u00e1t\u00e1s (11), gyermek\u00e1pol\u00e1s \u00e9s gondoz\u00e1s (2), feln\u0151tt \u00e1pol\u00e1s \u00e9s gondoz\u00e1s (1).<\/strong><\/p>\n\n\n\n<p><strong>Szakmai el\u0151ad\u00f3ink voltak: Dr. Melczer Zsolt PhD, S\u00e1ndorn\u00e9 Men\u00e1rtovics Zsuzsanna, Dr. Harmath \u00c1gnes PhD, Dr. Varga P\u00e9ter, Prof. Dr. Szab\u00f3 Mikl\u00f3s PhD, Dr. Hirsch Anik\u00f3, Tom\u00e1n\u00e9 M\u00e9sz\u00e1ros Andrea,&nbsp;<\/strong><\/p>\n\n\n\n<p><a href=\"https:\/\/tauffer.hu\/wp-content\/uploads\/2023\/04\/Tauffer_Konferencia_Program_2023_aprilis_14_Klebelsberg.doc\">Program<\/a><\/p>\n\n\n\n<p>A konferenci\u00e1n k\u00e9sz\u00fclt n\u00e9h\u00e1ny fot\u00f3:<\/p>\n\n\n<!-- meta slider -->\n<div style=\"width: 100%; margin: 0 auto;\" class=\"metaslider metaslider-flex metaslider-1247 ml-slider\">\n    <style type=\"text\/css\">\n        #metaslider_1247.flexslider .slides li {margin-right: 5px !important;}\n    <\/style>\n    <div id=\"metaslider_container_1247\">\n        <div id=\"metaslider_1247\" class=\"flexslider\">\n            <ul class=\"slides\">\n                <li style=\"display: none;\"><img loading=\"lazy\" decoding=\"async\" src=\"https:\/\/tauffer.hu\/wp-content\/uploads\/2023\/04\/Bel\u00e9ptet\u00e9s-320x250.jpg\" height=\"250\" width=\"320\" class=\"slider-1247 slide-1677\" \/><div class=\"caption-wrap\"><div class=\"caption\">Bel\u00e9ptet\u00e9s<\/div><\/div><\/li>\n                <li style=\"display: none;\"><img loading=\"lazy\" decoding=\"async\" src=\"https:\/\/tauffer.hu\/wp-content\/uploads\/2023\/04\/K\u00f6sz\u00f6nt\u0151-320x250.jpg\" height=\"250\" width=\"320\" class=\"slider-1247 slide-1678\" \/><div class=\"caption-wrap\"><div class=\"caption\">K\u00f6sz\u00f6nt\u0151<\/div><\/div><\/li>\n                <li style=\"display: none;\"><img loading=\"lazy\" decoding=\"async\" src=\"https:\/\/tauffer.hu\/wp-content\/uploads\/2023\/04\/Ki\u00e1ll\u00edt\u00f3k-320x250.jpg\" height=\"250\" width=\"320\" class=\"slider-1247 slide-1679\" \/><div class=\"caption-wrap\"><div class=\"caption\">Barbak\u00e1n terem<\/div><\/div><\/li>\n                <li style=\"display: none;\"><img loading=\"lazy\" decoding=\"async\" src=\"https:\/\/tauffer.hu\/wp-content\/uploads\/2023\/04\/Ki\u00e1ll\u00edt\u00f3k2-320x250.jpg\" height=\"250\" width=\"320\" class=\"slider-1247 slide-1680\" \/><div class=\"caption-wrap\"><div class=\"caption\">Barbak\u00e1n terem<\/div><\/div><\/li>\n                <li style=\"display: none;\"><img loading=\"lazy\" decoding=\"async\" src=\"https:\/\/tauffer.hu\/wp-content\/uploads\/2023\/04\/Gengszter-cica-320x250.jpg\" height=\"250\" width=\"320\" class=\"slider-1247 slide-1681\" \/><div class=\"caption-wrap\"><div class=\"caption\">Gengszter Cica<\/div><\/div><\/li>\n                <li style=\"display: none;\"><img loading=\"lazy\" decoding=\"async\" src=\"https:\/\/tauffer.hu\/wp-content\/uploads\/2023\/04\/El\u0151ad\u00e1s1-320x250.jpg\" height=\"250\" width=\"320\" class=\"slider-1247 slide-1682\" \/><div class=\"caption-wrap\"><div class=\"caption\">Sz\u00ednh\u00e1zterem<\/div><\/div><\/li>\n                <li style=\"display: none;\"><img loading=\"lazy\" decoding=\"async\" src=\"https:\/\/tauffer.hu\/wp-content\/uploads\/2023\/04\/El\u0151ad\u00e1s-320x250.jpg\" height=\"250\" width=\"320\" class=\"slider-1247 slide-1686\" \/><div class=\"caption-wrap\"><div class=\"caption\">El\u0151ad\u00e1s<\/div><\/div><\/li>\n                <li style=\"display: none;\"><img loading=\"lazy\" decoding=\"async\" src=\"https:\/\/tauffer.hu\/wp-content\/uploads\/2023\/04\/Sz\u00ednh\u00e1zterem-320x250.jpg\" height=\"250\" width=\"320\" class=\"slider-1247 slide-1683\" \/><div class=\"caption-wrap\"><div class=\"caption\">Sz\u00ednh\u00e1zterem<\/div><\/div><\/li>\n                <li style=\"display: none;\"><img loading=\"lazy\" decoding=\"async\" src=\"https:\/\/tauffer.hu\/wp-content\/uploads\/2023\/04\/Sz\u00ednh\u00e1zterem2-320x250.jpg\" height=\"250\" width=\"320\" class=\"slider-1247 slide-1684\" \/><div class=\"caption-wrap\"><div class=\"caption\">Sz\u00ednh\u00e1zterem<\/div><\/div><\/li>\n                <li style=\"display: none;\"><img loading=\"lazy\" decoding=\"async\" src=\"https:\/\/tauffer.hu\/wp-content\/uploads\/2023\/04\/Tombola-j\u00e1t\u00e9k-320x250.jpg\" height=\"250\" width=\"320\" class=\"slider-1247 slide-1685\" \/><div class=\"caption-wrap\"><div class=\"caption\">Tombola j\u00e1t\u00e9k<\/div><\/div><\/li>\n            <\/ul>\n        <\/div>\n        \n    <\/div>\n    <script type=\"text\/javascript\">\n        var metaslider_1247 = function($) {\n            $('#metaslider_1247').flexslider({ \n                slideshowSpeed:1500,\n                animation:'slide',\n                controlNav:true,\n                directionNav:true,\n                pauseOnHover:true,\n                direction:'horizontal',\n                reverse:false,\n                animationSpeed:1500,\n                prevText:\"<\",\n                nextText:\">\",\n                easing:\"easeInOutSine\",\n                slideshow:false,\n                itemWidth:320,\n                minItems:1,\n                itemMargin:5,\n                useCSS:false\n            });\n        };\n        var timer_metaslider_1247 = function() {\n            var slider = !window.jQuery ? window.setTimeout(timer_metaslider_1247, 100) : !jQuery.isReady ? window.setTimeout(timer_metaslider_1247, 100) : metaslider_1247(window.jQuery);\n        };\n        timer_metaslider_1247();\n    <\/script>\n<\/div>\n<!--\/\/ meta slider-->\n\n\n\n<p><\/p>\n\n\n\n<p><\/p>\n","protected":false},"excerpt":{"rendered":"<p>A sz\u00fcl\u00e9s-, a sz\u00fcl\u00e9st k\u00f6vet\u0151 id\u0151szak aktu\u00e1lis k\u00e9rd\u00e9sei 2023. \u00e1prilis 14. Klebelsberg Kult\u00fark\u00faria (1028 Budapest, Templom u. 2) Nyilv\u00e1ntart\u00e1si sz\u00e1m: SZTK-A-76488\/2021; Kredit \u00e9rt\u00e9k: 20 pont. Szakmacsoportok: v\u00e9d\u0151n\u0151i ell\u00e1t\u00e1s (12), sz\u00fcl\u00e9szeti ell\u00e1t\u00e1s (11), gyermek\u00e1pol\u00e1s \u00e9s gondoz\u00e1s (2), feln\u0151tt \u00e1pol\u00e1s \u00e9s gondoz\u00e1s &hellip; <a href=\"https:\/\/tauffer.hu\/?page_id=1702\">Continue reading <span class=\"meta-nav\">&rarr;<\/span><\/a><\/p>\n","protected":false},"author":1,"featured_media":0,"parent":0,"menu_order":0,"comment_status":"closed","ping_status":"closed","template":"","meta":{"footnotes":""},"class_list":["post-1702","page","type-page","status-publish","hentry"],"_links":{"self":[{"href":"https:\/\/tauffer.hu\/index.php?rest_route=\/wp\/v2\/pages\/1702","targetHints":{"allow":["GET"]}}],"collection":[{"href":"https:\/\/tauffer.hu\/index.php?rest_route=\/wp\/v2\/pages"}],"about":[{"href":"https:\/\/tauffer.hu\/index.php?rest_route=\/wp\/v2\/types\/page"}],"author":[{"embeddable":true,"href":"https:\/\/tauffer.hu\/index.php?rest_route=\/wp\/v2\/users\/1"}],"replies":[{"embeddable":true,"href":"https:\/\/tauffer.hu\/index.php?rest_route=%2Fwp%2Fv2%2Fcomments&post=1702"}],"version-history":[{"count":10,"href":"https:\/\/tauffer.hu\/index.php?rest_route=\/wp\/v2\/pages\/1702\/revisions"}],"predecessor-version":[{"id":1911,"href":"https:\/\/tauffer.hu\/index.php?rest_route=\/wp\/v2\/pages\/1702\/revisions\/1911"}],"wp:attachment":[{"href":"https:\/\/tauffer.hu\/index.php?rest_route=%2Fwp%2Fv2%2Fmedia&parent=1702"}],"curies":[{"name":"wp","href":"https:\/\/api.w.org\/{rel}","templated":true}]}}