{"id":17,"date":"2014-04-02T12:50:03","date_gmt":"2014-04-02T12:50:03","guid":{"rendered":"http:\/\/tauffer.hu\/?page_id=17"},"modified":"2015-10-16T10:13:10","modified_gmt":"2015-10-16T10:13:10","slug":"partnereink","status":"publish","type":"page","link":"https:\/\/tauffer.hu\/?page_id=17","title":{"rendered":"Partnereink"},"content":{"rendered":"<p style=\"text-align: justify;\">A Tauffer Vilomos Tov\u00e1bbk\u00e9pz\u0151 Tanfolyamok a sz\u00fcl\u00e9szn\u0151k, v\u00e9d\u0151n\u0151k \u00e9s gyermek\u00e1pol\u00f3k sz\u00e1m\u00e1ra kereditpontgy\u0171jt\u0151 lehet\u0151s\u00e9get biztos\u00edtanak. Magyarorsz\u00e1gon jelenleg kb. 5200 v\u00e9d\u0151n\u0151 \u00e9s 2200 sz\u00fcl\u00e9szn\u0151 dolgozik ter\u00fcleten \u00e9s k\u00f3rh\u00e1zakban. Mivel\u00a0a v\u00e1rand\u00f3ss\u00e1g alatt \u00e9s ut\u00e1na is gyakran tal\u00e1lkoznak az \u00e9desany\u00e1val,\u00a0\u0151k a fiatal csal\u00e1dok egyik legfontosabb tan\u00e1csad\u00e1si lehet\u0151s\u00e9gei. A v\u00e1rand\u00f3ss\u00e1ggal kapcsolatos testi \u00e9s lelki v\u00e1ltoz\u00e1sokr\u00f3l, betegs\u00e9gekr\u0151l, \u00e9letm\u00f3dr\u00f3l, t\u00e1pl\u00e1lkoz\u00e1sr\u00f3l, gy\u00f3gyszerekr\u0151l, s\u0151t ruh\u00e1zkod\u00e1sr\u00f3l is tesznek fel\u00a0nekik k\u00e9rd\u00e9seket.\u00a0A k\u00f6z\u00f6s szakmai tov\u00e1bbk\u00e9pz\u00e9sek kiv\u00e1l\u00f3 \u00fczenet\u00e1tad\u00f3i lehet\u0151s\u00e9gek a babamama, illetve a csal\u00e1di fogyaszt\u00e1s\u00fa term\u00e9kek \u00e9s szolg\u00e1ltat\u00e1sok sz\u00e1m\u00e1ra.<\/p>\n<p style=\"text-align: justify;\"><strong><span style=\"text-decoration: underline;\">Rendezv\u00e9nyeinken partnereink voltak:<\/span><\/strong><\/p>\n<p style=\"text-align: justify;\">Dr. Peithner Budapest Kft., Cord Blood Center Mft., Egis Nyrt., Lahra Kft., SpringMed Kiad\u00f3, Anita-feh\u00e9nem\u0171, Maternity Sz\u00fcl\u00e9szeti \u00e9s N\u0151gy\u00f3gy\u00e1szati Mag\u00e1nklinika, Sanofi-Aventis Zrt., Pro-Baba Kft., Casada Hungary Kft., Devron Impex Kft., Epilar System, Medi Hungary Kft., Mil-Land Kft., Salus Kft., Shila-Medic Kft., Eg\u00e9szs\u00e9g\u00fcgyi Szakemberek Orsz\u00e1gos Egyes\u00fclete, \u00c9letfa Program, Momert Zrt., Mother Love, K\u00edgy\u00f3p\u00e1rna, Laboratoire Bioderma Hungary Kft., Biopont Kft., Superio Kft., Zentay Photography, Dr. Rose, Orsz\u00e1gos B\u00e1basz\u00f6ves\u00e9g, Freesia Hungary Kereskedelmi Kft., LadeePharma, Phytotec Hung\u00e1ria, Richter Gedeon Nyrt., Tomme\u00a0Tippee, MSD Pharma Hungary Kft; Actavis Hungary Kft., Dr. Uniform Kft., Nestl\u00e9 Magyarorsz\u00e1g, BioGaia, Omega Pharma Hungary Kft., Eisberg Hungary Kft.<\/p>\n<p style=\"text-align: justify;\"><span style=\"text-decoration: underline;\"><strong>\u00c9tel \u00e9s ital szolg\u00e1ltat\u00f3ink:<\/strong><\/span><\/p>\n<p style=\"text-align: justify;\">Eisberg Hungary Kft., Ganoderma k\u00e1v\u00e9, Tiszta V\u00edz \u00dczleth\u00e1z<\/p>\n<p style=\"text-align: justify;\">\n","protected":false},"excerpt":{"rendered":"<p>A Tauffer Vilomos Tov\u00e1bbk\u00e9pz\u0151 Tanfolyamok a sz\u00fcl\u00e9szn\u0151k, v\u00e9d\u0151n\u0151k \u00e9s gyermek\u00e1pol\u00f3k sz\u00e1m\u00e1ra kereditpontgy\u0171jt\u0151 lehet\u0151s\u00e9get biztos\u00edtanak. Magyarorsz\u00e1gon jelenleg kb. 5200 v\u00e9d\u0151n\u0151 \u00e9s 2200 sz\u00fcl\u00e9szn\u0151 dolgozik ter\u00fcleten \u00e9s k\u00f3rh\u00e1zakban. Mivel\u00a0a v\u00e1rand\u00f3ss\u00e1g alatt \u00e9s ut\u00e1na is gyakran tal\u00e1lkoznak az \u00e9desany\u00e1val,\u00a0\u0151k a fiatal csal\u00e1dok egyik &hellip; <a href=\"https:\/\/tauffer.hu\/?page_id=17\">Continue reading <span class=\"meta-nav\">&rarr;<\/span><\/a><\/p>\n","protected":false},"author":1,"featured_media":0,"parent":0,"menu_order":0,"comment_status":"open","ping_status":"open","template":"","meta":{"footnotes":""},"class_list":["post-17","page","type-page","status-publish","hentry"],"_links":{"self":[{"href":"https:\/\/tauffer.hu\/index.php?rest_route=\/wp\/v2\/pages\/17","targetHints":{"allow":["GET"]}}],"collection":[{"href":"https:\/\/tauffer.hu\/index.php?rest_route=\/wp\/v2\/pages"}],"about":[{"href":"https:\/\/tauffer.hu\/index.php?rest_route=\/wp\/v2\/types\/page"}],"author":[{"embeddable":true,"href":"https:\/\/tauffer.hu\/index.php?rest_route=\/wp\/v2\/users\/1"}],"replies":[{"embeddable":true,"href":"https:\/\/tauffer.hu\/index.php?rest_route=%2Fwp%2Fv2%2Fcomments&post=17"}],"version-history":[{"count":5,"href":"https:\/\/tauffer.hu\/index.php?rest_route=\/wp\/v2\/pages\/17\/revisions"}],"predecessor-version":[{"id":613,"href":"https:\/\/tauffer.hu\/index.php?rest_route=\/wp\/v2\/pages\/17\/revisions\/613"}],"wp:attachment":[{"href":"https:\/\/tauffer.hu\/index.php?rest_route=%2Fwp%2Fv2%2Fmedia&parent=17"}],"curies":[{"name":"wp","href":"https:\/\/api.w.org\/{rel}","templated":true}]}}