{"id":164,"date":"2014-04-07T09:57:45","date_gmt":"2014-04-07T09:57:45","guid":{"rendered":"http:\/\/tauffer.hu\/?page_id=164"},"modified":"2014-10-12T12:36:57","modified_gmt":"2014-10-12T12:36:57","slug":"tauffer-05","status":"publish","type":"page","link":"https:\/\/tauffer.hu\/?page_id=164","title":{"rendered":"Tauffer 05"},"content":{"rendered":"<h4><b><i>Aktu\u00e1lis probl\u00e9m\u00e1k a sz\u00fcl\u00e9szeti gyakorlatban<\/i><\/b><strong> &#8211; Tauffer 05 tov\u00e1bbk\u00e9pz\u00e9s<\/strong><\/h4>\n<h4>2014. febru\u00e1r 28. \u00e9s 2014. okt\u00f3ber 30.- Emberi Er\u0151forr\u00e1sok Miniszt\u00e9riuma<\/h4>\n<h4><strong> Nyilv\u00e1ntart\u00e1si sz\u00e1m:6766\/2014., Kredit pont\u00e9rt\u00e9k: 20 pont <\/strong><\/h4>\n<!-- meta slider -->\n<div style=\"width: 100%; margin: 0 auto;\" class=\"metaslider metaslider-flex metaslider-297 ml-slider\">\n    <style type=\"text\/css\">\n        #metaslider_297.flexslider .slides li {margin-right: 5px !important;}\n    <\/style>\n    <div id=\"metaslider_container_297\">\n        <div id=\"metaslider_297\" class=\"flexslider\">\n            <ul class=\"slides\">\n                <li style=\"display: none;\"><img loading=\"lazy\" decoding=\"async\" src=\"https:\/\/tauffer.hu\/wp-content\/uploads\/2014\/04\/El\u0151ad\u00f3ink_Kerekes-Anna-320x250.jpg\" height=\"250\" width=\"320\" class=\"slider-297 slide-308\" \/><div class=\"caption-wrap\"><div class=\"caption\">El\u0151ad\u00f3ink - Kerekes Anna<\/div><\/div><\/li>\n                <li style=\"display: none;\"><img loading=\"lazy\" decoding=\"async\" src=\"https:\/\/tauffer.hu\/wp-content\/uploads\/2014\/04\/El\u0151ad\u00f3ink_Prof.-Dr.-Pajor-Attila1-320x250.jpg\" height=\"250\" width=\"320\" class=\"slider-297 slide-309\" \/><div class=\"caption-wrap\"><div class=\"caption\">El\u0151ad\u00f3ink - Dr. Pajor Attila<\/div><\/div><\/li>\n                <li style=\"display: none;\"><img loading=\"lazy\" decoding=\"async\" src=\"https:\/\/tauffer.hu\/wp-content\/uploads\/2014\/04\/Megbesz\u00e9l\u00e9s-K\u00e9rd\u00e9sek1-320x250.jpg\" height=\"250\" width=\"320\" class=\"slider-297 slide-299\" \/><div class=\"caption-wrap\"><div class=\"caption\">Megbesz\u00e9l\u00e9s - k\u00e9rd\u00e9sek<\/div><\/div><\/li>\n                <li style=\"display: none;\"><img loading=\"lazy\" decoding=\"async\" src=\"https:\/\/tauffer.hu\/wp-content\/uploads\/2014\/04\/Megbesz\u00e9l\u00e9s-K\u00e9rd\u00e9sek3-320x250.jpg\" height=\"250\" width=\"320\" class=\"slider-297 slide-301\" \/><div class=\"caption-wrap\"><div class=\"caption\">Megbesz\u00e9l\u00e9s - k\u00e9rd\u00e9sek<\/div><\/div><\/li>\n                <li style=\"display: none;\"><img loading=\"lazy\" decoding=\"async\" src=\"https:\/\/tauffer.hu\/wp-content\/uploads\/2014\/04\/El\u0151ad\u00f3-teremben14-320x250.jpg\" height=\"250\" width=\"320\" class=\"slider-297 slide-307\" \/><div class=\"caption-wrap\"><div class=\"caption\">El\u0151ad\u00f3 teremben<\/div><\/div><\/li>\n                <li style=\"display: none;\"><img loading=\"lazy\" decoding=\"async\" src=\"https:\/\/tauffer.hu\/wp-content\/uploads\/2014\/04\/Eisberg-sal\u00e1t\u00e1k11-320x250.jpg\" height=\"250\" width=\"320\" class=\"slider-297 slide-304\" \/><div class=\"caption-wrap\"><div class=\"caption\">Eisberg sal\u00e1ta<\/div><\/div><\/li>\n                <li style=\"display: none;\"><img loading=\"lazy\" decoding=\"async\" src=\"https:\/\/tauffer.hu\/wp-content\/uploads\/2014\/04\/F\u0151szponzor_Dr.-Peithner3-320x250.jpg\" height=\"250\" width=\"320\" class=\"slider-297 slide-310\" \/><div class=\"caption-wrap\"><div class=\"caption\">F\u0151szponzor - Dr. Peithner<\/div><\/div><\/li>\n                <li style=\"display: none;\"><img loading=\"lazy\" decoding=\"async\" src=\"https:\/\/tauffer.hu\/wp-content\/uploads\/2014\/04\/Ki\u00e1ll\u00edt\u00f3ink4-320x250.jpg\" height=\"250\" width=\"320\" class=\"slider-297 slide-298\" \/><div class=\"caption-wrap\"><div class=\"caption\">Ki\u00e1ll\u00edt\u00f3ink<\/div><\/div><\/li>\n                <li style=\"display: none;\"><img loading=\"lazy\" decoding=\"async\" src=\"https:\/\/tauffer.hu\/wp-content\/uploads\/2014\/04\/Vonalk\u00f3dos-bel\u00e9ptet\u00e9s2-320x250.jpg\" height=\"250\" width=\"320\" class=\"slider-297 slide-302\" \/><div class=\"caption-wrap\"><div class=\"caption\">Vonalk\u00f3dos bel\u00e9ptet\u00e9s<\/div><\/div><\/li>\n                <li style=\"display: none;\"><img loading=\"lazy\" decoding=\"async\" src=\"https:\/\/tauffer.hu\/wp-content\/uploads\/2014\/04\/Eisberg-sal\u00e1t\u00e1k21-320x250.jpg\" height=\"250\" width=\"320\" class=\"slider-297 slide-305\" \/><div class=\"caption-wrap\"><div class=\"caption\">Eisberg sal\u00e1ta<\/div><\/div><\/li>\n            <\/ul>\n        <\/div>\n        \n    <\/div>\n    <script type=\"text\/javascript\">\n        var metaslider_297 = function($) {\n            $('#metaslider_297').flexslider({ \n                slideshowSpeed:1500,\n                animation:'slide',\n                controlNav:true,\n                directionNav:true,\n                pauseOnHover:true,\n                direction:'horizontal',\n                reverse:false,\n                animationSpeed:1500,\n                prevText:\"<\",\n                nextText:\">\",\n                easing:\"easeInOutSine\",\n                slideshow:false,\n                itemWidth:320,\n                minItems:1,\n                itemMargin:5,\n                useCSS:false\n            });\n        };\n        var timer_metaslider_297 = function() {\n            var slider = !window.jQuery ? window.setTimeout(timer_metaslider_297, 100) : !jQuery.isReady ? window.setTimeout(timer_metaslider_297, 100) : metaslider_297(window.jQuery);\n        };\n        timer_metaslider_297();\n    <\/script>\n<\/div>\n<!--\/\/ meta slider-->\n<p>&nbsp;<\/p>\n","protected":false},"excerpt":{"rendered":"<p>Aktu\u00e1lis probl\u00e9m\u00e1k a sz\u00fcl\u00e9szeti gyakorlatban &#8211; Tauffer 05 tov\u00e1bbk\u00e9pz\u00e9s 2014. febru\u00e1r 28. \u00e9s 2014. okt\u00f3ber 30.- Emberi Er\u0151forr\u00e1sok Miniszt\u00e9riuma Nyilv\u00e1ntart\u00e1si sz\u00e1m:6766\/2014., Kredit pont\u00e9rt\u00e9k: 20 pont &nbsp;<\/p>\n","protected":false},"author":1,"featured_media":0,"parent":0,"menu_order":0,"comment_status":"closed","ping_status":"closed","template":"","meta":{"footnotes":""},"class_list":["post-164","page","type-page","status-publish","hentry"],"_links":{"self":[{"href":"https:\/\/tauffer.hu\/index.php?rest_route=\/wp\/v2\/pages\/164","targetHints":{"allow":["GET"]}}],"collection":[{"href":"https:\/\/tauffer.hu\/index.php?rest_route=\/wp\/v2\/pages"}],"about":[{"href":"https:\/\/tauffer.hu\/index.php?rest_route=\/wp\/v2\/types\/page"}],"author":[{"embeddable":true,"href":"https:\/\/tauffer.hu\/index.php?rest_route=\/wp\/v2\/users\/1"}],"replies":[{"embeddable":true,"href":"https:\/\/tauffer.hu\/index.php?rest_route=%2Fwp%2Fv2%2Fcomments&post=164"}],"version-history":[{"count":8,"href":"https:\/\/tauffer.hu\/index.php?rest_route=\/wp\/v2\/pages\/164\/revisions"}],"predecessor-version":[{"id":397,"href":"https:\/\/tauffer.hu\/index.php?rest_route=\/wp\/v2\/pages\/164\/revisions\/397"}],"wp:attachment":[{"href":"https:\/\/tauffer.hu\/index.php?rest_route=%2Fwp%2Fv2%2Fmedia&parent=164"}],"curies":[{"name":"wp","href":"https:\/\/api.w.org\/{rel}","templated":true}]}}