{"id":1569,"date":"2023-01-10T11:52:07","date_gmt":"2023-01-10T11:52:07","guid":{"rendered":"https:\/\/tauffer.hu\/?page_id=1569"},"modified":"2023-01-24T10:28:42","modified_gmt":"2023-01-24T10:28:42","slug":"tauffer-20-a-csalad-a-mi-ertekunk","status":"publish","type":"page","link":"https:\/\/tauffer.hu\/?page_id=1569","title":{"rendered":"Tauffer 20."},"content":{"rendered":"<h2 class=\"entry-title\">A Csal\u00e1d a Mi \u00c9rt\u00e9k\u00fcnk<\/h2>\n<div class=\"entry-content\">\n<p><strong>20.\u00a0 Tauffer Vilmos Tov\u00e1bbk\u00e9pz\u0151 Konferencia \u00a0<\/strong><\/p>\n<p><strong>Tisztelt Sz\u00fcl\u00e9szn\u0151k, V\u00e9d\u0151n\u0151k, Gyermek-\u00e9s Feln\u0151tt \u00c1pol\u00f3k, \u00c9rdekl\u0151d\u0151k!<\/strong><\/p>\n<p><strong>T\u00e1j\u00e9koztatjuk \u00d6n\u00f6ket, hogy A Csal\u00e1d a Mi \u00c9rt\u00e9k\u00fcnk 20 kredit pontos konferenci\u00e1nkat, amely\u00a0 2021. december 10-\u00e9n elmaradt, 2022. j\u00fanius 10-\u00e9n\u00a0 a Nemzeti Sz\u00ednh\u00e1zban megtartottuk.\u00a0<\/strong><\/p>\n<p><strong>Nyilv\u00e1ntart\u00e1si sz\u00e1m: SZTK-A-72260\/2021; Kredit \u00e9rt\u00e9k: 20 pont.<\/strong><\/p>\n<p><strong><strong><strong>Szakma csoportok: v\u00e9d\u0151n\u0151i ell\u00e1t\u00e1s (12), sz\u00fcl\u00e9szeti ell\u00e1t\u00e1s (11), gyermek\u00e1pol\u00e1s \u00e9s gondoz\u00e1s (2), feln\u0151tt \u00e1pol\u00e1s \u00e9s gondoz\u00e1s (1).<\/strong><\/strong><\/strong><strong>\u00a0\u00a0<\/strong><\/p>\n<p><strong>A KONFERENCI\u00c1N VAL\u00d3 R\u00c9SZV\u00c9TEL AZ EMBERI ER\u0150FORR\u00c1SOK MINISZT\u00c9RIUMA T\u00c1MOGAT\u00c1S\u00c1NAK K\u00d6SZ\u00d6NHET\u0150EN T\u00c9R\u00cdT\u00c9SMENTES VOLT.\u00a0<\/strong><\/p>\n<p><a href=\"https:\/\/tauffer.hu\/wp-content\/uploads\/2017\/06\/EMMI-logo.jpg\"><img loading=\"lazy\" decoding=\"async\" class=\"alignnone size-medium wp-image-1509\" src=\"https:\/\/tauffer.hu\/wp-content\/uploads\/2017\/06\/EMMI-logo-300x229.jpg\" alt=\"EMMI logo\" width=\"300\" height=\"229\" srcset=\"https:\/\/tauffer.hu\/wp-content\/uploads\/2017\/06\/EMMI-logo-300x229.jpg 300w, https:\/\/tauffer.hu\/wp-content\/uploads\/2017\/06\/EMMI-logo.jpg 952w\" sizes=\"auto, (max-width: 300px) 100vw, 300px\" \/><\/a><\/p>\n<p><a href=\"https:\/\/tauffer.hu\/wp-content\/uploads\/2017\/06\/Nemzeti-Szinhaz-P5120700.jpg\"><img loading=\"lazy\" decoding=\"async\" class=\"alignnone size-medium wp-image-1440\" src=\"https:\/\/tauffer.hu\/wp-content\/uploads\/2017\/06\/Nemzeti-Szinhaz-P5120700-300x179.jpg\" alt=\"OLYMPUS DIGITAL CAMERA\" width=\"300\" height=\"179\" srcset=\"https:\/\/tauffer.hu\/wp-content\/uploads\/2017\/06\/Nemzeti-Szinhaz-P5120700-300x179.jpg 300w, https:\/\/tauffer.hu\/wp-content\/uploads\/2017\/06\/Nemzeti-Szinhaz-P5120700.jpg 1000w\" sizes=\"auto, (max-width: 300px) 100vw, 300px\" \/><\/a><\/p>\n<p><strong>El\u0151ad\u00e1s programunk:<\/strong><\/p>\n<p><strong>Szakmai el\u0151ad\u00f3ink: Dr. Andrek Andrea,\u00a0 Dr. \u00c1d\u00e1m Zsolt, Dr. Kulcs\u00e1r Andrea, Dr. Melczer Zsolt PhD MSc, Sipk\u00f3 Gabriella, Bak\u00f3n\u00e9 Gottfried Anik\u00f3, Dr. Di\u00f3 Mih\u00e1ly, Lipienn\u00e9 Dr. Kr\u00e9mer Ibolya \u00e9s Makkai Adrienn.<\/strong><\/p>\n<p><strong>Vend\u00e9g el\u0151ad\u00f3: Karin Pettersson (senior consultant, PhD and obstetrician from Karolinska Institut, Stockholm)<\/strong><\/p>\n<p><strong><em>\u201cCovid 19 during pregnancy- are there increased risks for mother and child?\u201d\u00a0<\/em><\/strong><\/p>\n<p><strong>\u201cA Covid 19\u00a0 jelent-e kock\u00e1zatot az any\u00e1ra, illetve a gyermekre?\u201d<\/strong><\/p>\n<p><strong>(Magyar ford\u00edt\u00e1ssal.)<\/strong><\/p>\n<p><a href=\"https:\/\/tauffer.hu\/wp-content\/uploads\/2017\/06\/Tauffer20_Konferencia_Program_2022_junius1.doc\">Tauffer20_Konferencia_Program_2022_junius<\/a><\/p>\n<!-- meta slider -->\n<div style=\"width: 100%; margin: 0 auto;\" class=\"metaslider metaslider-flex metaslider-1243 ml-slider\">\n    <style type=\"text\/css\">\n        #metaslider_1243.flexslider .slides li {margin-right: 5px !important;}\n    <\/style>\n    <div id=\"metaslider_container_1243\">\n        <div id=\"metaslider_1243\" class=\"flexslider\">\n            <ul class=\"slides\">\n                <li style=\"display: none;\"><a href=\"https:\/\/tauffer.hu\/wp-content\/uploads\/2023\/01\/B\u00facs\u00fazunk.jpg\" target=\"_self\"><img loading=\"lazy\" decoding=\"async\" src=\"https:\/\/tauffer.hu\/wp-content\/uploads\/2023\/01\/B\u00facs\u00fazunk-320x250.jpg\" height=\"250\" width=\"320\" class=\"slider-1243 slide-1594\" \/><\/a><div class=\"caption-wrap\"><div class=\"caption\">B\u00facs\u00fazunk sz\u00fcl\u00e9szeinkt\u0151l<\/div><\/div><\/li>\n                <li style=\"display: none;\"><a href=\"https:\/\/tauffer.hu\/wp-content\/uploads\/2023\/01\/Bevezet\u01512.jpg\" target=\"_self\"><img loading=\"lazy\" decoding=\"async\" src=\"https:\/\/tauffer.hu\/wp-content\/uploads\/2023\/01\/Bevezet\u01512-320x250.jpg\" height=\"250\" width=\"320\" class=\"slider-1243 slide-1596\" \/><\/a><div class=\"caption-wrap\"><div class=\"caption\">Bevezet\u0151<\/div><\/div><\/li>\n                <li style=\"display: none;\"><a href=\"https:\/\/tauffer.hu\/wp-content\/uploads\/2023\/01\/N\u00e9z\u0151t\u00e9r1.jpg\" target=\"_self\"><img loading=\"lazy\" decoding=\"async\" src=\"https:\/\/tauffer.hu\/wp-content\/uploads\/2023\/01\/N\u00e9z\u0151t\u00e9r1-320x250.jpg\" height=\"250\" width=\"320\" class=\"slider-1243 slide-1597\" \/><\/a><div class=\"caption-wrap\"><div class=\"caption\">N\u00e9z\u0151t\u00e9r<\/div><\/div><\/li>\n                <li style=\"display: none;\"><a href=\"https:\/\/tauffer.hu\/wp-content\/uploads\/2023\/01\/TM1.jpg\" target=\"_self\"><img loading=\"lazy\" decoding=\"async\" src=\"https:\/\/tauffer.hu\/wp-content\/uploads\/2023\/01\/TM1-320x250.jpg\" height=\"250\" width=\"320\" class=\"slider-1243 slide-1598\" \/><\/a><div class=\"caption-wrap\"><div class=\"caption\">El\u0151ad\u00e1s<\/div><\/div><\/li>\n                <li style=\"display: none;\"><img loading=\"lazy\" decoding=\"async\" src=\"https:\/\/tauffer.hu\/wp-content\/uploads\/2023\/01\/SABA5-320x250.jpg\" height=\"250\" width=\"320\" class=\"slider-1243 slide-1599\" \/><div class=\"caption-wrap\"><div class=\"caption\">Ki\u00e1ll\u00edt\u00e1s<\/div><\/div><\/li>\n                <li style=\"display: none;\"><a href=\"https:\/\/tauffer.hu\/wp-content\/uploads\/2023\/01\/TisztaV\u00edz5.jpg\" target=\"_self\"><img loading=\"lazy\" decoding=\"async\" src=\"https:\/\/tauffer.hu\/wp-content\/uploads\/2023\/01\/TisztaV\u00edz5-320x250.jpg\" height=\"250\" width=\"320\" class=\"slider-1243 slide-1600\" \/><\/a><div class=\"caption-wrap\"><div class=\"caption\">Ki\u00e1ll\u00edt\u00e1s<\/div><\/div><\/li>\n                <li style=\"display: none;\"><a href=\"https:\/\/tauffer.hu\/wp-content\/uploads\/2023\/01\/\u00c1ZS1.jpg\" target=\"_self\"><img loading=\"lazy\" decoding=\"async\" src=\"https:\/\/tauffer.hu\/wp-content\/uploads\/2023\/01\/\u00c1ZS1-320x250.jpg\" height=\"250\" width=\"320\" class=\"slider-1243 slide-1601\" \/><\/a><div class=\"caption-wrap\"><div class=\"caption\">El\u0151ad\u00e1s<\/div><\/div><\/li>\n                <li style=\"display: none;\"><a href=\"https:\/\/tauffer.hu\/wp-content\/uploads\/2023\/01\/Regisztr\u00e1ci\u00f32.jpg\" target=\"_self\"><img loading=\"lazy\" decoding=\"async\" src=\"https:\/\/tauffer.hu\/wp-content\/uploads\/2023\/01\/Regisztr\u00e1ci\u00f32-320x250.jpg\" height=\"250\" width=\"320\" class=\"slider-1243 slide-1602\" \/><\/a><div class=\"caption-wrap\"><div class=\"caption\">Regisztr\u00e1ci\u00f3<\/div><\/div><\/li>\n                <li style=\"display: none;\"><a href=\"https:\/\/tauffer.hu\/wp-content\/uploads\/2023\/01\/Kijelz\u0151-t\u00e1bla.jpg\" target=\"_self\"><img loading=\"lazy\" decoding=\"async\" src=\"https:\/\/tauffer.hu\/wp-content\/uploads\/2023\/01\/Kijelz\u0151-t\u00e1bla-320x250.jpg\" height=\"250\" width=\"320\" class=\"slider-1243 slide-1603\" \/><\/a><div class=\"caption-wrap\"><div class=\"caption\">Kijelz\u0151 t\u00e1bla<\/div><\/div><\/li>\n                <li style=\"display: none;\"><a href=\"https:\/\/tauffer.hu\/wp-content\/uploads\/2023\/01\/Allegro3.jpg\" target=\"_self\"><img loading=\"lazy\" decoding=\"async\" src=\"https:\/\/tauffer.hu\/wp-content\/uploads\/2023\/01\/Allegro3-320x250.jpg\" height=\"250\" width=\"320\" class=\"slider-1243 slide-1604\" \/><\/a><div class=\"caption-wrap\"><div class=\"caption\">Ki\u00e1ll\u00edt\u00e1s<\/div><\/div><\/li>\n            <\/ul>\n        <\/div>\n        \n    <\/div>\n    <script type=\"text\/javascript\">\n        var metaslider_1243 = function($) {\n            $('#metaslider_1243').flexslider({ \n                slideshowSpeed:1500,\n                animation:'slide',\n                controlNav:true,\n                directionNav:true,\n                pauseOnHover:true,\n                direction:'horizontal',\n                reverse:false,\n                animationSpeed:1500,\n                prevText:\"<\",\n                nextText:\">\",\n                easing:\"easeInOutSine\",\n                slideshow:false,\n                itemWidth:320,\n                minItems:1,\n                itemMargin:5,\n                useCSS:false\n            });\n        };\n        var timer_metaslider_1243 = function() {\n            var slider = !window.jQuery ? window.setTimeout(timer_metaslider_1243, 100) : !jQuery.isReady ? window.setTimeout(timer_metaslider_1243, 100) : metaslider_1243(window.jQuery);\n        };\n        timer_metaslider_1243();\n    <\/script>\n<\/div>\n<!--\/\/ meta slider-->\n<\/div>\n","protected":false},"excerpt":{"rendered":"<p>A Csal\u00e1d a Mi \u00c9rt\u00e9k\u00fcnk 20.\u00a0 Tauffer Vilmos Tov\u00e1bbk\u00e9pz\u0151 Konferencia \u00a0 Tisztelt Sz\u00fcl\u00e9szn\u0151k, V\u00e9d\u0151n\u0151k, Gyermek-\u00e9s Feln\u0151tt \u00c1pol\u00f3k, \u00c9rdekl\u0151d\u0151k! T\u00e1j\u00e9koztatjuk \u00d6n\u00f6ket, hogy A Csal\u00e1d a Mi \u00c9rt\u00e9k\u00fcnk 20 kredit pontos konferenci\u00e1nkat, amely\u00a0 2021. december 10-\u00e9n elmaradt, 2022. j\u00fanius 10-\u00e9n\u00a0 a Nemzeti &hellip; <a href=\"https:\/\/tauffer.hu\/?page_id=1569\">Continue reading <span class=\"meta-nav\">&rarr;<\/span><\/a><\/p>\n","protected":false},"author":1,"featured_media":0,"parent":0,"menu_order":0,"comment_status":"closed","ping_status":"closed","template":"","meta":{"footnotes":""},"class_list":["post-1569","page","type-page","status-publish","hentry"],"_links":{"self":[{"href":"https:\/\/tauffer.hu\/index.php?rest_route=\/wp\/v2\/pages\/1569","targetHints":{"allow":["GET"]}}],"collection":[{"href":"https:\/\/tauffer.hu\/index.php?rest_route=\/wp\/v2\/pages"}],"about":[{"href":"https:\/\/tauffer.hu\/index.php?rest_route=\/wp\/v2\/types\/page"}],"author":[{"embeddable":true,"href":"https:\/\/tauffer.hu\/index.php?rest_route=\/wp\/v2\/users\/1"}],"replies":[{"embeddable":true,"href":"https:\/\/tauffer.hu\/index.php?rest_route=%2Fwp%2Fv2%2Fcomments&post=1569"}],"version-history":[{"count":4,"href":"https:\/\/tauffer.hu\/index.php?rest_route=\/wp\/v2\/pages\/1569\/revisions"}],"predecessor-version":[{"id":1605,"href":"https:\/\/tauffer.hu\/index.php?rest_route=\/wp\/v2\/pages\/1569\/revisions\/1605"}],"wp:attachment":[{"href":"https:\/\/tauffer.hu\/index.php?rest_route=%2Fwp%2Fv2%2Fmedia&parent=1569"}],"curies":[{"name":"wp","href":"https:\/\/api.w.org\/{rel}","templated":true}]}}