{"id":1563,"date":"2023-01-10T11:43:13","date_gmt":"2023-01-10T11:43:13","guid":{"rendered":"https:\/\/tauffer.hu\/?page_id=1563"},"modified":"2023-01-10T11:48:46","modified_gmt":"2023-01-10T11:48:46","slug":"tauffer-2022","status":"publish","type":"page","link":"https:\/\/tauffer.hu\/?page_id=1563","title":{"rendered":"Tauffer 2022."},"content":{"rendered":"<ul>\n<li><strong><span style=\"color: #339966;\">Tauffer 20<\/span><\/strong>\u00a0A Csal\u00e1d a Mi \u00c9rt\u00e9k\u00fcnk<\/li>\n<\/ul>\n<p><span style=\"text-decoration: underline;\">Helysz\u00edn:<\/span>\u00a0Nemzeti Sz\u00ednh\u00e1z; Id\u0151pont: 2022. j\u00fanius 10.<\/p>\n<ul>\n<li><strong><span style=\"color: #339966;\">Tauffer 21<\/span><\/strong>\u00a0Egy\u00fctt a Magyar Sz\u00fcl\u00e9szet\u00e9rt &#8211; A sz\u00fcl\u00e9s-, a sz\u00fcl\u00e9st k\u00f6vet\u0151 id\u0151szak aktu\u00e1lis k\u00e9rd\u00e9sei<\/li>\n<\/ul>\n<p><span style=\"text-decoration: underline;\">Helysz\u00edn:<\/span>\u00a0Hotel Az\u00far Si\u00f3fok; Id\u0151pont: 2022. \u00e1prilis 1.<\/p>\n<ul>\n<li>Egy\u00fctt a Magyar Sz\u00fcl\u00e9szet\u00e9rt Konferencia<\/li>\n<\/ul>\n<p><span style=\"text-decoration: underline;\">Helysz\u00edn:<\/span> Hotel Az\u00far Si\u00f3fok; Id\u0151pont: 2022. m\u00e1rcius 30-\u00e1prilis 1.<\/p>\n","protected":false},"excerpt":{"rendered":"<p>Tauffer 20\u00a0A Csal\u00e1d a Mi \u00c9rt\u00e9k\u00fcnk Helysz\u00edn:\u00a0Nemzeti Sz\u00ednh\u00e1z; Id\u0151pont: 2022. j\u00fanius 10. Tauffer 21\u00a0Egy\u00fctt a Magyar Sz\u00fcl\u00e9szet\u00e9rt &#8211; A sz\u00fcl\u00e9s-, a sz\u00fcl\u00e9st k\u00f6vet\u0151 id\u0151szak aktu\u00e1lis k\u00e9rd\u00e9sei Helysz\u00edn:\u00a0Hotel Az\u00far Si\u00f3fok; Id\u0151pont: 2022. \u00e1prilis 1. Egy\u00fctt a Magyar Sz\u00fcl\u00e9szet\u00e9rt Konferencia Helysz\u00edn: Hotel &hellip; <a href=\"https:\/\/tauffer.hu\/?page_id=1563\">Continue reading <span class=\"meta-nav\">&rarr;<\/span><\/a><\/p>\n","protected":false},"author":1,"featured_media":0,"parent":0,"menu_order":0,"comment_status":"closed","ping_status":"closed","template":"","meta":{"footnotes":""},"class_list":["post-1563","page","type-page","status-publish","hentry"],"_links":{"self":[{"href":"https:\/\/tauffer.hu\/index.php?rest_route=\/wp\/v2\/pages\/1563","targetHints":{"allow":["GET"]}}],"collection":[{"href":"https:\/\/tauffer.hu\/index.php?rest_route=\/wp\/v2\/pages"}],"about":[{"href":"https:\/\/tauffer.hu\/index.php?rest_route=\/wp\/v2\/types\/page"}],"author":[{"embeddable":true,"href":"https:\/\/tauffer.hu\/index.php?rest_route=\/wp\/v2\/users\/1"}],"replies":[{"embeddable":true,"href":"https:\/\/tauffer.hu\/index.php?rest_route=%2Fwp%2Fv2%2Fcomments&post=1563"}],"version-history":[{"count":2,"href":"https:\/\/tauffer.hu\/index.php?rest_route=\/wp\/v2\/pages\/1563\/revisions"}],"predecessor-version":[{"id":1567,"href":"https:\/\/tauffer.hu\/index.php?rest_route=\/wp\/v2\/pages\/1563\/revisions\/1567"}],"wp:attachment":[{"href":"https:\/\/tauffer.hu\/index.php?rest_route=%2Fwp%2Fv2%2Fmedia&parent=1563"}],"curies":[{"name":"wp","href":"https:\/\/api.w.org\/{rel}","templated":true}]}}