{"id":156,"date":"2014-04-07T09:50:00","date_gmt":"2014-04-07T09:50:00","guid":{"rendered":"http:\/\/tauffer.hu\/?page_id=156"},"modified":"2014-04-11T10:42:31","modified_gmt":"2014-04-11T10:42:31","slug":"tauffer-02","status":"publish","type":"page","link":"https:\/\/tauffer.hu\/?page_id=156","title":{"rendered":"Tauffer 02"},"content":{"rendered":"<p><b><i>V\u00e1rand\u00f3sgondoz\u00e1s 2013. Konferencia<\/i><\/b> <strong>&#8211; Tauffer 02 tov\u00e1bbk\u00e9pz\u00e9s<\/strong><\/p>\n<p>(2013. szeptember 17.) Magyar Tudom\u00e1nyos Akad\u00e9mia<\/p>\n<p>Tanfolyam nyilv\u00e1ntart\u00e1si sz\u00e1ma: 26964\/2013. Kreditpont \u00e9rt\u00e9k: 20 pont<\/p>\n<!-- meta slider -->\n<div style=\"width: 100%; margin: 0 auto;\" class=\"metaslider metaslider-flex metaslider-233 ml-slider\">\n    <style type=\"text\/css\">\n        #metaslider_233.flexslider .slides li {margin-right: 5px !important;}\n    <\/style>\n    <div id=\"metaslider_container_233\">\n        <div id=\"metaslider_233\" class=\"flexslider\">\n            <ul class=\"slides\">\n                <li style=\"display: none;\"><img loading=\"lazy\" decoding=\"async\" src=\"https:\/\/tauffer.hu\/wp-content\/uploads\/2014\/04\/D\u00edszteremben11-320x250.jpg\" height=\"250\" width=\"320\" class=\"slider-233 slide-254\" \/><div class=\"caption-wrap\"><div class=\"caption\">D\u00edszteremben<\/div><\/div><\/li>\n                <li style=\"display: none;\"><img loading=\"lazy\" decoding=\"async\" src=\"https:\/\/tauffer.hu\/wp-content\/uploads\/2014\/04\/D\u00edszteremben21-320x250.jpg\" height=\"250\" width=\"320\" class=\"slider-233 slide-255\" \/><div class=\"caption-wrap\"><div class=\"caption\">D\u00edszteremben<\/div><\/div><\/li>\n                <li style=\"display: none;\"><img loading=\"lazy\" decoding=\"async\" src=\"https:\/\/tauffer.hu\/wp-content\/uploads\/2014\/04\/D\u00edszteremben31-320x250.jpg\" height=\"250\" width=\"320\" class=\"slider-233 slide-256\" \/><div class=\"caption-wrap\"><div class=\"caption\">D\u00edszterem<\/div><\/div><\/li>\n                <li style=\"display: none;\"><img loading=\"lazy\" decoding=\"async\" src=\"https:\/\/tauffer.hu\/wp-content\/uploads\/2014\/04\/El\u0151ad\u00f3ik_Prof.-Dr.-Papp-Zolt\u00e1n1-320x250.jpg\" height=\"250\" width=\"320\" class=\"slider-233 slide-257\" \/><div class=\"caption-wrap\"><div class=\"caption\">El\u0151ad\u00f3ink Prof. Dr. Papp Zolt\u00e1n<\/div><\/div><\/li>\n                <li style=\"display: none;\"><img loading=\"lazy\" decoding=\"async\" src=\"https:\/\/tauffer.hu\/wp-content\/uploads\/2014\/04\/El\u0151ad\u00f3ink_Dr.-\u00c1cs-N\u00e1ndor1-320x250.jpg\" height=\"250\" width=\"320\" class=\"slider-233 slide-258\" \/><div class=\"caption-wrap\"><div class=\"caption\">El\u0151ad\u00f3ink Dr. \u00c1cs N\u00e1ndor<\/div><\/div><\/li>\n                <li style=\"display: none;\"><img loading=\"lazy\" decoding=\"async\" src=\"https:\/\/tauffer.hu\/wp-content\/uploads\/2014\/04\/F\u0151szponzor_Dr.-Peithner2-320x250.jpg\" height=\"250\" width=\"320\" class=\"slider-233 slide-259\" \/><div class=\"caption-wrap\"><div class=\"caption\">Ki\u00e1ll\u00edt\u00f3ink - Dr. Peithner<\/div><\/div><\/li>\n                <li style=\"display: none;\"><img loading=\"lazy\" decoding=\"async\" src=\"https:\/\/tauffer.hu\/wp-content\/uploads\/2014\/04\/K\u00e1v\u00e9sz\u00fcnet-a-Klub-teremben1-320x250.jpg\" height=\"250\" width=\"320\" class=\"slider-233 slide-260\" \/><div class=\"caption-wrap\"><div class=\"caption\">K\u00e1v\u00e9sz\u00fcnet<\/div><\/div><\/li>\n                <li style=\"display: none;\"><img loading=\"lazy\" decoding=\"async\" src=\"https:\/\/tauffer.hu\/wp-content\/uploads\/2014\/04\/Ki\u00e1ll\u00edt\u00f3ink2-320x250.jpg\" height=\"250\" width=\"320\" class=\"slider-233 slide-261\" \/><div class=\"caption-wrap\"><div class=\"caption\">Ki\u00e1ll\u00edt\u00f3ink<\/div><\/div><\/li>\n                <li style=\"display: none;\"><img loading=\"lazy\" decoding=\"async\" src=\"https:\/\/tauffer.hu\/wp-content\/uploads\/2014\/04\/Mil-Land-Divatbemutat\u00f31-320x250.jpg\" height=\"250\" width=\"320\" class=\"slider-233 slide-262\" \/><div class=\"caption-wrap\"><div class=\"caption\">Mil Land Divatbemutat\u00f3<\/div><\/div><\/li>\n                <li style=\"display: none;\"><img loading=\"lazy\" decoding=\"async\" src=\"https:\/\/tauffer.hu\/wp-content\/uploads\/2014\/04\/Mil-Land-Divatbemutat\u00f32-320x250.jpg\" height=\"250\" width=\"320\" class=\"slider-233 slide-263\" \/><div class=\"caption-wrap\"><div class=\"caption\">Mil Land Divatbemutat\u00f3<\/div><\/div><\/li>\n                <li style=\"display: none;\"><img loading=\"lazy\" decoding=\"async\" src=\"https:\/\/tauffer.hu\/wp-content\/uploads\/2014\/04\/Prof.-Dr.-Papp-Zolt\u00e1nnal-320x250.jpg\" height=\"250\" width=\"320\" class=\"slider-233 slide-264\" \/><div class=\"caption-wrap\"><div class=\"caption\">Prof. Dr. Papp Zolt\u00e1nnal<\/div><\/div><\/li>\n                <li style=\"display: none;\"><img loading=\"lazy\" decoding=\"async\" src=\"https:\/\/tauffer.hu\/wp-content\/uploads\/2014\/04\/Vonak\u00f3dos-bel\u00e9ptet\u00e9s-320x250.jpg\" height=\"250\" width=\"320\" class=\"slider-233 slide-265\" \/><div class=\"caption-wrap\"><div class=\"caption\">Vonalk\u00f3dos bel\u00e9ptet\u00e9s<\/div><\/div><\/li>\n            <\/ul>\n        <\/div>\n        \n    <\/div>\n    <script type=\"text\/javascript\">\n        var metaslider_233 = function($) {\n            $('#metaslider_233').flexslider({ \n                slideshowSpeed:1500,\n                animation:'slide',\n                controlNav:true,\n                directionNav:true,\n                pauseOnHover:true,\n                direction:'horizontal',\n                reverse:false,\n                animationSpeed:1500,\n                prevText:\"<\",\n                nextText:\">\",\n                easing:\"easeInOutSine\",\n                slideshow:false,\n                itemWidth:320,\n                minItems:1,\n                itemMargin:5,\n                useCSS:false\n            });\n        };\n        var timer_metaslider_233 = function() {\n            var slider = !window.jQuery ? window.setTimeout(timer_metaslider_233, 100) : !jQuery.isReady ? window.setTimeout(timer_metaslider_233, 100) : metaslider_233(window.jQuery);\n        };\n        timer_metaslider_233();\n    <\/script>\n<\/div>\n<!--\/\/ meta slider-->\n","protected":false},"excerpt":{"rendered":"<p>V\u00e1rand\u00f3sgondoz\u00e1s 2013. Konferencia &#8211; Tauffer 02 tov\u00e1bbk\u00e9pz\u00e9s (2013. szeptember 17.) Magyar Tudom\u00e1nyos Akad\u00e9mia Tanfolyam nyilv\u00e1ntart\u00e1si sz\u00e1ma: 26964\/2013. Kreditpont \u00e9rt\u00e9k: 20 pont<\/p>\n","protected":false},"author":1,"featured_media":0,"parent":0,"menu_order":0,"comment_status":"closed","ping_status":"closed","template":"","meta":{"footnotes":""},"class_list":["post-156","page","type-page","status-publish","hentry"],"_links":{"self":[{"href":"https:\/\/tauffer.hu\/index.php?rest_route=\/wp\/v2\/pages\/156","targetHints":{"allow":["GET"]}}],"collection":[{"href":"https:\/\/tauffer.hu\/index.php?rest_route=\/wp\/v2\/pages"}],"about":[{"href":"https:\/\/tauffer.hu\/index.php?rest_route=\/wp\/v2\/types\/page"}],"author":[{"embeddable":true,"href":"https:\/\/tauffer.hu\/index.php?rest_route=\/wp\/v2\/users\/1"}],"replies":[{"embeddable":true,"href":"https:\/\/tauffer.hu\/index.php?rest_route=%2Fwp%2Fv2%2Fcomments&post=156"}],"version-history":[{"count":4,"href":"https:\/\/tauffer.hu\/index.php?rest_route=\/wp\/v2\/pages\/156\/revisions"}],"predecessor-version":[{"id":266,"href":"https:\/\/tauffer.hu\/index.php?rest_route=\/wp\/v2\/pages\/156\/revisions\/266"}],"wp:attachment":[{"href":"https:\/\/tauffer.hu\/index.php?rest_route=%2Fwp%2Fv2%2Fmedia&parent=156"}],"curies":[{"name":"wp","href":"https:\/\/api.w.org\/{rel}","templated":true}]}}