{"id":150,"date":"2014-04-07T09:37:09","date_gmt":"2014-04-07T09:37:09","guid":{"rendered":"http:\/\/tauffer.hu\/?page_id=150"},"modified":"2014-04-09T13:56:30","modified_gmt":"2014-04-09T13:56:30","slug":"tauffer-01","status":"publish","type":"page","link":"https:\/\/tauffer.hu\/?page_id=150","title":{"rendered":"Tauffer 01"},"content":{"rendered":"<p><b><i>A v\u00e1rand\u00f3sgondoz\u00e1s alatti vizsg\u00e1latok jelent\u0151s\u00e9ge<\/i><\/b><\/p>\n<p>Tau f01 2013. j\u00fanius 5. &#8211; Semmelweis Egyetem Nagyv\u00e1rad t\u00e9ri Elm\u00e9leti T\u00f6mb;<\/p>\n<p>Tanfolyam nyilv\u00e1ntart\u00e1si sz\u00e1ma: 17262\/2013. Kreditpont \u00e9rt\u00e9k: 20 pont<\/p>\n<!-- meta slider -->\n<div style=\"width: 100%; margin: 0 auto;\" class=\"metaslider metaslider-flex metaslider-226 ml-slider\">\n    <style type=\"text\/css\">\n        #metaslider_226.flexslider .slides li {margin-right: 5px !important;}\n    <\/style>\n    <div id=\"metaslider_container_226\">\n        <div id=\"metaslider_226\" class=\"flexslider\">\n            <ul class=\"slides\">\n                <li style=\"display: none;\"><img loading=\"lazy\" decoding=\"async\" src=\"https:\/\/tauffer.hu\/wp-content\/uploads\/2014\/04\/Prof.-Dr.-R\u00e1k\u00f3czi-Istv\u00e1nnal-320x250.jpg\" height=\"250\" width=\"320\" class=\"slider-226 slide-197\" \/><div class=\"caption-wrap\"><div class=\"caption\">Prof.doktor R\u00e1k\u00f3czi Istv\u00e1nnal<\/div><\/div><\/li>\n                <li style=\"display: none;\"><img loading=\"lazy\" decoding=\"async\" src=\"https:\/\/tauffer.hu\/wp-content\/uploads\/2014\/04\/Ki\u00e1ll\u00edt\u00f3ink_Anita-320x250.jpg\" height=\"250\" width=\"320\" class=\"slider-226 slide-196\" \/><div class=\"caption-wrap\"><div class=\"caption\">Ki\u00e1ll\u00edt\u00f3ink: Anita<\/div><\/div><\/li>\n                <li style=\"display: none;\"><img loading=\"lazy\" decoding=\"async\" src=\"https:\/\/tauffer.hu\/wp-content\/uploads\/2014\/04\/Ki\u00e1ll\u00edt\u00f3ink-_EGIS-320x250.jpg\" height=\"250\" width=\"320\" class=\"slider-226 slide-194\" \/><div class=\"caption-wrap\"><div class=\"caption\">Ki\u00e1l\u00edt\u00f3ink: EGIS<\/div><\/div><\/li>\n                <li style=\"display: none;\"><img loading=\"lazy\" decoding=\"async\" src=\"https:\/\/tauffer.hu\/wp-content\/uploads\/2014\/04\/F\u0151szponzor_Dr.-Peithner-320x250.jpg\" height=\"250\" width=\"320\" class=\"slider-226 slide-193\" \/><div class=\"caption-wrap\"><div class=\"caption\">F\u0151szponzor: Dr. Peithner<\/div><\/div><\/li>\n                <li style=\"display: none;\"><img loading=\"lazy\" decoding=\"async\" src=\"https:\/\/tauffer.hu\/wp-content\/uploads\/2014\/04\/F\u0151szponzor_Cord-Blood-center-320x250.jpg\" height=\"250\" width=\"320\" class=\"slider-226 slide-192\" \/><div class=\"caption-wrap\"><div class=\"caption\">F\u0151szponzor: Cord Blood Center<\/div><\/div><\/li>\n                <li style=\"display: none;\"><img loading=\"lazy\" decoding=\"async\" src=\"https:\/\/tauffer.hu\/wp-content\/uploads\/2014\/04\/El\u0151ad\u00f3ink_Prof.-Dr.-Rig\u00f3-J\u00e1nos-320x250.jpg\" height=\"250\" width=\"320\" class=\"slider-226 slide-191\" \/><div class=\"caption-wrap\"><div class=\"caption\">El\u0151ad\u00f3ink: Prof. dr. Rig\u00f3<\/div><\/div><\/li>\n                <li style=\"display: none;\"><img loading=\"lazy\" decoding=\"async\" src=\"https:\/\/tauffer.hu\/wp-content\/uploads\/2014\/04\/El\u0151ad\u00f3-teremben2-320x250.jpg\" height=\"250\" width=\"320\" class=\"slider-226 slide-190\" \/><div class=\"caption-wrap\"><div class=\"caption\">Az el\u0151ad\u00f3 teremben 2<\/div><\/div><\/li>\n                <li style=\"display: none;\"><img loading=\"lazy\" decoding=\"async\" src=\"https:\/\/tauffer.hu\/wp-content\/uploads\/2014\/04\/El\u0151ad\u00f3-teremben1-320x250.jpg\" height=\"250\" width=\"320\" class=\"slider-226 slide-189\" \/><div class=\"caption-wrap\"><div class=\"caption\">Az el\u0151ad\u00f3 teremben 1<\/div><\/div><\/li>\n                <li style=\"display: none;\"><img loading=\"lazy\" decoding=\"async\" src=\"https:\/\/tauffer.hu\/wp-content\/uploads\/2014\/04\/Bel\u00e9ptet\u00e9s-320x250.jpg\" height=\"250\" width=\"320\" class=\"slider-226 slide-188\" \/><div class=\"caption-wrap\"><div class=\"caption\">Bel\u00e9ptet\u00e9s<\/div><\/div><\/li>\n                <li style=\"display: none;\"><img loading=\"lazy\" decoding=\"async\" src=\"https:\/\/tauffer.hu\/wp-content\/uploads\/2014\/04\/Bel\u00e9ptet\u00e9s-el\u0151tt-320x250.jpg\" height=\"250\" width=\"320\" class=\"slider-226 slide-187\" \/><div class=\"caption-wrap\"><div class=\"caption\">Regisztr\u00e1ci\u00f3s pult<\/div><\/div><\/li>\n                <li style=\"display: none;\"><img loading=\"lazy\" decoding=\"async\" src=\"https:\/\/tauffer.hu\/wp-content\/uploads\/2014\/04\/Ki\u00e1ll\u00edt\u00f3ink-320x250.jpg\" height=\"250\" width=\"320\" class=\"slider-226 slide-195\" \/><div class=\"caption-wrap\"><div class=\"caption\">Ki\u00e1ll\u00edt\u00f3ink<\/div><\/div><\/li>\n            <\/ul>\n        <\/div>\n        \n    <\/div>\n    <script type=\"text\/javascript\">\n        var metaslider_226 = function($) {\n            $('#metaslider_226').flexslider({ \n                slideshowSpeed:1500,\n                animation:'slide',\n                controlNav:true,\n                directionNav:true,\n                pauseOnHover:true,\n                direction:'horizontal',\n                reverse:false,\n                animationSpeed:1500,\n                prevText:\"<\",\n                nextText:\">\",\n                easing:\"easeInOutSine\",\n                slideshow:false,\n                itemWidth:320,\n                minItems:1,\n                itemMargin:5,\n                useCSS:false\n            });\n        };\n        var timer_metaslider_226 = function() {\n            var slider = !window.jQuery ? window.setTimeout(timer_metaslider_226, 100) : !jQuery.isReady ? window.setTimeout(timer_metaslider_226, 100) : metaslider_226(window.jQuery);\n        };\n        timer_metaslider_226();\n    <\/script>\n<\/div>\n<!--\/\/ meta slider-->\n<p>&nbsp;<\/p>\n<p>&nbsp;<\/p>\n","protected":false},"excerpt":{"rendered":"<p>A v\u00e1rand\u00f3sgondoz\u00e1s alatti vizsg\u00e1latok jelent\u0151s\u00e9ge Tau f01 2013. j\u00fanius 5. &#8211; Semmelweis Egyetem Nagyv\u00e1rad t\u00e9ri Elm\u00e9leti T\u00f6mb; Tanfolyam nyilv\u00e1ntart\u00e1si sz\u00e1ma: 17262\/2013. Kreditpont \u00e9rt\u00e9k: 20 pont &nbsp; &nbsp;<\/p>\n","protected":false},"author":1,"featured_media":0,"parent":0,"menu_order":0,"comment_status":"closed","ping_status":"closed","template":"","meta":{"footnotes":""},"class_list":["post-150","page","type-page","status-publish","hentry"],"_links":{"self":[{"href":"https:\/\/tauffer.hu\/index.php?rest_route=\/wp\/v2\/pages\/150","targetHints":{"allow":["GET"]}}],"collection":[{"href":"https:\/\/tauffer.hu\/index.php?rest_route=\/wp\/v2\/pages"}],"about":[{"href":"https:\/\/tauffer.hu\/index.php?rest_route=\/wp\/v2\/types\/page"}],"author":[{"embeddable":true,"href":"https:\/\/tauffer.hu\/index.php?rest_route=\/wp\/v2\/users\/1"}],"replies":[{"embeddable":true,"href":"https:\/\/tauffer.hu\/index.php?rest_route=%2Fwp%2Fv2%2Fcomments&post=150"}],"version-history":[{"count":8,"href":"https:\/\/tauffer.hu\/index.php?rest_route=\/wp\/v2\/pages\/150\/revisions"}],"predecessor-version":[{"id":246,"href":"https:\/\/tauffer.hu\/index.php?rest_route=\/wp\/v2\/pages\/150\/revisions\/246"}],"wp:attachment":[{"href":"https:\/\/tauffer.hu\/index.php?rest_route=%2Fwp%2Fv2%2Fmedia&parent=150"}],"curies":[{"name":"wp","href":"https:\/\/api.w.org\/{rel}","templated":true}]}}