{"id":15,"date":"2014-04-02T12:49:56","date_gmt":"2014-04-02T12:49:56","guid":{"rendered":"http:\/\/tauffer.hu\/?page_id=15"},"modified":"2025-04-16T08:15:19","modified_gmt":"2025-04-16T08:15:19","slug":"teszteredmenyek","status":"publish","type":"page","link":"https:\/\/tauffer.hu\/?page_id=15","title":{"rendered":"Tesztmegold\u00e1s"},"content":{"rendered":"<p style=\"text-align: justify;\">A <strong>2025. \u00e1prilis 11-<\/strong>ei, <strong>az Egy\u00fctt a Magyar Sz\u00fcl\u00e9szet\u00e9rt 2025. &#8211; Sikeres l\u00e9p\u00e9sek a jelen \u00e9s a j\u00f6v\u0151 kih\u00edv\u00e1saira <\/strong>c\u00edm\u0171 konferencia teszteredm\u00e9nyeit e-mailben kik\u00fcldj\u00fck minden teszt\u00edr\u00f3nak.<\/p>\n<p style=\"text-align: justify;\">Itt megn\u00e9zheti a tesztk\u00e9rd\u00e9seket \u00e9s a helyes megold\u00e1st.<\/p>\n<p style=\"text-align: justify;\"><a href=\"https:\/\/tauffer.hu\/wp-content\/uploads\/2025\/04\/Tauf24Teszt.docx\">TesztTauf24<\/a><\/p>\n<p><a href=\"https:\/\/tauffer.hu\/wp-content\/uploads\/2025\/04\/Tauf24Megoldo.docx\">Megold\u00f3Tauf24<\/a><\/p>\n<p style=\"text-align: justify;\">K\u00f6sz\u00f6nj\u00fck, hogy r\u00e9szt vett konferenci\u00e1nkon!<\/p>\n","protected":false},"excerpt":{"rendered":"<p>A 2025. \u00e1prilis 11-ei, az Egy\u00fctt a Magyar Sz\u00fcl\u00e9szet\u00e9rt 2025. &#8211; Sikeres l\u00e9p\u00e9sek a jelen \u00e9s a j\u00f6v\u0151 kih\u00edv\u00e1saira c\u00edm\u0171 konferencia teszteredm\u00e9nyeit e-mailben kik\u00fcldj\u00fck minden teszt\u00edr\u00f3nak. Itt megn\u00e9zheti a tesztk\u00e9rd\u00e9seket \u00e9s a helyes megold\u00e1st. TesztTauf24 Megold\u00f3Tauf24 K\u00f6sz\u00f6nj\u00fck, hogy r\u00e9szt vett &hellip; <a href=\"https:\/\/tauffer.hu\/?page_id=15\">Continue reading <span class=\"meta-nav\">&rarr;<\/span><\/a><\/p>\n","protected":false},"author":1,"featured_media":0,"parent":0,"menu_order":0,"comment_status":"open","ping_status":"open","template":"","meta":{"footnotes":""},"class_list":["post-15","page","type-page","status-publish","hentry"],"_links":{"self":[{"href":"https:\/\/tauffer.hu\/index.php?rest_route=\/wp\/v2\/pages\/15","targetHints":{"allow":["GET"]}}],"collection":[{"href":"https:\/\/tauffer.hu\/index.php?rest_route=\/wp\/v2\/pages"}],"about":[{"href":"https:\/\/tauffer.hu\/index.php?rest_route=\/wp\/v2\/types\/page"}],"author":[{"embeddable":true,"href":"https:\/\/tauffer.hu\/index.php?rest_route=\/wp\/v2\/users\/1"}],"replies":[{"embeddable":true,"href":"https:\/\/tauffer.hu\/index.php?rest_route=%2Fwp%2Fv2%2Fcomments&post=15"}],"version-history":[{"count":61,"href":"https:\/\/tauffer.hu\/index.php?rest_route=\/wp\/v2\/pages\/15\/revisions"}],"predecessor-version":[{"id":1898,"href":"https:\/\/tauffer.hu\/index.php?rest_route=\/wp\/v2\/pages\/15\/revisions\/1898"}],"wp:attachment":[{"href":"https:\/\/tauffer.hu\/index.php?rest_route=%2Fwp%2Fv2%2Fmedia&parent=15"}],"curies":[{"name":"wp","href":"https:\/\/api.w.org\/{rel}","templated":true}]}}