{"id":1449,"date":"2022-01-13T17:06:49","date_gmt":"2022-01-13T17:06:49","guid":{"rendered":"https:\/\/tauffer.hu\/?page_id=1449"},"modified":"2023-01-24T12:07:26","modified_gmt":"2023-01-24T12:07:26","slug":"egyutt-a-magyar-szuleszetert-konferencia","status":"publish","type":"page","link":"https:\/\/tauffer.hu\/?page_id=1449","title":{"rendered":"Egy\u00fctt a Magyar Sz\u00fcl\u00e9szet\u00e9rt Konferencia"},"content":{"rendered":"<p style=\"text-align: left;\"><strong>\u00a0Si\u00f3fok Hotel Az\u00far (8600 Si\u00f3fok, Erkel Ferenc u. 2\/c.);\u00a0 \u00a0 \u00a0 \u00a0 \u00a0 \u00a0 \u00a0 \u00a0 \u00a0 \u00a0 \u00a0 \u00a0 \u00a0 \u00a0 \u00a0 \u00a0 \u00a0 \u00a0 \u00a0 \u00a0 \u00a0 \u00a0<\/strong><strong>2022. m\u00e1rcius 31- \u00e1prilis 2.<\/strong><\/p>\n<p style=\"text-align: left;\"><span style=\"color: #ff0000;\"><strong>A KONFERENCIA T\u00c9R\u00cdT\u00c9SMENTESS\u00c9GE\u00a0AZ EMBERI ER\u0150FORR\u00c1SOK MINISZT\u00c9RIUMA T\u00c1MOGAT\u00c1S\u00c1NAK K\u00d6SZ\u00d6NHET\u0150.<\/strong><\/span><\/p>\n<p><a href=\"https:\/\/tauffer.hu\/wp-content\/uploads\/2017\/06\/EMMI-logo.jpg\"><img loading=\"lazy\" decoding=\"async\" class=\"aligncenter wp-image-1509 size-medium\" src=\"https:\/\/tauffer.hu\/wp-content\/uploads\/2017\/06\/EMMI-logo-300x229.jpg\" alt=\"EMMI logo\" width=\"300\" height=\"229\" srcset=\"https:\/\/tauffer.hu\/wp-content\/uploads\/2017\/06\/EMMI-logo-300x229.jpg 300w, https:\/\/tauffer.hu\/wp-content\/uploads\/2017\/06\/EMMI-logo.jpg 952w\" sizes=\"auto, (max-width: 300px) 100vw, 300px\" \/><\/a><\/p>\n<p style=\"text-align: right;\"><a href=\"https:\/\/tauffer.hu\/wp-content\/uploads\/2022\/01\/EMSZ-log\u00f3-kocka.jpg\"><img loading=\"lazy\" decoding=\"async\" class=\"wp-image-1493 alignleft\" src=\"https:\/\/tauffer.hu\/wp-content\/uploads\/2022\/01\/EMSZ-log\u00f3-kocka-300x249.jpg\" alt=\"\" width=\"190\" height=\"158\" srcset=\"https:\/\/tauffer.hu\/wp-content\/uploads\/2022\/01\/EMSZ-log\u00f3-kocka-300x249.jpg 300w, https:\/\/tauffer.hu\/wp-content\/uploads\/2022\/01\/EMSZ-log\u00f3-kocka-1024x851.jpg 1024w, https:\/\/tauffer.hu\/wp-content\/uploads\/2022\/01\/EMSZ-log\u00f3-kocka.jpg 1238w\" sizes=\"auto, (max-width: 190px) 100vw, 190px\" \/><\/a>\u00a0<a href=\"https:\/\/tauffer.hu\/wp-content\/uploads\/2022\/01\/az\u00far.jpg\"><img loading=\"lazy\" decoding=\"async\" class=\"wp-image-1465\" src=\"https:\/\/tauffer.hu\/wp-content\/uploads\/2022\/01\/az\u00far-300x63.jpg\" alt=\"\" width=\"423\" height=\"87\" \/><\/a><\/p>\n<h3 style=\"text-align: left;\"><\/h3>\n<h3 style=\"text-align: left;\">\u00a0<strong>ORVOS-SZAKD<\/strong><strong>OLGOZ\u00d3 TAL\u00c1LKOZ\u00d3 2022\u00a0<\/strong><\/h3>\n<p><em>&#8222;Nincs nagyobb dolog ann\u00e1l, mint a semmib\u0151l teremteni valamit.\u00a0 \u00a0 Nincs r\u00e9szeg\u00edt\u0151bb \u00e9lm\u00e9ny, mint valamit megalkotni a semmib\u0151l!\u00a0 \u00a0 Alkotni valamit magadb\u00f3l!&#8221;\u00a0 \u00a0 \u00a0<\/em>\u00a0 \u00a0 \u00a0 \u00a0 \u00a0 \u00a0 \u00a0 \u00a0 \u00a0 \u00a0 \u00a0 \u00a0 \u00a0 \u00a0 \u00a0 \u00a0 \u00a0 \u00a0 \u00a0 \u00a0 \u00a0 \u00a0 \u00a0 \u00a0 \u00a0 \u00a0 \u00a0 \u00a0 \u00a0 \u00a0 \u00a0 \u00a0 \u00a0 \u00a0 \u00a0 \u00a0 \u00a0 \u00a0 \u00a0 \u00a0 \u00a0 \u00a0 \u00a0 \u00a0 \u00a0 \u00a0 \u00a0 \u00a0 \u00a0 \u00a0 \u00a0 \u00a0 \u00a0 \u00a0 \u00a0 \u00a0 \u00a0 \u00a0 \u00a0 \u00a0 \u00a0 \u00a0 \u00a0 \u00a0 \u00a0 \u00a0 Rainbow Rowel<\/p>\n<p>Neh\u00e9z id\u0151szakon vagyunk t\u00fal. A m\u00e1r k\u00e9t \u00e9ve tart\u00f3 vil\u00e1gj\u00e1rv\u00e1ny teljesen megv\u00e1ltoztatta mindennapi \u00e9let\u00fcnket. Nagyon elf\u00e1rasztott minket ez az id\u0151szak, de sokat tanultunk is ez id\u0151 alatt:\u00a0 \u00a0 \u00a0 \u00a0 \u00a0 \u00a0 \u00a0 \u00a0 \u00a0 \u00a0 \u00a0 \u00a0 \u00a0 \u00a0 \u00a0 \u00a0 \u00a0 \u00a0 \u00a0 \u00a0 \u00a0 \u00a0 \u00a0 \u00a0 \u00a0 \u00a0 \u00a0 \u00a0 \u00a0 \u00a0 \u00a0 \u00a0 \u00a0 \u00a0 \u00a0 \u00a0 \u00a0 \u00a0 \u00a0 \u00a0 \u00a0 \u00a0 \u00a0 \u00a0 \u00a0 \u00a0 \u00a0 \u00a0 \u00a0 \u00a0 \u00a0 \u00a0 \u00a0 \u00a0 \u00a0 \u00a0 \u00a0 \u00a0 \u00a0 \u00a0 \u00a0 \u00a0 \u00a0 \u00a0 \u00a0 \u00a0 \u00a0 \u00a0 \u00a0 \u00a0 \u00a0 \u00a0 \u00a0 \u00a0 \u00a0 &#8211; \u00c9rt\u00e9kelj\u00fck egym\u00e1s munk\u00e1j\u00e1t,\u00a0 \u00a0 \u00a0 \u00a0 \u00a0 \u00a0 \u00a0 \u00a0 \u00a0 \u00a0 \u00a0 \u00a0 \u00a0 \u00a0 \u00a0 \u00a0 \u00a0 \u00a0 \u00a0 \u00a0 \u00a0 \u00a0 \u00a0 \u00a0 \u00a0 \u00a0 \u00a0 \u00a0 \u00a0 \u00a0 \u00a0 \u00a0 \u00a0 \u00a0 \u00a0 \u00a0 \u00a0 \u00a0 \u00a0 \u00a0 \u00a0 \u00a0 \u00a0 \u00a0 \u00a0 \u00a0 \u00a0 \u00a0 \u00a0 \u00a0 \u00a0 \u00a0 \u00a0 \u00a0 \u00a0 &#8211; \u00c9rt\u00e9kelj\u00fcnk minden kis lehet\u0151s\u00e9get,\u00a0 \u00a0 \u00a0 \u00a0 \u00a0 \u00a0 \u00a0 \u00a0 \u00a0 \u00a0 \u00a0 \u00a0 \u00a0 \u00a0 \u00a0 \u00a0 \u00a0 \u00a0 \u00a0 \u00a0 \u00a0 \u00a0 \u00a0 \u00a0 \u00a0 \u00a0 \u00a0 \u00a0 \u00a0 \u00a0 \u00a0 \u00a0 \u00a0 \u00a0 \u00a0 \u00a0 \u00a0 \u00a0 \u00a0 \u00a0 \u00a0 \u00a0 \u00a0 \u00a0 \u00a0 \u00a0 \u00a0 \u00a0 \u00a0 &#8211; De legf\u0151k\u00e9pp \u00e9rt\u00e9kelj\u00fck a tud\u00e1st, a megszerzett tapasztalatot.<\/p>\n<p><strong>Tanuljunk egy\u00fctt, tanuljunk egym\u00e1st\u00f3l!<\/strong><\/p>\n<p><a href=\"https:\/\/tauffer.hu\/wp-content\/uploads\/2022\/04\/EMSZ_2022_SIOFOK.mp4\"><span style=\"text-decoration: underline;\"><strong>A KONFERENCI\u00c1N K\u00c9SZ\u00cdTETT F\u00c9NYK\u00c9PEK ITT N\u00c9ZHET\u0150EK MEG.<\/strong><\/span><\/a><\/p>\n<p><span style=\"text-decoration: underline;\"><strong>El\u0151ad\u00f3k voltak:<\/strong><\/span><strong>\u00a0 \u00a0 \u00a0 \u00a0 \u00a0 \u00a0 \u00a0 \u00a0 \u00a0 \u00a0 \u00a0 \u00a0 \u00a0 \u00a0 \u00a0 \u00a0 \u00a0 \u00a0 \u00a0 \u00a0 \u00a0 \u00a0 \u00a0 \u00a0 \u00a0 \u00a0 \u00a0 \u00a0 \u00a0 \u00a0 \u00a0 \u00a0 \u00a0 \u00a0 \u00a0 \u00a0 \u00a0 \u00a0 \u00a0 \u00a0 \u00a0 \u00a0 \u00a0 \u00a0 \u00a0 \u00a0 \u00a0 \u00a0 \u00a0 \u00a0 \u00a0 \u00a0 \u00a0 \u00a0 \u00a0 \u00a0 \u00a0 \u00a0 \u00a0 \u00a0 \u00a0 \u00a0 \u00a0 <\/strong>Dr. Melczer Zsolt PhD MSc, S\u00e1ndorn\u00e9 Men\u00e1rtovics Zsuzsanna, Prof. Dr. Kov\u00e1cs G\u00e1bor, Dr. Garamv\u00f6lgyi Zolt\u00e1n PhD, Dr. habil Nov\u00e1k Tibor PhD, Prof. Dr. Rig\u00f3 J\u00e1nos, Dr. Csire M\u00e1rta PhD, Dr. B\u00e1lint Bal\u00e1zs, Dr. T\u00f6r\u00f6k Olga, Prof. Dr. Szab\u00f3 Mikl\u00f3s PhD, Prof. Dr. T\u00f6r\u00f6k Mikl\u00f3s, Ors\u00f3s Zsolt, Dr. Nagy S\u00e1ndor PhD, Dr. Varga P\u00e9ter, Dr. Moln\u00e1r G\u00e1bor, Dr. Harmath \u00c1gnes PhD, Prof. Dr. Orvos Hajnalka PhD, Dr. Belics Zor\u00e1n PhD, Dr. \u00c1d\u00e1m Zsolt, Dr. D\u00e9k\u00e1ny \u00c1gnes, Dr. Frit\u00faz G\u00e1bor, Dr. J\u00e1nosy Eszter, Dr. Hirsch Anik\u00f3, Dr. N\u00e1dor Csaba, Dr. M\u00e1rkus Anita, \u00c9berling Katalin, Tom\u00e1n\u00e9 M\u00e9sz\u00e1ros Andrea.<\/p>\n<p>Szakdolgoz\u00f3i min\u0151s\u00edt\u00e9s nyilv\u00e1ntart\u00e1si sz\u00e1ma: SZTK-A-76488\/2021; Kredit \u00e9rt\u00e9k: 20 pont.<\/p>\n<p>Orvosok sz\u00e1m\u00e1ra: OFTEX k\u00f3dsz\u00e1m: 81255; pont \u00e9rt\u00e9k: 12<\/p>\n<p>Minden r\u00e9sztvev\u0151 pontsz\u00e1m\u00e1t lejelentett\u00fck.<\/p>\n<p><a href=\"https:\/\/tauffer.hu\/wp-content\/uploads\/2022\/01\/EMSZ_program_2022_marcius_Azur-2.pdf\">EMSZ_program_2022_marcius_Azur\u00a0<\/a><\/p>\n<p><strong>ProfEvents Kft. Feln\u0151ttk\u00e9pz\u0151 nyilv\u00e1ntart\u00e1sba v\u00e9teli sz\u00e1ma: B\/2022\/000445.\u00a0 \u00a0 <\/strong><\/p>\n<!-- meta slider -->\n<div style=\"width: 100%; margin: 0 auto;\" class=\"metaslider metaslider-flex metaslider-1244 ml-slider\">\n    <style type=\"text\/css\">\n        #metaslider_1244.flexslider .slides li {margin-right: 5px !important;}\n    <\/style>\n    <div id=\"metaslider_container_1244\">\n        <div id=\"metaslider_1244\" class=\"flexslider\">\n            <ul class=\"slides\">\n                <li style=\"display: none;\"><a href=\"https:\/\/tauffer.hu\/wp-content\/uploads\/2023\/01\/A-csapat.jpg\" target=\"_self\"><img loading=\"lazy\" decoding=\"async\" src=\"https:\/\/tauffer.hu\/wp-content\/uploads\/2023\/01\/A-csapat-320x250.jpg\" height=\"250\" width=\"320\" class=\"slider-1244 slide-1606\" \/><\/a><div class=\"caption-wrap\"><div class=\"caption\">A seg\u00edt\u0151 csapat<\/div><\/div><\/li>\n                <li style=\"display: none;\"><a href=\"https:\/\/tauffer.hu\/wp-content\/uploads\/2023\/01\/Regisztr\u00e1ci\u00f33.jpg\" target=\"_self\"><img loading=\"lazy\" decoding=\"async\" src=\"https:\/\/tauffer.hu\/wp-content\/uploads\/2023\/01\/Regisztr\u00e1ci\u00f33-320x250.jpg\" height=\"250\" width=\"320\" class=\"slider-1244 slide-1607\" \/><\/a><div class=\"caption-wrap\"><div class=\"caption\">Regisztr\u00e1ci\u00f3<\/div><\/div><\/li>\n                <li style=\"display: none;\"><a href=\"https:\/\/tauffer.hu\/wp-content\/uploads\/2023\/01\/R\u00e9sztvev\u0151k1.jpg\" target=\"_self\"><img loading=\"lazy\" decoding=\"async\" src=\"https:\/\/tauffer.hu\/wp-content\/uploads\/2023\/01\/R\u00e9sztvev\u0151k1-320x250.jpg\" height=\"250\" width=\"320\" class=\"slider-1244 slide-1608\" \/><\/a><div class=\"caption-wrap\"><div class=\"caption\">R\u00e9sztvev\u0151k<\/div><\/div><\/li>\n                <li style=\"display: none;\"><a href=\"https:\/\/tauffer.hu\/wp-content\/uploads\/2023\/01\/R\u00e9sztvev\u0151k4.jpg\" target=\"_self\"><img loading=\"lazy\" decoding=\"async\" src=\"https:\/\/tauffer.hu\/wp-content\/uploads\/2023\/01\/R\u00e9sztvev\u0151k4-320x250.jpg\" height=\"250\" width=\"320\" class=\"slider-1244 slide-1609\" \/><\/a><div class=\"caption-wrap\"><div class=\"caption\">R\u00e9sztvev\u0151k<\/div><\/div><\/li>\n                <li style=\"display: none;\"><a href=\"https:\/\/tauffer.hu\/wp-content\/uploads\/2023\/01\/Balogh1.jpg\" target=\"_self\"><img loading=\"lazy\" decoding=\"async\" src=\"https:\/\/tauffer.hu\/wp-content\/uploads\/2023\/01\/Balogh1-320x250.jpg\" height=\"250\" width=\"320\" class=\"slider-1244 slide-1610\" \/><\/a><div class=\"caption-wrap\"><div class=\"caption\">K\u00f6sz\u00f6nt\u0151<\/div><\/div><\/li>\n                <li style=\"display: none;\"><a href=\"https:\/\/tauffer.hu\/wp-content\/uploads\/2023\/01\/F\u0151k\u00e9p.jpg\" target=\"_self\"><img loading=\"lazy\" decoding=\"async\" src=\"https:\/\/tauffer.hu\/wp-content\/uploads\/2023\/01\/F\u0151k\u00e9p-320x250.jpg\" height=\"250\" width=\"320\" class=\"slider-1244 slide-1611\" \/><\/a><div class=\"caption-wrap\"><div class=\"caption\">El\u0151ad\u00e1s<\/div><\/div><\/li>\n                <li style=\"display: none;\"><a href=\"https:\/\/tauffer.hu\/wp-content\/uploads\/2023\/01\/MagO1.jpg\" target=\"_self\"><img loading=\"lazy\" decoding=\"async\" src=\"https:\/\/tauffer.hu\/wp-content\/uploads\/2023\/01\/MagO1-320x250.jpg\" height=\"250\" width=\"320\" class=\"slider-1244 slide-1612\" \/><\/a><div class=\"caption-wrap\"><div class=\"caption\">Bevezet\u0151<\/div><\/div><\/li>\n                <li style=\"display: none;\"><a href=\"https:\/\/tauffer.hu\/wp-content\/uploads\/2023\/01\/Kerekasztal1.jpg\" target=\"_self\"><img loading=\"lazy\" decoding=\"async\" src=\"https:\/\/tauffer.hu\/wp-content\/uploads\/2023\/01\/Kerekasztal1-320x250.jpg\" height=\"250\" width=\"320\" class=\"slider-1244 slide-1613\" \/><\/a><div class=\"caption-wrap\"><div class=\"caption\">\"Kerekasztal\" besz\u00e9lget\u00e9s<\/div><\/div><\/li>\n                <li style=\"display: none;\"><a href=\"https:\/\/tauffer.hu\/wp-content\/uploads\/2023\/01\/Melczer12.jpg\" target=\"_self\"><img loading=\"lazy\" decoding=\"async\" src=\"https:\/\/tauffer.hu\/wp-content\/uploads\/2023\/01\/Melczer12-320x250.jpg\" height=\"250\" width=\"320\" class=\"slider-1244 slide-1614\" \/><\/a><div class=\"caption-wrap\"><div class=\"caption\">El\u0151ad\u00e1s<\/div><\/div><\/li>\n                <li style=\"display: none;\"><a href=\"https:\/\/tauffer.hu\/wp-content\/uploads\/2023\/01\/Kov\u00e1csG11.jpg\" target=\"_self\"><img loading=\"lazy\" decoding=\"async\" src=\"https:\/\/tauffer.hu\/wp-content\/uploads\/2023\/01\/Kov\u00e1csG11-320x250.jpg\" height=\"250\" width=\"320\" class=\"slider-1244 slide-1615\" \/><\/a><div class=\"caption-wrap\"><div class=\"caption\">El\u0151ad\u00e1s<\/div><\/div><\/li>\n            <\/ul>\n        <\/div>\n        \n    <\/div>\n    <script type=\"text\/javascript\">\n        var metaslider_1244 = function($) {\n            $('#metaslider_1244').flexslider({ \n                slideshowSpeed:1500,\n                animation:'slide',\n                controlNav:true,\n                directionNav:true,\n                pauseOnHover:true,\n                direction:'horizontal',\n                reverse:false,\n                animationSpeed:1500,\n                prevText:\"<\",\n                nextText:\">\",\n                easing:\"easeInOutSine\",\n                slideshow:false,\n                itemWidth:320,\n                minItems:1,\n                itemMargin:5,\n                useCSS:false\n            });\n        };\n        var timer_metaslider_1244 = function() {\n            var slider = !window.jQuery ? window.setTimeout(timer_metaslider_1244, 100) : !jQuery.isReady ? window.setTimeout(timer_metaslider_1244, 100) : metaslider_1244(window.jQuery);\n        };\n        timer_metaslider_1244();\n    <\/script>\n<\/div>\n<!--\/\/ meta slider-->\n","protected":false},"excerpt":{"rendered":"<p>\u00a0Si\u00f3fok Hotel Az\u00far (8600 Si\u00f3fok, Erkel Ferenc u. 2\/c.);\u00a0 \u00a0 \u00a0 \u00a0 \u00a0 \u00a0 \u00a0 \u00a0 \u00a0 \u00a0 \u00a0 \u00a0 \u00a0 \u00a0 \u00a0 \u00a0 \u00a0 \u00a0 \u00a0 \u00a0 \u00a0 \u00a02022. m\u00e1rcius 31- \u00e1prilis 2. A KONFERENCIA T\u00c9R\u00cdT\u00c9SMENTESS\u00c9GE\u00a0AZ EMBERI ER\u0150FORR\u00c1SOK MINISZT\u00c9RIUMA &hellip; <a href=\"https:\/\/tauffer.hu\/?page_id=1449\">Continue reading <span class=\"meta-nav\">&rarr;<\/span><\/a><\/p>\n","protected":false},"author":1,"featured_media":0,"parent":0,"menu_order":0,"comment_status":"closed","ping_status":"closed","template":"","meta":{"footnotes":""},"class_list":["post-1449","page","type-page","status-publish","hentry"],"_links":{"self":[{"href":"https:\/\/tauffer.hu\/index.php?rest_route=\/wp\/v2\/pages\/1449","targetHints":{"allow":["GET"]}}],"collection":[{"href":"https:\/\/tauffer.hu\/index.php?rest_route=\/wp\/v2\/pages"}],"about":[{"href":"https:\/\/tauffer.hu\/index.php?rest_route=\/wp\/v2\/types\/page"}],"author":[{"embeddable":true,"href":"https:\/\/tauffer.hu\/index.php?rest_route=\/wp\/v2\/users\/1"}],"replies":[{"embeddable":true,"href":"https:\/\/tauffer.hu\/index.php?rest_route=%2Fwp%2Fv2%2Fcomments&post=1449"}],"version-history":[{"count":51,"href":"https:\/\/tauffer.hu\/index.php?rest_route=\/wp\/v2\/pages\/1449\/revisions"}],"predecessor-version":[{"id":1616,"href":"https:\/\/tauffer.hu\/index.php?rest_route=\/wp\/v2\/pages\/1449\/revisions\/1616"}],"wp:attachment":[{"href":"https:\/\/tauffer.hu\/index.php?rest_route=%2Fwp%2Fv2%2Fmedia&parent=1449"}],"curies":[{"name":"wp","href":"https:\/\/api.w.org\/{rel}","templated":true}]}}