{"id":1279,"date":"2020-03-03T13:18:11","date_gmt":"2020-03-03T13:18:11","guid":{"rendered":"https:\/\/tauffer.hu\/?page_id=1279"},"modified":"2020-03-03T13:32:10","modified_gmt":"2020-03-03T13:32:10","slug":"tauffer-19","status":"publish","type":"page","link":"https:\/\/tauffer.hu\/?page_id=1279","title":{"rendered":"Tauffer 19."},"content":{"rendered":"<p><strong>V\u00e1rand\u00f3sgondoz\u00e1s, Sz\u00fcl\u00e9s, Csecsem\u0151kor &#8211; Gyakran felmer\u00fcl\u0151 k\u00e9rd\u00e9sek \u00a0 \u00a0 \u00a0 \u00a0\u00a0 <\/strong>19. Tauffer Vilmos Tov\u00e1bbk\u00e9pz\u0151 Konferencia<\/p>\n<p><strong>Nyilv\u00e1ntart\u00e1si sz\u00e1m: SZTK-A-45963\/209; Kredit \u00e9rt\u00e9k: 20 pont<\/strong><\/p>\n<p>Id\u0151pont: 2019. december 13.; Helysz\u00edn: Duna Palota (1051 Budapest, Zr\u00ednyi u. 5.)<\/p>\n<p><strong>K\u00f6sz\u00f6nt\u0151t mondott: Prof. Dr. Horv\u00e1th Ildik\u00f3 eg\u00e9szs\u00e9g\u00fcgy\u00e9rt felel\u0151s \u00e1llamtitk\u00e1r<\/strong><\/p>\n<p><strong><span style=\"text-decoration: underline;\">Szakmai el\u0151ad\u00f3ink voltak:<\/span> Prof. Dr. R\u00e1k\u00f3czi Istv\u00e1n, Dr. Cs\u00e1k\u00e1ny M. Gy\u00f6rgy PhD, Dr. \u00c1d\u00e1m Zsolt, Dr. Kiss Eleon\u00f3ra, Dr. Karoliny Anna, Dr. Csitos \u00c1gnes, Dr. Simon L\u00e1szl\u00f3, Dr. K\u00e9kesi Andrea, Kov\u00e1cs Andrea \u00e9s Prof. Dr. habil T\u00f6r\u00f6k Mikl\u00f3s<\/strong><\/p>\n<p><strong><!-- meta slider -->\n<div style=\"width: 100%; margin: 0 auto;\" class=\"metaslider metaslider-flex metaslider-1238 ml-slider\">\n    <style type=\"text\/css\">\n        #metaslider_1238.flexslider .slides li {margin-right: 5px !important;}\n    <\/style>\n    <div id=\"metaslider_container_1238\">\n        <div id=\"metaslider_1238\" class=\"flexslider\">\n            <ul class=\"slides\">\n                <li style=\"display: none;\"><img loading=\"lazy\" decoding=\"async\" src=\"https:\/\/tauffer.hu\/wp-content\/uploads\/2019\/12\/Sz\u00ednh\u00e1zteremben1.jpg\" height=\"250\" width=\"320\" class=\"slider-1238 slide-1242\" \/><div class=\"caption-wrap\"><div class=\"caption\">Sz\u00ednh\u00e1zteremben<\/div><\/div><\/li>\n                <li style=\"display: none;\"><img loading=\"lazy\" decoding=\"async\" src=\"https:\/\/tauffer.hu\/wp-content\/uploads\/2019\/12\/Vonalk\u00f3dos-bel\u00e9ptet\u00e9s2.jpg\" height=\"250\" width=\"320\" class=\"slider-1238 slide-1246\" \/><div class=\"caption-wrap\"><div class=\"caption\">Vonalk\u00f3dos bel\u00e9ptet\u00e9s<\/div><\/div><\/li>\n                <li style=\"display: none;\"><img loading=\"lazy\" decoding=\"async\" src=\"https:\/\/tauffer.hu\/wp-content\/uploads\/2019\/12\/El\u0151ad\u00f3k3.jpg\" height=\"250\" width=\"320\" class=\"slider-1238 slide-1249\" \/><div class=\"caption-wrap\"><div class=\"caption\">El\u0151ad\u00f3k<\/div><\/div><\/li>\n                <li style=\"display: none;\"><img loading=\"lazy\" decoding=\"async\" src=\"https:\/\/tauffer.hu\/wp-content\/uploads\/2019\/12\/K\u00f6sz\u00f6nt\u01514.jpg\" height=\"250\" width=\"320\" class=\"slider-1238 slide-1250\" \/><div class=\"caption-wrap\"><div class=\"caption\">K\u00f6sz\u00f6nt\u0151<\/div><\/div><\/li>\n                <li style=\"display: none;\"><img loading=\"lazy\" decoding=\"async\" src=\"https:\/\/tauffer.hu\/wp-content\/uploads\/2019\/12\/Sz\u00fcnetben5.jpg\" height=\"250\" width=\"320\" class=\"slider-1238 slide-1251\" \/><div class=\"caption-wrap\"><div class=\"caption\">Sz\u00fcnetben<\/div><\/div><\/li>\n                <li style=\"display: none;\"><img loading=\"lazy\" decoding=\"async\" src=\"https:\/\/tauffer.hu\/wp-content\/uploads\/2019\/12\/Ki\u00e1ll\u00edt\u00f3k7.jpg\" height=\"250\" width=\"320\" class=\"slider-1238 slide-1252\" \/><div class=\"caption-wrap\"><div class=\"caption\">Ki\u00e1ll\u00edt\u00e1s<\/div><\/div><\/li>\n                <li style=\"display: none;\"><img loading=\"lazy\" decoding=\"async\" src=\"https:\/\/tauffer.hu\/wp-content\/uploads\/2019\/12\/El\u0151ad\u00e1s9.jpg\" height=\"250\" width=\"320\" class=\"slider-1238 slide-1253\" \/><div class=\"caption-wrap\"><div class=\"caption\">El\u0151ad\u00e1s<\/div><\/div><\/li>\n                <li style=\"display: none;\"><img loading=\"lazy\" decoding=\"async\" src=\"https:\/\/tauffer.hu\/wp-content\/uploads\/2019\/12\/El\u0151ad\u00e1s8.jpg\" height=\"250\" width=\"320\" class=\"slider-1238 slide-1254\" \/><div class=\"caption-wrap\"><div class=\"caption\">El\u0151ad\u00e1s<\/div><\/div><\/li>\n                <li style=\"display: none;\"><img loading=\"lazy\" decoding=\"async\" src=\"https:\/\/tauffer.hu\/wp-content\/uploads\/2019\/12\/Ki\u00e1ll\u00edt\u00f3k10.jpg\" height=\"250\" width=\"320\" class=\"slider-1238 slide-1255\" \/><div class=\"caption-wrap\"><div class=\"caption\">Ki\u00e1ll\u00edt\u00f3k<\/div><\/div><\/li>\n                <li style=\"display: none;\"><img loading=\"lazy\" decoding=\"async\" src=\"https:\/\/tauffer.hu\/wp-content\/uploads\/2019\/12\/\u00datraval\u00f3-eb\u00e9d.jpg\" height=\"250\" width=\"320\" class=\"slider-1238 slide-1256\" \/><div class=\"caption-wrap\"><div class=\"caption\">\u00datraval\u00f3 eb\u00e9d<\/div><\/div><\/li>\n            <\/ul>\n        <\/div>\n        \n    <\/div>\n    <script type=\"text\/javascript\">\n        var metaslider_1238 = function($) {\n            $('#metaslider_1238').flexslider({ \n                slideshowSpeed:1500,\n                animation:'slide',\n                controlNav:true,\n                directionNav:true,\n                pauseOnHover:true,\n                direction:'horizontal',\n                reverse:false,\n                animationSpeed:1500,\n                prevText:\"<\",\n                nextText:\">\",\n                easing:\"easeInOutSine\",\n                slideshow:false,\n                itemWidth:320,\n                minItems:1,\n                itemMargin:5,\n                useCSS:false\n            });\n        };\n        var timer_metaslider_1238 = function() {\n            var slider = !window.jQuery ? window.setTimeout(timer_metaslider_1238, 100) : !jQuery.isReady ? window.setTimeout(timer_metaslider_1238, 100) : metaslider_1238(window.jQuery);\n        };\n        timer_metaslider_1238();\n    <\/script>\n<\/div>\n<!--\/\/ meta slider--><\/strong><\/p>\n","protected":false},"excerpt":{"rendered":"<p>V\u00e1rand\u00f3sgondoz\u00e1s, Sz\u00fcl\u00e9s, Csecsem\u0151kor &#8211; Gyakran felmer\u00fcl\u0151 k\u00e9rd\u00e9sek \u00a0 \u00a0 \u00a0 \u00a0\u00a0 19. Tauffer Vilmos Tov\u00e1bbk\u00e9pz\u0151 Konferencia Nyilv\u00e1ntart\u00e1si sz\u00e1m: SZTK-A-45963\/209; Kredit \u00e9rt\u00e9k: 20 pont Id\u0151pont: 2019. december 13.; Helysz\u00edn: Duna Palota (1051 Budapest, Zr\u00ednyi u. 5.) K\u00f6sz\u00f6nt\u0151t mondott: Prof. Dr. Horv\u00e1th &hellip; <a href=\"https:\/\/tauffer.hu\/?page_id=1279\">Continue reading <span class=\"meta-nav\">&rarr;<\/span><\/a><\/p>\n","protected":false},"author":1,"featured_media":0,"parent":0,"menu_order":0,"comment_status":"closed","ping_status":"closed","template":"","meta":{"footnotes":""},"class_list":["post-1279","page","type-page","status-publish","hentry"],"_links":{"self":[{"href":"https:\/\/tauffer.hu\/index.php?rest_route=\/wp\/v2\/pages\/1279","targetHints":{"allow":["GET"]}}],"collection":[{"href":"https:\/\/tauffer.hu\/index.php?rest_route=\/wp\/v2\/pages"}],"about":[{"href":"https:\/\/tauffer.hu\/index.php?rest_route=\/wp\/v2\/types\/page"}],"author":[{"embeddable":true,"href":"https:\/\/tauffer.hu\/index.php?rest_route=\/wp\/v2\/users\/1"}],"replies":[{"embeddable":true,"href":"https:\/\/tauffer.hu\/index.php?rest_route=%2Fwp%2Fv2%2Fcomments&post=1279"}],"version-history":[{"count":8,"href":"https:\/\/tauffer.hu\/index.php?rest_route=\/wp\/v2\/pages\/1279\/revisions"}],"predecessor-version":[{"id":1290,"href":"https:\/\/tauffer.hu\/index.php?rest_route=\/wp\/v2\/pages\/1279\/revisions\/1290"}],"wp:attachment":[{"href":"https:\/\/tauffer.hu\/index.php?rest_route=%2Fwp%2Fv2%2Fmedia&parent=1279"}],"curies":[{"name":"wp","href":"https:\/\/api.w.org\/{rel}","templated":true}]}}