{"id":1206,"date":"2019-07-15T09:08:21","date_gmt":"2019-07-15T09:08:21","guid":{"rendered":"https:\/\/tauffer.hu\/?page_id=1206"},"modified":"2019-07-15T09:09:33","modified_gmt":"2019-07-15T09:09:33","slug":"tauffer-16","status":"publish","type":"page","link":"https:\/\/tauffer.hu\/?page_id=1206","title":{"rendered":"Tauffer 16"},"content":{"rendered":"<p><strong>V\u00e1rand\u00f3ss\u00e1g \u00e9s Sz\u00fcl\u00e9s 2018. &#8211; 16. Tauffer Vilmos Konferencia<\/strong><\/p>\n<p>Nyilv\u00e1ntart\u00e1si sz\u00e1m: SZTH-A-07697\/2017, <strong>Kredit \u00e9rt\u00e9k: 20 pont<\/strong><\/p>\n<p>Id\u0151pont: 2018. m\u00e1rcius 9.; Helysz\u00edn: Europa Congress Center (1021 Budapest, H\u00e1rshegyi \u00fat 5-7.)<\/p>\n<p>El\u0151ad\u00f3ink: Prof. Dr. R\u00e1k\u00f3czi Istv\u00e1n, Csetneki Julianna, Dr. Cs\u00e1k\u00e1ny M. Gy\u00f6rgy, Dr. Simon L\u00e1szl\u00f3, Prof. Dr. T\u00f6r\u00f6k Mikl\u00f3s, Prof. Dr. Arat\u00f3 Andr\u00e1s, Dr. J\u00e1nosy Eszter, Dr. Tak\u00e1cs Istv\u00e1n, Dr. Cholnoky Judit, Sevcsik M. Anna, Dr. Hajdu Krisztina, Dr. F\u00fcl\u00f6p Tam\u00e1s, Gitidiszn\u00e9 Gyetv\u00e1n Krisztina, Dr. Varga Zsolt, Kiss Erika, Dr. med habil M\u00e9sz\u00e1ros Gyula, Dr. Hevesi Krisztina, Gy\u0151rfi P\u00e1l<\/p>\n<p>Program:<span style=\"text-decoration: underline;\"><span style=\"color: #000000; text-decoration: underline;\"><a style=\"color: #000000; text-decoration: underline;\" href=\"https:\/\/tauffer.hu\/wp-content\/uploads\/2019\/07\/Tauffer16_Konferencia_Prog.doc\">Tauffer16_Konferencia_Prog<\/a>ram<\/span><\/span><\/p>\n<p>&nbsp;<\/p>\n","protected":false},"excerpt":{"rendered":"<p>V\u00e1rand\u00f3ss\u00e1g \u00e9s Sz\u00fcl\u00e9s 2018. &#8211; 16. Tauffer Vilmos Konferencia Nyilv\u00e1ntart\u00e1si sz\u00e1m: SZTH-A-07697\/2017, Kredit \u00e9rt\u00e9k: 20 pont Id\u0151pont: 2018. m\u00e1rcius 9.; Helysz\u00edn: Europa Congress Center (1021 Budapest, H\u00e1rshegyi \u00fat 5-7.) El\u0151ad\u00f3ink: Prof. Dr. R\u00e1k\u00f3czi Istv\u00e1n, Csetneki Julianna, Dr. Cs\u00e1k\u00e1ny M. Gy\u00f6rgy, &hellip; <a href=\"https:\/\/tauffer.hu\/?page_id=1206\">Continue reading <span class=\"meta-nav\">&rarr;<\/span><\/a><\/p>\n","protected":false},"author":1,"featured_media":0,"parent":0,"menu_order":0,"comment_status":"closed","ping_status":"closed","template":"","meta":{"footnotes":""},"class_list":["post-1206","page","type-page","status-publish","hentry"],"_links":{"self":[{"href":"https:\/\/tauffer.hu\/index.php?rest_route=\/wp\/v2\/pages\/1206","targetHints":{"allow":["GET"]}}],"collection":[{"href":"https:\/\/tauffer.hu\/index.php?rest_route=\/wp\/v2\/pages"}],"about":[{"href":"https:\/\/tauffer.hu\/index.php?rest_route=\/wp\/v2\/types\/page"}],"author":[{"embeddable":true,"href":"https:\/\/tauffer.hu\/index.php?rest_route=\/wp\/v2\/users\/1"}],"replies":[{"embeddable":true,"href":"https:\/\/tauffer.hu\/index.php?rest_route=%2Fwp%2Fv2%2Fcomments&post=1206"}],"version-history":[{"count":2,"href":"https:\/\/tauffer.hu\/index.php?rest_route=\/wp\/v2\/pages\/1206\/revisions"}],"predecessor-version":[{"id":1210,"href":"https:\/\/tauffer.hu\/index.php?rest_route=\/wp\/v2\/pages\/1206\/revisions\/1210"}],"wp:attachment":[{"href":"https:\/\/tauffer.hu\/index.php?rest_route=%2Fwp%2Fv2%2Fmedia&parent=1206"}],"curies":[{"name":"wp","href":"https:\/\/api.w.org\/{rel}","templated":true}]}}