{"id":1158,"date":"2019-07-05T11:14:57","date_gmt":"2019-07-05T11:14:57","guid":{"rendered":"https:\/\/tauffer.hu\/?page_id=1158"},"modified":"2023-01-10T11:50:11","modified_gmt":"2023-01-10T11:50:11","slug":"tauffer-18","status":"publish","type":"page","link":"https:\/\/tauffer.hu\/?page_id=1158","title":{"rendered":"Tauffer 18."},"content":{"rendered":"<h2 class=\"entry-title\">V\u00e1rand\u00f3ss\u00e1g \u00e9s Sz\u00fcl\u00e9s 2019. \u2013 Az \u00c9let Els\u0151 Napjai<\/h2>\n<p>18. Tauffer Mikl\u00f3s Tov\u00e1bbk\u00e9pz\u0151 Konferencia<\/p>\n<p><strong>Nyilv\u00e1ntart\u00e1si sz\u00e1m: SZTK-A-74641\/2018. Kreditpont \u00e9rt\u00e9k: 18 pont.<\/strong><\/p>\n<div class=\"entry-content\">\n<p>Id\u0151pont: 2019. m\u00e1rcius 8.; Helysz\u00edn: Europa Congress Center (1021 Budapest, H\u00e1rshegyi \u00fat 5-7.)<\/p>\n<p><strong><span style=\"text-decoration: underline;\">Szakmai el\u0151ad\u00f3ink voltak<\/span><\/strong>: Prof. Dr. R\u00e1k\u00f3czi Istv\u00e1n,\u00a0Dr. Cs\u00e1k\u00e1ny M. Gy\u00f6rgy PhD,\u00a0 Prof. Dr. T\u00f6r\u00f6k Mikl\u00f3s med. habil, Dr. Sarlai Katalin, Luk\u00e1cs Judit \u00c1gnes, Erd\u00e9lyi-Sipos Al\u00edz, Andrek Andrea<\/p>\n<p><span style=\"text-decoration: underline;\"><strong>Vend\u00e9g el\u0151ad\u00f3nk volt:<\/strong><\/span> Dr. Hevesi Krisztina<\/p>\n<p>Konferencia program: <a href=\"https:\/\/tauffer.hu\/wp-content\/uploads\/2017\/06\/Tauffer_18_Konferencia_Program_201903084.doc\">Tauffer_18_Konferencia_Program_20190308<\/a><\/p>\n<!-- meta slider -->\n<div style=\"width: 100%; margin: 0 auto;\" class=\"metaslider metaslider-flex metaslider-1125 ml-slider\">\n    <style type=\"text\/css\">\n        #metaslider_1125.flexslider .slides li {margin-right: 5px !important;}\n    <\/style>\n    <div id=\"metaslider_container_1125\">\n        <div id=\"metaslider_1125\" class=\"flexslider\">\n            <ul class=\"slides\">\n                <li style=\"display: none;\"><img loading=\"lazy\" decoding=\"async\" src=\"https:\/\/tauffer.hu\/wp-content\/uploads\/2019\/03\/Aul\u00e1ban-320x250.jpg\" height=\"250\" width=\"320\" class=\"slider-1125 slide-1126\" \/><div class=\"caption-wrap\"><div class=\"caption\">Aul\u00e1ban<\/div><\/div><\/li>\n                <li style=\"display: none;\"><img loading=\"lazy\" decoding=\"async\" src=\"https:\/\/tauffer.hu\/wp-content\/uploads\/2019\/03\/Aul\u00e1ban-2-320x250.jpg\" height=\"250\" width=\"320\" class=\"slider-1125 slide-1127\" \/><div class=\"caption-wrap\"><div class=\"caption\">Aul\u00e1ban<\/div><\/div><\/li>\n                <li style=\"display: none;\"><img loading=\"lazy\" decoding=\"async\" src=\"https:\/\/tauffer.hu\/wp-content\/uploads\/2019\/03\/Regisztr\u00e1ci\u00f3-320x250.jpg\" height=\"250\" width=\"320\" class=\"slider-1125 slide-1128\" \/><div class=\"caption-wrap\"><div class=\"caption\">Regisztr\u00e1ci\u00f3<\/div><\/div><\/li>\n                <li style=\"display: none;\"><img loading=\"lazy\" decoding=\"async\" src=\"https:\/\/tauffer.hu\/wp-content\/uploads\/2019\/03\/N\u0151napi-szegf\u0171-320x250.jpg\" height=\"250\" width=\"320\" class=\"slider-1125 slide-1129\" \/><div class=\"caption-wrap\"><div class=\"caption\">N\u0151napi szegf\u0171<\/div><\/div><\/li>\n                <li style=\"display: none;\"><img loading=\"lazy\" decoding=\"async\" src=\"https:\/\/tauffer.hu\/wp-content\/uploads\/2019\/03\/K\u00f6sz\u00f6nt\u0151-320x250.jpg\" height=\"250\" width=\"320\" class=\"slider-1125 slide-1130\" \/><div class=\"caption-wrap\"><div class=\"caption\">K\u00f6sz\u00f6nt\u0151<\/div><\/div><\/li>\n                <li style=\"display: none;\"><a href=\"Latin t\u00e1nc\" target=\"_self\"><img loading=\"lazy\" decoding=\"async\" src=\"https:\/\/tauffer.hu\/wp-content\/uploads\/2019\/03\/T\u00e1nc-4-320x250.jpg\" height=\"250\" width=\"320\" class=\"slider-1125 slide-1151\" \/><\/a><\/li>\n                <li style=\"display: none;\"><img loading=\"lazy\" decoding=\"async\" src=\"https:\/\/tauffer.hu\/wp-content\/uploads\/2019\/03\/El\u0151ad\u00e1s-2-320x250.jpg\" height=\"250\" width=\"320\" class=\"slider-1125 slide-1132\" \/><div class=\"caption-wrap\"><div class=\"caption\">El\u0151ad\u00e1s<\/div><\/div><\/li>\n                <li style=\"display: none;\"><img loading=\"lazy\" decoding=\"async\" src=\"https:\/\/tauffer.hu\/wp-content\/uploads\/2019\/03\/El\u0151ad\u00e1s-320x250.jpg\" height=\"250\" width=\"320\" class=\"slider-1125 slide-1133\" \/><div class=\"caption-wrap\"><div class=\"caption\">El\u0151ad\u00e1s<\/div><\/div><\/li>\n                <li style=\"display: none;\"><img loading=\"lazy\" decoding=\"async\" src=\"https:\/\/tauffer.hu\/wp-content\/uploads\/2019\/03\/El\u0151ad\u00e1s-4-320x250.jpg\" height=\"250\" width=\"320\" class=\"slider-1125 slide-1137\" \/><div class=\"caption-wrap\"><div class=\"caption\">El\u0151ad\u00e1s<\/div><\/div><\/li>\n                <li style=\"display: none;\"><img loading=\"lazy\" decoding=\"async\" src=\"https:\/\/tauffer.hu\/wp-content\/uploads\/2019\/03\/El\u0151ad\u00e1s-5-320x250.jpg\" height=\"250\" width=\"320\" class=\"slider-1125 slide-1138\" \/><div class=\"caption-wrap\"><div class=\"caption\">El\u0151ad\u00e1s<\/div><\/div><\/li>\n                <li style=\"display: none;\"><img loading=\"lazy\" decoding=\"async\" src=\"https:\/\/tauffer.hu\/wp-content\/uploads\/2019\/03\/El\u0151ad\u00e1s-6-320x250.jpg\" height=\"250\" width=\"320\" class=\"slider-1125 slide-1139\" \/><div class=\"caption-wrap\"><div class=\"caption\">El\u0151ad\u00e1s<\/div><\/div><\/li>\n                <li style=\"display: none;\"><img loading=\"lazy\" decoding=\"async\" src=\"https:\/\/tauffer.hu\/wp-content\/uploads\/2019\/03\/El\u0151ad\u00e1s7-320x250.jpg\" height=\"250\" width=\"320\" class=\"slider-1125 slide-1140\" \/><div class=\"caption-wrap\"><div class=\"caption\">El\u0151ad\u00e1s<\/div><\/div><\/li>\n                <li style=\"display: none;\"><img loading=\"lazy\" decoding=\"async\" src=\"https:\/\/tauffer.hu\/wp-content\/uploads\/2019\/03\/El\u0151ad\u00e1s-8-320x250.jpg\" height=\"250\" width=\"320\" class=\"slider-1125 slide-1141\" \/><div class=\"caption-wrap\"><div class=\"caption\">El\u0151ad\u00e1s<\/div><\/div><\/li>\n                <li style=\"display: none;\"><img loading=\"lazy\" decoding=\"async\" src=\"https:\/\/tauffer.hu\/wp-content\/uploads\/2019\/03\/El\u0151ad\u00e1s-9-320x250.jpg\" height=\"250\" width=\"320\" class=\"slider-1125 slide-1142\" \/><div class=\"caption-wrap\"><div class=\"caption\">El\u0151ad\u00e1s<\/div><\/div><\/li>\n                <li style=\"display: none;\"><img loading=\"lazy\" decoding=\"async\" src=\"https:\/\/tauffer.hu\/wp-content\/uploads\/2019\/03\/El\u0151ad\u00e1s-10-320x250.jpg\" height=\"250\" width=\"320\" class=\"slider-1125 slide-1143\" \/><div class=\"caption-wrap\"><div class=\"caption\">El\u0151ad\u00e1s<\/div><\/div><\/li>\n                <li style=\"display: none;\"><img loading=\"lazy\" decoding=\"async\" src=\"https:\/\/tauffer.hu\/wp-content\/uploads\/2019\/03\/El\u0151ad\u00e1s-11-320x250.jpg\" height=\"250\" width=\"320\" class=\"slider-1125 slide-1144\" \/><div class=\"caption-wrap\"><div class=\"caption\">El\u0151ad\u00e1s<\/div><\/div><\/li>\n                <li style=\"display: none;\"><img loading=\"lazy\" decoding=\"async\" src=\"https:\/\/tauffer.hu\/wp-content\/uploads\/2019\/03\/El\u0151ad\u00e1s-12-320x250.jpg\" height=\"250\" width=\"320\" class=\"slider-1125 slide-1145\" \/><div class=\"caption-wrap\"><div class=\"caption\">El\u0151ad\u00e1s<\/div><\/div><\/li>\n                <li style=\"display: none;\"><img loading=\"lazy\" decoding=\"async\" src=\"https:\/\/tauffer.hu\/wp-content\/uploads\/2019\/03\/El\u0151ad\u00e1s-31-320x250.jpg\" height=\"250\" width=\"320\" class=\"slider-1125 slide-1146\" \/><div class=\"caption-wrap\"><div class=\"caption\">El\u0151ad\u00e1s<\/div><\/div><\/li>\n                <li style=\"display: none;\"><img loading=\"lazy\" decoding=\"async\" src=\"https:\/\/tauffer.hu\/wp-content\/uploads\/2019\/03\/T\u00e1nc-320x250.jpg\" height=\"250\" width=\"320\" class=\"slider-1125 slide-1149\" \/><div class=\"caption-wrap\"><div class=\"caption\">Latin t\u00e1nc<\/div><\/div><\/li>\n                <li style=\"display: none;\"><img loading=\"lazy\" decoding=\"async\" src=\"https:\/\/tauffer.hu\/wp-content\/uploads\/2019\/03\/T\u00e1nc-3-320x250.jpg\" height=\"250\" width=\"320\" class=\"slider-1125 slide-1150\" \/><div class=\"caption-wrap\"><div class=\"caption\">Latin t\u00e1nc<\/div><\/div><\/li>\n                <li style=\"display: none;\"><img loading=\"lazy\" decoding=\"async\" src=\"https:\/\/tauffer.hu\/wp-content\/uploads\/2019\/03\/Latin-t\u00e1ncbemutat\u00f31-320x250.jpg\" height=\"250\" width=\"320\" class=\"slider-1125 slide-1147\" \/><div class=\"caption-wrap\"><div class=\"caption\">Latin t\u00e1nc<\/div><\/div><\/li>\n                <li style=\"display: none;\"><img loading=\"lazy\" decoding=\"async\" src=\"https:\/\/tauffer.hu\/wp-content\/uploads\/2019\/03\/Tombola1-320x250.jpg\" height=\"250\" width=\"320\" class=\"slider-1125 slide-1148\" \/><div class=\"caption-wrap\"><div class=\"caption\">Tombola<\/div><\/div><\/li>\n            <\/ul>\n        <\/div>\n        \n    <\/div>\n    <script type=\"text\/javascript\">\n        var metaslider_1125 = function($) {\n            $('#metaslider_1125').flexslider({ \n                slideshowSpeed:1500,\n                animation:'slide',\n                controlNav:true,\n                directionNav:true,\n                pauseOnHover:true,\n                direction:'horizontal',\n                reverse:false,\n                animationSpeed:1500,\n                prevText:\"<\",\n                nextText:\">\",\n                easing:\"easeInOutSine\",\n                slideshow:false,\n                itemWidth:320,\n                minItems:1,\n                itemMargin:5,\n                useCSS:false\n            });\n        };\n        var timer_metaslider_1125 = function() {\n            var slider = !window.jQuery ? window.setTimeout(timer_metaslider_1125, 100) : !jQuery.isReady ? window.setTimeout(timer_metaslider_1125, 100) : metaslider_1125(window.jQuery);\n        };\n        timer_metaslider_1125();\n    <\/script>\n<\/div>\n<!--\/\/ meta slider-->\n<p>&nbsp;<\/p>\n<\/div>\n","protected":false},"excerpt":{"rendered":"<p>V\u00e1rand\u00f3ss\u00e1g \u00e9s Sz\u00fcl\u00e9s 2019. \u2013 Az \u00c9let Els\u0151 Napjai 18. Tauffer Mikl\u00f3s Tov\u00e1bbk\u00e9pz\u0151 Konferencia Nyilv\u00e1ntart\u00e1si sz\u00e1m: SZTK-A-74641\/2018. Kreditpont \u00e9rt\u00e9k: 18 pont. Id\u0151pont: 2019. m\u00e1rcius 8.; Helysz\u00edn: Europa Congress Center (1021 Budapest, H\u00e1rshegyi \u00fat 5-7.) Szakmai el\u0151ad\u00f3ink voltak: Prof. Dr. R\u00e1k\u00f3czi &hellip; <a href=\"https:\/\/tauffer.hu\/?page_id=1158\">Continue reading <span class=\"meta-nav\">&rarr;<\/span><\/a><\/p>\n","protected":false},"author":1,"featured_media":0,"parent":0,"menu_order":0,"comment_status":"closed","ping_status":"closed","template":"","meta":{"footnotes":""},"class_list":["post-1158","page","type-page","status-publish","hentry"],"_links":{"self":[{"href":"https:\/\/tauffer.hu\/index.php?rest_route=\/wp\/v2\/pages\/1158","targetHints":{"allow":["GET"]}}],"collection":[{"href":"https:\/\/tauffer.hu\/index.php?rest_route=\/wp\/v2\/pages"}],"about":[{"href":"https:\/\/tauffer.hu\/index.php?rest_route=\/wp\/v2\/types\/page"}],"author":[{"embeddable":true,"href":"https:\/\/tauffer.hu\/index.php?rest_route=\/wp\/v2\/users\/1"}],"replies":[{"embeddable":true,"href":"https:\/\/tauffer.hu\/index.php?rest_route=%2Fwp%2Fv2%2Fcomments&post=1158"}],"version-history":[{"count":8,"href":"https:\/\/tauffer.hu\/index.php?rest_route=\/wp\/v2\/pages\/1158\/revisions"}],"predecessor-version":[{"id":1568,"href":"https:\/\/tauffer.hu\/index.php?rest_route=\/wp\/v2\/pages\/1158\/revisions\/1568"}],"wp:attachment":[{"href":"https:\/\/tauffer.hu\/index.php?rest_route=%2Fwp%2Fv2%2Fmedia&parent=1158"}],"curies":[{"name":"wp","href":"https:\/\/api.w.org\/{rel}","templated":true}]}}