{"id":1046,"date":"2018-12-21T08:32:35","date_gmt":"2018-12-21T08:32:35","guid":{"rendered":"https:\/\/tauffer.hu\/?page_id=1046"},"modified":"2019-01-08T14:28:16","modified_gmt":"2019-01-08T14:28:16","slug":"tauffer-17","status":"publish","type":"page","link":"https:\/\/tauffer.hu\/?page_id=1046","title":{"rendered":"Tauffer 17"},"content":{"rendered":"<h2 class=\"entry-title\">Csal\u00e1dbar\u00e1t Sz\u00fcl\u00e9szet \u00e9s Komplex V\u00e1rand\u00f3sgondoz\u00e1s 2018.<\/h2>\n<div class=\"entry-content\">\n<p><strong>Id\u0151pont: 2018.\u00a0december 14. Helysz\u00edn: J\u00f3zsef Attila M\u0171vel\u0151d\u00e9si K\u00f6zpont\u00a0 (1131 Budapest, J\u00f3zsef Attila t\u00e9r 4.)\u00a0<strong><strong> Nyilv\u00e1ntart\u00e1si sz\u00e1m: SZTK-A-51819\/2018 Kredit \u00e9rt\u00e9k: 18 pont.<\/strong><\/strong><\/strong><\/p>\n<p><strong>K\u00f6sz\u00f6nt\u0151: B\u00f3dis J\u00f3zsef Oktat\u00e1s\u00e9rt felel\u0151s \u00e1llamtitk\u00e1r<\/strong><\/p>\n<p><strong>Szakmai el\u0151ad\u00f3ink: Prof. Dr. R\u00e1k\u00f3czi Istv\u00e1n, Csetneki Julianna, Dr. B\u00e1lint S\u00e1ndor,\u00a0Dr. B\u00e1lint Bal\u00e1zs, Prof. Dr. T\u00f6r\u00f6k Mikl\u00f3s med. habil, Dr. Hajdu Krisztina, Dr. F\u00fcl\u00f6p Vilmos, Dr.\u00a0\u00c1d\u00e1m \u00c1gnes,\u00a0Feller Adrienne<\/strong><\/p>\n<\/div>\n<!-- meta slider -->\n<div style=\"width: 100%; margin: 0 auto;\" class=\"metaslider metaslider-flex metaslider-1062 ml-slider\">\n    <style type=\"text\/css\">\n        #metaslider_1062.flexslider .slides li {margin-right: 5px !important;}\n    <\/style>\n    <div id=\"metaslider_container_1062\">\n        <div id=\"metaslider_1062\" class=\"flexslider\">\n            <ul class=\"slides\">\n                <li style=\"display: none;\"><img loading=\"lazy\" decoding=\"async\" src=\"https:\/\/tauffer.hu\/wp-content\/uploads\/2018\/12\/J\u00f3zsef-Attila-320x250.jpg\" height=\"250\" width=\"320\" class=\"slider-1062 slide-1063\" \/><div class=\"caption-wrap\"><div class=\"caption\">J\u00f3zsef Attila a t\u00e9li t\u00e9ren<\/div><\/div><\/li>\n                <li style=\"display: none;\"><img loading=\"lazy\" decoding=\"async\" src=\"https:\/\/tauffer.hu\/wp-content\/uploads\/2018\/12\/AJAMK-320x250.jpg\" height=\"250\" width=\"320\" class=\"slider-1062 slide-1064\" \/><div class=\"caption-wrap\"><div class=\"caption\">J\u00f3zsef Attila M\u0171vel\u0151d\u00e9si K\u00f6zpont<\/div><\/div><\/li>\n                <li style=\"display: none;\"><img loading=\"lazy\" decoding=\"async\" src=\"https:\/\/tauffer.hu\/wp-content\/uploads\/2018\/12\/Aul\u00e1ban-320x250.jpg\" height=\"250\" width=\"320\" class=\"slider-1062 slide-1065\" \/><div class=\"caption-wrap\"><div class=\"caption\">Aul\u00e1ban<\/div><\/div><\/li>\n                <li style=\"display: none;\"><img loading=\"lazy\" decoding=\"async\" src=\"https:\/\/tauffer.hu\/wp-content\/uploads\/2018\/12\/K\u00f6sz\u00f6nt\u0151-320x250.jpg\" height=\"250\" width=\"320\" class=\"slider-1062 slide-1066\" \/><div class=\"caption-wrap\"><div class=\"caption\">K\u00f6sz\u00f6nt\u0151<\/div><\/div><\/li>\n                <li style=\"display: none;\"><img loading=\"lazy\" decoding=\"async\" src=\"https:\/\/tauffer.hu\/wp-content\/uploads\/2018\/12\/El\u0151ad\u00e1s-320x250.jpg\" height=\"250\" width=\"320\" class=\"slider-1062 slide-1067\" \/><div class=\"caption-wrap\"><div class=\"caption\">El\u0151ad\u00e1s<\/div><\/div><\/li>\n                <li style=\"display: none;\"><img loading=\"lazy\" decoding=\"async\" src=\"https:\/\/tauffer.hu\/wp-content\/uploads\/2018\/12\/El\u0151ad\u00e1s2-320x250.jpg\" height=\"250\" width=\"320\" class=\"slider-1062 slide-1068\" \/><div class=\"caption-wrap\"><div class=\"caption\">El\u0151ad\u00e1s<\/div><\/div><\/li>\n                <li style=\"display: none;\"><img loading=\"lazy\" decoding=\"async\" src=\"https:\/\/tauffer.hu\/wp-content\/uploads\/2018\/12\/El\u0151ad\u00e1s3-320x250.jpg\" height=\"250\" width=\"320\" class=\"slider-1062 slide-1069\" \/><div class=\"caption-wrap\"><div class=\"caption\">El\u0151ad\u00e1s<\/div><\/div><\/li>\n                <li style=\"display: none;\"><img loading=\"lazy\" decoding=\"async\" src=\"https:\/\/tauffer.hu\/wp-content\/uploads\/2018\/12\/Sz\u00fcnetben-320x250.jpg\" height=\"250\" width=\"320\" class=\"slider-1062 slide-1070\" \/><div class=\"caption-wrap\"><div class=\"caption\">Sz\u00fcnetben<\/div><\/div><\/li>\n                <li style=\"display: none;\"><img loading=\"lazy\" decoding=\"async\" src=\"https:\/\/tauffer.hu\/wp-content\/uploads\/2018\/12\/Balett-Akad\u00e9mia-Budapest-320x250.jpg\" height=\"250\" width=\"320\" class=\"slider-1062 slide-1071\" \/><div class=\"caption-wrap\"><div class=\"caption\">Balett Akad\u00e9mia Budapest<\/div><\/div><\/li>\n                <li style=\"display: none;\"><img loading=\"lazy\" decoding=\"async\" src=\"https:\/\/tauffer.hu\/wp-content\/uploads\/2018\/12\/El\u0151ad\u00f3teremben-320x250.jpg\" height=\"250\" width=\"320\" class=\"slider-1062 slide-1073\" \/><div class=\"caption-wrap\"><div class=\"caption\">El\u0151ad\u00f3teremben<\/div><\/div><\/li>\n            <\/ul>\n        <\/div>\n        \n    <\/div>\n    <script type=\"text\/javascript\">\n        var metaslider_1062 = function($) {\n            $('#metaslider_1062').flexslider({ \n                slideshowSpeed:1500,\n                animation:'slide',\n                controlNav:true,\n                directionNav:true,\n                pauseOnHover:true,\n                direction:'horizontal',\n                reverse:false,\n                animationSpeed:1500,\n                prevText:\"<\",\n                nextText:\">\",\n                easing:\"easeInOutSine\",\n                slideshow:false,\n                itemWidth:320,\n                minItems:1,\n                itemMargin:5,\n                useCSS:false\n            });\n        };\n        var timer_metaslider_1062 = function() {\n            var slider = !window.jQuery ? window.setTimeout(timer_metaslider_1062, 100) : !jQuery.isReady ? window.setTimeout(timer_metaslider_1062, 100) : metaslider_1062(window.jQuery);\n        };\n        timer_metaslider_1062();\n    <\/script>\n<\/div>\n<!--\/\/ meta slider-->\n<p>&nbsp;<\/p>\n<p>&nbsp;<\/p>\n<p>&nbsp;<\/p>\n","protected":false},"excerpt":{"rendered":"<p>Csal\u00e1dbar\u00e1t Sz\u00fcl\u00e9szet \u00e9s Komplex V\u00e1rand\u00f3sgondoz\u00e1s 2018. Id\u0151pont: 2018.\u00a0december 14. Helysz\u00edn: J\u00f3zsef Attila M\u0171vel\u0151d\u00e9si K\u00f6zpont\u00a0 (1131 Budapest, J\u00f3zsef Attila t\u00e9r 4.)\u00a0 Nyilv\u00e1ntart\u00e1si sz\u00e1m: SZTK-A-51819\/2018 Kredit \u00e9rt\u00e9k: 18 pont. K\u00f6sz\u00f6nt\u0151: B\u00f3dis J\u00f3zsef Oktat\u00e1s\u00e9rt felel\u0151s \u00e1llamtitk\u00e1r Szakmai el\u0151ad\u00f3ink: Prof. Dr. R\u00e1k\u00f3czi Istv\u00e1n, Csetneki &hellip; <a href=\"https:\/\/tauffer.hu\/?page_id=1046\">Continue reading <span class=\"meta-nav\">&rarr;<\/span><\/a><\/p>\n","protected":false},"author":1,"featured_media":0,"parent":0,"menu_order":0,"comment_status":"closed","ping_status":"closed","template":"","meta":{"footnotes":""},"class_list":["post-1046","page","type-page","status-publish","hentry"],"_links":{"self":[{"href":"https:\/\/tauffer.hu\/index.php?rest_route=\/wp\/v2\/pages\/1046","targetHints":{"allow":["GET"]}}],"collection":[{"href":"https:\/\/tauffer.hu\/index.php?rest_route=\/wp\/v2\/pages"}],"about":[{"href":"https:\/\/tauffer.hu\/index.php?rest_route=\/wp\/v2\/types\/page"}],"author":[{"embeddable":true,"href":"https:\/\/tauffer.hu\/index.php?rest_route=\/wp\/v2\/users\/1"}],"replies":[{"embeddable":true,"href":"https:\/\/tauffer.hu\/index.php?rest_route=%2Fwp%2Fv2%2Fcomments&post=1046"}],"version-history":[{"count":8,"href":"https:\/\/tauffer.hu\/index.php?rest_route=\/wp\/v2\/pages\/1046\/revisions"}],"predecessor-version":[{"id":1077,"href":"https:\/\/tauffer.hu\/index.php?rest_route=\/wp\/v2\/pages\/1046\/revisions\/1077"}],"wp:attachment":[{"href":"https:\/\/tauffer.hu\/index.php?rest_route=%2Fwp%2Fv2%2Fmedia&parent=1046"}],"curies":[{"name":"wp","href":"https:\/\/api.w.org\/{rel}","templated":true}]}}