{"id":10,"date":"2014-04-02T12:47:27","date_gmt":"2014-04-02T12:47:27","guid":{"rendered":"http:\/\/tauffer.hu\/?page_id=10"},"modified":"2014-04-09T10:32:20","modified_gmt":"2014-04-09T10:32:20","slug":"vedonoknekszulesznoknek","status":"publish","type":"page","link":"https:\/\/tauffer.hu\/?page_id=10","title":{"rendered":"R\u00f3lunk\/tanfolyamainkr\u00f3l"},"content":{"rendered":"<h4><a title=\"Tauffer Vilmos munk\u00e1ss\u00e1ga\" href=\"http:\/\/tauffer.hu\/?page_id=87\" target=\"_blank\"><span style=\"color: #005c00;\"><strong>Tauffer Vilmos munk\u00e1ss\u00e1ga<\/strong><\/span><\/a><\/h4>\n<h4><a title=\"Mi\u00e9rt \u00e9s hogyan j\u00f6tt l\u00e9tre a Tauffer tanfolyamsorozat ?\" href=\"http:\/\/tauffer.hu\/?page_id=51\" target=\"_blank\"><span style=\"color: #005c00;\"><strong>Mi\u00e9rt \u00e9s hogyan j\u00f6tt l\u00e9tre a Tauffer tanfolyamsorozat?\u00a0<\/strong><\/span><\/a><\/h4>\n<h4><a title=\"Kinek sz\u00f3lnak a Tauffer tanfolyamok ?\" href=\"http:\/\/tauffer.hu\/?page_id=54\" target=\"_blank\"><span style=\"color: #005c00;\"><strong>Kinek sz\u00f3lnak a Tauffer tanfolyamok?<\/strong><\/span><\/a><\/h4>\n<h4><a title=\"Kreditpont szerz\u00e9s\" href=\"http:\/\/tauffer.hu\/?page_id=57\" target=\"_blank\"><span style=\"color: #005c00;\"><strong>Kreditpont szerz\u00e9s<\/strong><\/span><\/a><\/h4>\n<h4><a title=\"Tauffer kedvezm\u00e9nypontok\" href=\"http:\/\/tauffer.hu\/?page_id=60\" target=\"_blank\"><span style=\"color: #005c00;\"><strong>Tauffer kedvezm\u00e9nypontok<\/strong><\/span><\/a><\/h4>\n<h4><a title=\"L\u00e1togat\u00f3i r\u00e9szv\u00e9tel\" href=\"http:\/\/tauffer.hu\/?page_id=63\" target=\"_blank\"><span style=\"color: #005c00;\"><strong>L\u00e1togat\u00f3i r\u00e9szv\u00e9tel<\/strong><\/span><\/a><\/h4>\n<h4><a title=\"Egy\u00fcttm\u0171k\u00f6d\u0151 szakmai h\u00e1tt\u00e9r\" href=\"http:\/\/tauffer.hu\/?page_id=69\" target=\"_blank\"><span style=\"color: #005c00;\"><strong>Egy\u00fcttm\u0171k\u00f6d\u0151 szakmai h\u00e1tt\u00e9r<\/strong><\/span><\/a><\/h4>\n<h4><a title=\"Rendezv\u00e9ny helysz\u00ednek\" href=\"http:\/\/tauffer.hu\/?page_id=66\" target=\"_blank\"><span style=\"color: #005c00;\"><strong>Rendezv\u00e9ny helysz\u00ednek<\/strong><\/span><\/a><\/h4>\n","protected":false},"excerpt":{"rendered":"<p>Tauffer Vilmos munk\u00e1ss\u00e1ga Mi\u00e9rt \u00e9s hogyan j\u00f6tt l\u00e9tre a Tauffer tanfolyamsorozat?\u00a0 Kinek sz\u00f3lnak a Tauffer tanfolyamok? Kreditpont szerz\u00e9s Tauffer kedvezm\u00e9nypontok L\u00e1togat\u00f3i r\u00e9szv\u00e9tel Egy\u00fcttm\u0171k\u00f6d\u0151 szakmai h\u00e1tt\u00e9r Rendezv\u00e9ny helysz\u00ednek<\/p>\n","protected":false},"author":1,"featured_media":0,"parent":0,"menu_order":0,"comment_status":"open","ping_status":"open","template":"","meta":{"footnotes":""},"class_list":["post-10","page","type-page","status-publish","hentry"],"_links":{"self":[{"href":"https:\/\/tauffer.hu\/index.php?rest_route=\/wp\/v2\/pages\/10","targetHints":{"allow":["GET"]}}],"collection":[{"href":"https:\/\/tauffer.hu\/index.php?rest_route=\/wp\/v2\/pages"}],"about":[{"href":"https:\/\/tauffer.hu\/index.php?rest_route=\/wp\/v2\/types\/page"}],"author":[{"embeddable":true,"href":"https:\/\/tauffer.hu\/index.php?rest_route=\/wp\/v2\/users\/1"}],"replies":[{"embeddable":true,"href":"https:\/\/tauffer.hu\/index.php?rest_route=%2Fwp%2Fv2%2Fcomments&post=10"}],"version-history":[{"count":11,"href":"https:\/\/tauffer.hu\/index.php?rest_route=\/wp\/v2\/pages\/10\/revisions"}],"predecessor-version":[{"id":145,"href":"https:\/\/tauffer.hu\/index.php?rest_route=\/wp\/v2\/pages\/10\/revisions\/145"}],"wp:attachment":[{"href":"https:\/\/tauffer.hu\/index.php?rest_route=%2Fwp%2Fv2%2Fmedia&parent=10"}],"curies":[{"name":"wp","href":"https:\/\/api.w.org\/{rel}","templated":true}]}}